{"id":8982,"date":"2025-04-14T16:38:13","date_gmt":"2025-04-14T14:38:13","guid":{"rendered":"https:\/\/www.uc-areatest.it\/hebergement\/"},"modified":"2026-02-17T15:48:35","modified_gmt":"2026-02-17T14:48:35","slug":"hebergement","status":"publish","type":"page","link":"https:\/\/www.concadoro.it\/fr\/hebergement\/","title":{"rendered":"H\u00e9bergement"},"content":{"rendered":"\t\t<div data-elementor-type=\"wp-page\" data-elementor-id=\"8982\" class=\"elementor elementor-8982 elementor-7485\">\n\t\t\t\t<div class=\"elementor-element elementor-element-3bd88b7 e-flex e-con-boxed e-con e-parent\" data-id=\"3bd88b7\" data-element_type=\"container\" data-settings=\"{&quot;background_background&quot;:&quot;classic&quot;}\">\n\t\t\t\t\t<div class=\"e-con-inner\">\n\t\t\t\t<div class=\"elementor-element elementor-element-249954c animated-fast elementor-invisible elementor-widget elementor-widget-heading\" data-id=\"249954c\" data-element_type=\"widget\" data-settings=\"{&quot;_animation&quot;:&quot;opal-move-up&quot;}\" data-widget_type=\"heading.default\">\n\t\t\t\t<div class=\"elementor-widget-container\">\n\t\t\t\t\t<h1 class=\"elementor-heading-title elementor-size-default\">H\u00e9bergement<\/h1>\t\t\t\t<\/div>\n\t\t\t\t<\/div>\n\t\t\t\t\t<\/div>\n\t\t\t\t<\/div>\n\t\t                <div class=\"custom-elementor-parallax\" data-id=\"3bd88b7\" data-settings=\"{&quot;type&quot;:&quot;scroll&quot;,&quot;speed&quot;:&quot;1.2&quot;,&quot;keepImg&quot;:&quot;true&quot;,&quot;imgSize&quot;:&quot;cover&quot;,&quot;imgPosition&quot;:&quot;50% 0%&quot;,&quot;noAndroid&quot;:&quot;false&quot;,&quot;noIos&quot;:&quot;false&quot;}\"><\/div>\n            <div class=\"elementor-element elementor-element-c84d89b e-flex e-con-boxed e-con e-parent\" data-id=\"c84d89b\" data-element_type=\"container\" data-settings=\"{&quot;background_background&quot;:&quot;classic&quot;}\">\n\t\t\t\t\t<div class=\"e-con-inner\">\n\t\t\t\t<div class=\"elementor-element elementor-element-51be2d3 elementor-widget elementor-widget-heading\" data-id=\"51be2d3\" data-element_type=\"widget\" data-widget_type=\"heading.default\">\n\t\t\t\t<div class=\"elementor-widget-container\">\n\t\t\t\t\t<h1 class=\"elementor-heading-title elementor-size-default\">Le camping que vous n'attendez pas<\/h1>\t\t\t\t<\/div>\n\t\t\t\t<\/div>\n\t\t\t\t<div class=\"elementor-element elementor-element-59c2878 elementor-widget elementor-widget-heading\" data-id=\"59c2878\" data-element_type=\"widget\" data-widget_type=\"heading.default\">\n\t\t\t\t<div class=\"elementor-widget-container\">\n\t\t\t\t\t<h1 class=\"elementor-heading-title elementor-size-default\">Quand le design rencontre la nature<\/h1>\t\t\t\t<\/div>\n\t\t\t\t<\/div>\n\t\t\t\t<div class=\"elementor-element elementor-element-cdffc78 elementor-widget__width-initial elementor-widget-mobile__width-inherit elementor-widget elementor-widget-text-editor\" data-id=\"cdffc78\" data-element_type=\"widget\" data-widget_type=\"text-editor.default\">\n\t\t\t\t<div class=\"elementor-widget-container\">\n\t\t\t\t\t\t\t\t\t<p><span style=\"font-weight: 400;\">Une exp\u00e9rience de vacances qui combine le confort de la maison avec la libert\u00e9 de la nature. Nos mobil-homes modernes et accueillants offrent un espace fonctionnel, de l&rsquo;intimit\u00e9 et tous les \u00e9quipements n\u00e9cessaires \u00e0 des vacances sans souci pour toute la famille. Entour\u00e9s de verdure et \u00e0 quelques pas du lac, vous trouverez dans l&rsquo;ambiance chaleureuse de ces h\u00e9bergements l&rsquo;\u00e9quilibre parfait entre praticit\u00e9 et atmosph\u00e8re naturelle, pour un s\u00e9jour relaxant et authentique.  <\/span><\/p>\t\t\t\t\t\t\t\t<\/div>\n\t\t\t\t<\/div>\n\t\t\t\t\t<\/div>\n\t\t\t\t<\/div>\n\t\t<div class=\"elementor-element elementor-element-fc9e551 e-flex e-con-boxed e-con e-parent\" data-id=\"fc9e551\" data-element_type=\"container\">\n\t\t\t\t\t<div class=\"e-con-inner\">\n\t\t\t\t<div class=\"elementor-element elementor-element-62fc5a8 elementor-widget__width-inherit elementor-widget elementor-widget-babe-all-items\" data-id=\"62fc5a8\" data-element_type=\"widget\" data-widget_type=\"babe-all-items.default\">\n\t\t\t\t<div class=\"elementor-widget-container\">\n\t\t\t\t\t\n            <div class=\"babe_shortcode_block sc_all_items  all-items-3\">\n                <div class=\"babe_shortcode_block_bg_inner\">\n                    <div class=\"babe_shortcode_block_inner d-grid\">\n                        \n                    <\/div><div class=\"babe_pager\"><div class=\"babe_pager_inner\"><\/div><\/div>\n                <\/div>\n            <\/div>\n\t\t\t        \t\t\t\t<\/div>\n\t\t\t\t<\/div>\n\t\t\t\t\t<\/div>\n\t\t\t\t<\/div>\n\t\t<div class=\"elementor-element elementor-element-65de0f6 e-con-full e-flex e-con e-parent\" data-id=\"65de0f6\" data-element_type=\"container\">\n\t\t<div class=\"elementor-element elementor-element-8952695 e-con-full e-flex e-con e-child\" data-id=\"8952695\" data-element_type=\"container\" data-settings=\"{&quot;background_background&quot;:&quot;classic&quot;}\">\n\t\t\t\t<div class=\"elementor-element elementor-element-a443a00 animated-fast elementor-invisible elementor-widget elementor-widget-heading\" data-id=\"a443a00\" data-element_type=\"widget\" data-settings=\"{&quot;_animation&quot;:&quot;opal-move-up&quot;}\" data-widget_type=\"heading.default\">\n\t\t\t\t<div class=\"elementor-widget-container\">\n\t\t\t\t\t<h1 class=\"elementor-heading-title elementor-size-default\">Camping<\/h1>\t\t\t\t<\/div>\n\t\t\t\t<\/div>\n\t\t\t\t<div class=\"elementor-element elementor-element-a5befd7 animated-fast elementor-invisible elementor-widget elementor-widget-text-editor\" data-id=\"a5befd7\" data-element_type=\"widget\" data-settings=\"{&quot;_animation&quot;:&quot;opal-move-up&quot;,&quot;_animation_delay&quot;:300}\" data-widget_type=\"text-editor.default\">\n\t\t\t\t<div class=\"elementor-widget-container\">\n\t\t\t\t\t\t\t\t\t<span style=\"color: #ffffff;\"><a style=\"color: #ffffff;\" href=\"https:\/\/concadoro.it\/fr\/camping\/\"><span style=\"text-decoration: underline;\">Voir nos propositions<\/span><\/a><\/span>\t\t\t\t\t\t\t\t<\/div>\n\t\t\t\t<\/div>\n\t\t\t\t<\/div>\n\t\t<div class=\"elementor-element elementor-element-031093d e-con-full e-flex e-con e-child\" data-id=\"031093d\" data-element_type=\"container\" data-settings=\"{&quot;background_background&quot;:&quot;classic&quot;}\">\n\t\t\t\t<div class=\"elementor-element elementor-element-691c57b animated-fast elementor-invisible elementor-widget elementor-widget-heading\" data-id=\"691c57b\" data-element_type=\"widget\" data-settings=\"{&quot;_animation&quot;:&quot;opal-move-up&quot;}\" data-widget_type=\"heading.default\">\n\t\t\t\t<div class=\"elementor-widget-container\">\n\t\t\t\t\t<h1 class=\"elementor-heading-title elementor-size-default\">Glamping<\/h1>\t\t\t\t<\/div>\n\t\t\t\t<\/div>\n\t\t\t\t<div class=\"elementor-element elementor-element-b55f4fb animated-fast elementor-invisible elementor-widget elementor-widget-text-editor\" data-id=\"b55f4fb\" data-element_type=\"widget\" data-settings=\"{&quot;_animation&quot;:&quot;opal-move-up&quot;,&quot;_animation_delay&quot;:300}\" data-widget_type=\"text-editor.default\">\n\t\t\t\t<div class=\"elementor-widget-container\">\n\t\t\t\t\t\t\t\t\t<span style=\"color: #ffffff;\"><a style=\"color: #ffffff;\" href=\"https:\/\/concadoro.it\/fr\/glamping\/\"><span style=\"text-decoration: underline;\">Voir nos propositions<\/span><\/a><\/span>\t\t\t\t\t\t\t\t<\/div>\n\t\t\t\t<\/div>\n\t\t\t\t<\/div>\n\t\t\t\t<\/div>\n\t\t\t\t<\/div>\n\t\t","protected":false},"excerpt":{"rendered":"<p>H\u00e9bergement Le camping que vous n&rsquo;attendez pas Quand le design rencontre la nature Une exp\u00e9rience de vacances qui combine le confort de la maison avec la libert\u00e9 de la nature. Nos mobil-homes modernes et accueillants offrent un espace fonctionnel, de l&rsquo;intimit\u00e9 et tous les \u00e9quipements n\u00e9cessaires \u00e0 des vacances sans souci pour toute la famille. [&hellip;]<\/p>\n","protected":false},"author":1,"featured_media":0,"parent":0,"menu_order":0,"comment_status":"closed","ping_status":"closed","template":"","meta":{"inline_featured_image":false,"footnotes":""},"class_list":["post-8982","page","type-page","status-publish","hentry"],"yoast_head":"<!-- This site is optimized with the Yoast SEO plugin v25.5 - https:\/\/yoast.com\/wordpress\/plugins\/seo\/ -->\n<title>H\u00e9bergement - Conca d&#039;Oro Camping &amp; Lodge<\/title>\n<meta name=\"description\" content=\"Bungalows et lodges confortables id\u00e9aux pour les familles ou les couples sur le lac Majeur. Cuisines et installations priv\u00e9es au Conca d&#039;Oro Camping &amp; Lodge.\" \/>\n<meta name=\"robots\" content=\"index, follow, max-snippet:-1, max-image-preview:large, max-video-preview:-1\" \/>\n<link rel=\"canonical\" href=\"https:\/\/www.concadoro.it\/fr\/hebergement\/\" \/>\n<meta property=\"og:locale\" content=\"fr_FR\" \/>\n<meta property=\"og:type\" content=\"article\" \/>\n<meta property=\"og:title\" content=\"H\u00e9bergement - Conca d&#039;Oro Camping &amp; Lodge\" \/>\n<meta property=\"og:description\" content=\"Bungalows et lodges confortables id\u00e9aux pour les familles ou les couples sur le lac Majeur. Cuisines et installations priv\u00e9es au Conca d&#039;Oro Camping &amp; Lodge.\" \/>\n<meta property=\"og:url\" content=\"https:\/\/www.concadoro.it\/fr\/hebergement\/\" \/>\n<meta property=\"og:site_name\" content=\"Conca d&#039;Oro Camping &amp; Lodge\" \/>\n<meta property=\"article:publisher\" content=\"https:\/\/www.facebook.com\/campingvillageconcadoro\" \/>\n<meta property=\"article:modified_time\" content=\"2026-02-17T14:48:35+00:00\" \/>\n<meta property=\"og:image\" content=\"https:\/\/www.concadoro.it\/wp-content\/uploads\/2025\/04\/MB-VILLAGE-7.jpg\" \/>\n<meta name=\"twitter:card\" content=\"summary_large_image\" \/>\n<meta name=\"twitter:label1\" content=\"Dur\u00e9e de lecture estim\u00e9e\" \/>\n\t<meta name=\"twitter:data1\" content=\"3 minutes\" \/>\n<script type=\"application\/ld+json\" class=\"yoast-schema-graph\">{\"@context\":\"https:\/\/schema.org\",\"@graph\":[{\"@type\":\"WebPage\",\"@id\":\"https:\/\/www.concadoro.it\/fr\/hebergement\/\",\"url\":\"https:\/\/www.concadoro.it\/fr\/hebergement\/\",\"name\":\"H\u00e9bergement - Conca d&#039;Oro Camping &amp; Lodge\",\"isPartOf\":{\"@id\":\"https:\/\/www.concadoro.it\/fr\/#website\"},\"primaryImageOfPage\":{\"@id\":\"https:\/\/www.concadoro.it\/fr\/hebergement\/#primaryimage\"},\"image\":{\"@id\":\"https:\/\/www.concadoro.it\/fr\/hebergement\/#primaryimage\"},\"thumbnailUrl\":\"https:\/\/www.concadoro.it\/wp-content\/uploads\/2025\/04\/MB-VILLAGE-7.jpg\",\"datePublished\":\"2025-04-14T14:38:13+00:00\",\"dateModified\":\"2026-02-17T14:48:35+00:00\",\"description\":\"Bungalows et lodges confortables id\u00e9aux pour les familles ou les couples sur le lac Majeur. Cuisines et installations priv\u00e9es au Conca d'Oro Camping & Lodge.\",\"breadcrumb\":{\"@id\":\"https:\/\/www.concadoro.it\/fr\/hebergement\/#breadcrumb\"},\"inLanguage\":\"fr-FR\",\"potentialAction\":[{\"@type\":\"ReadAction\",\"target\":[\"https:\/\/www.concadoro.it\/fr\/hebergement\/\"]}]},{\"@type\":\"ImageObject\",\"inLanguage\":\"fr-FR\",\"@id\":\"https:\/\/www.concadoro.it\/fr\/hebergement\/#primaryimage\",\"url\":\"https:\/\/www.concadoro.it\/wp-content\/uploads\/2025\/04\/MB-VILLAGE-7.jpg\",\"contentUrl\":\"https:\/\/www.concadoro.it\/wp-content\/uploads\/2025\/04\/MB-VILLAGE-7.jpg\"},{\"@type\":\"BreadcrumbList\",\"@id\":\"https:\/\/www.concadoro.it\/fr\/hebergement\/#breadcrumb\",\"itemListElement\":[{\"@type\":\"ListItem\",\"position\":1,\"name\":\"Accueil\",\"item\":\"https:\/\/www.concadoro.it\/fr\/\"},{\"@type\":\"ListItem\",\"position\":2,\"name\":\"H\u00e9bergement\"}]},{\"@type\":\"WebSite\",\"@id\":\"https:\/\/www.concadoro.it\/fr\/#website\",\"url\":\"https:\/\/www.concadoro.it\/fr\/\",\"name\":\"Conca d'Oro Camping & Lodge\",\"description\":\"Conca d&#039;Oro Camping &amp; Lodge\",\"publisher\":{\"@id\":\"https:\/\/www.concadoro.it\/fr\/#organization\"},\"potentialAction\":[{\"@type\":\"SearchAction\",\"target\":{\"@type\":\"EntryPoint\",\"urlTemplate\":\"https:\/\/www.concadoro.it\/fr\/?s={search_term_string}\"},\"query-input\":{\"@type\":\"PropertyValueSpecification\",\"valueRequired\":true,\"valueName\":\"search_term_string\"}}],\"inLanguage\":\"fr-FR\"},{\"@type\":\"Organization\",\"@id\":\"https:\/\/www.concadoro.it\/fr\/#organization\",\"name\":\"Conca d'Oro Camping &amp; Lodge\",\"url\":\"https:\/\/www.concadoro.it\/fr\/\",\"logo\":{\"@type\":\"ImageObject\",\"inLanguage\":\"fr-FR\",\"@id\":\"https:\/\/www.concadoro.it\/fr\/#\/schema\/logo\/image\/\",\"url\":\"https:\/\/www.concadoro.it\/wp-content\/uploads\/2025\/02\/only-logo-bg-1.png\",\"contentUrl\":\"https:\/\/www.concadoro.it\/wp-content\/uploads\/2025\/02\/only-logo-bg-1.png\",\"width\":1920,\"height\":1280,\"caption\":\"Conca d'Oro Camping &amp; Lodge\"},\"image\":{\"@id\":\"https:\/\/www.concadoro.it\/fr\/#\/schema\/logo\/image\/\"},\"sameAs\":[\"https:\/\/www.facebook.com\/campingvillageconcadoro\",\"https:\/\/www.instagram.com\/campingvillageconcadoro\/\"]}]}<\/script>\n<!-- \/ Yoast SEO plugin. -->","yoast_head_json":{"title":"H\u00e9bergement - Conca d&#039;Oro Camping &amp; Lodge","description":"Bungalows et lodges confortables id\u00e9aux pour les familles ou les couples sur le lac Majeur. Cuisines et installations priv\u00e9es au Conca d'Oro Camping & Lodge.","robots":{"index":"index","follow":"follow","max-snippet":"max-snippet:-1","max-image-preview":"max-image-preview:large","max-video-preview":"max-video-preview:-1"},"canonical":"https:\/\/www.concadoro.it\/fr\/hebergement\/","og_locale":"fr_FR","og_type":"article","og_title":"H\u00e9bergement - Conca d&#039;Oro Camping &amp; Lodge","og_description":"Bungalows et lodges confortables id\u00e9aux pour les familles ou les couples sur le lac Majeur. Cuisines et installations priv\u00e9es au Conca d'Oro Camping & Lodge.","og_url":"https:\/\/www.concadoro.it\/fr\/hebergement\/","og_site_name":"Conca d&#039;Oro Camping &amp; Lodge","article_publisher":"https:\/\/www.facebook.com\/campingvillageconcadoro","article_modified_time":"2026-02-17T14:48:35+00:00","og_image":[{"url":"https:\/\/www.concadoro.it\/wp-content\/uploads\/2025\/04\/MB-VILLAGE-7.jpg","type":"","width":"","height":""}],"twitter_card":"summary_large_image","twitter_misc":{"Dur\u00e9e de lecture estim\u00e9e":"3 minutes"},"schema":{"@context":"https:\/\/schema.org","@graph":[{"@type":"WebPage","@id":"https:\/\/www.concadoro.it\/fr\/hebergement\/","url":"https:\/\/www.concadoro.it\/fr\/hebergement\/","name":"H\u00e9bergement - Conca d&#039;Oro Camping &amp; Lodge","isPartOf":{"@id":"https:\/\/www.concadoro.it\/fr\/#website"},"primaryImageOfPage":{"@id":"https:\/\/www.concadoro.it\/fr\/hebergement\/#primaryimage"},"image":{"@id":"https:\/\/www.concadoro.it\/fr\/hebergement\/#primaryimage"},"thumbnailUrl":"https:\/\/www.concadoro.it\/wp-content\/uploads\/2025\/04\/MB-VILLAGE-7.jpg","datePublished":"2025-04-14T14:38:13+00:00","dateModified":"2026-02-17T14:48:35+00:00","description":"Bungalows et lodges confortables id\u00e9aux pour les familles ou les couples sur le lac Majeur. Cuisines et installations priv\u00e9es au Conca d'Oro Camping & Lodge.","breadcrumb":{"@id":"https:\/\/www.concadoro.it\/fr\/hebergement\/#breadcrumb"},"inLanguage":"fr-FR","potentialAction":[{"@type":"ReadAction","target":["https:\/\/www.concadoro.it\/fr\/hebergement\/"]}]},{"@type":"ImageObject","inLanguage":"fr-FR","@id":"https:\/\/www.concadoro.it\/fr\/hebergement\/#primaryimage","url":"https:\/\/www.concadoro.it\/wp-content\/uploads\/2025\/04\/MB-VILLAGE-7.jpg","contentUrl":"https:\/\/www.concadoro.it\/wp-content\/uploads\/2025\/04\/MB-VILLAGE-7.jpg"},{"@type":"BreadcrumbList","@id":"https:\/\/www.concadoro.it\/fr\/hebergement\/#breadcrumb","itemListElement":[{"@type":"ListItem","position":1,"name":"Accueil","item":"https:\/\/www.concadoro.it\/fr\/"},{"@type":"ListItem","position":2,"name":"H\u00e9bergement"}]},{"@type":"WebSite","@id":"https:\/\/www.concadoro.it\/fr\/#website","url":"https:\/\/www.concadoro.it\/fr\/","name":"Conca d'Oro Camping & Lodge","description":"Conca d&#039;Oro Camping &amp; Lodge","publisher":{"@id":"https:\/\/www.concadoro.it\/fr\/#organization"},"potentialAction":[{"@type":"SearchAction","target":{"@type":"EntryPoint","urlTemplate":"https:\/\/www.concadoro.it\/fr\/?s={search_term_string}"},"query-input":{"@type":"PropertyValueSpecification","valueRequired":true,"valueName":"search_term_string"}}],"inLanguage":"fr-FR"},{"@type":"Organization","@id":"https:\/\/www.concadoro.it\/fr\/#organization","name":"Conca d'Oro Camping &amp; Lodge","url":"https:\/\/www.concadoro.it\/fr\/","logo":{"@type":"ImageObject","inLanguage":"fr-FR","@id":"https:\/\/www.concadoro.it\/fr\/#\/schema\/logo\/image\/","url":"https:\/\/www.concadoro.it\/wp-content\/uploads\/2025\/02\/only-logo-bg-1.png","contentUrl":"https:\/\/www.concadoro.it\/wp-content\/uploads\/2025\/02\/only-logo-bg-1.png","width":1920,"height":1280,"caption":"Conca d'Oro Camping &amp; Lodge"},"image":{"@id":"https:\/\/www.concadoro.it\/fr\/#\/schema\/logo\/image\/"},"sameAs":["https:\/\/www.facebook.com\/campingvillageconcadoro","https:\/\/www.instagram.com\/campingvillageconcadoro\/"]}]}},"_links":{"self":[{"href":"https:\/\/www.concadoro.it\/fr\/wp-json\/wp\/v2\/pages\/8982","targetHints":{"allow":["GET"]}}],"collection":[{"href":"https:\/\/www.concadoro.it\/fr\/wp-json\/wp\/v2\/pages"}],"about":[{"href":"https:\/\/www.concadoro.it\/fr\/wp-json\/wp\/v2\/types\/page"}],"author":[{"embeddable":true,"href":"https:\/\/www.concadoro.it\/fr\/wp-json\/wp\/v2\/users\/1"}],"replies":[{"embeddable":true,"href":"https:\/\/www.concadoro.it\/fr\/wp-json\/wp\/v2\/comments?post=8982"}],"version-history":[{"count":3,"href":"https:\/\/www.concadoro.it\/fr\/wp-json\/wp\/v2\/pages\/8982\/revisions"}],"predecessor-version":[{"id":10645,"href":"https:\/\/www.concadoro.it\/fr\/wp-json\/wp\/v2\/pages\/8982\/revisions\/10645"}],"wp:attachment":[{"href":"https:\/\/www.concadoro.it\/fr\/wp-json\/wp\/v2\/media?parent=8982"}],"curies":[{"name":"wp","href":"https:\/\/api.w.org\/{rel}","templated":true}]}}