{"id":8978,"date":"2025-04-15T10:38:15","date_gmt":"2025-04-15T08:38:15","guid":{"rendered":"https:\/\/www.uc-areatest.it\/livret-numerique\/"},"modified":"2025-05-26T15:33:24","modified_gmt":"2025-05-26T13:33:24","slug":"livret-numerique","status":"publish","type":"page","link":"https:\/\/www.concadoro.it\/fr\/livret-numerique\/","title":{"rendered":"Livret num\u00e9rique"},"content":{"rendered":"\t\t<div data-elementor-type=\"wp-page\" data-elementor-id=\"8978\" class=\"elementor elementor-8978 elementor-7526\">\n\t\t\t\t<div class=\"elementor-element elementor-element-8596470 e-lazyloaded e-flex e-con-boxed e-con e-parent\" data-id=\"8596470\" data-element_type=\"container\" data-settings=\"{&quot;background_background&quot;:&quot;classic&quot;}\">\n\t\t\t\t\t<div class=\"e-con-inner\">\n\t\t\t\t<div class=\"elementor-element elementor-element-f2d6c81 animated-fast elementor-invisible elementor-widget elementor-widget-heading\" data-id=\"f2d6c81\" data-element_type=\"widget\" data-settings=\"{&quot;_animation&quot;:&quot;opal-move-up&quot;}\" data-widget_type=\"heading.default\">\n\t\t\t\t<div class=\"elementor-widget-container\">\n\t\t\t\t\t<h1 class=\"elementor-heading-title elementor-size-default\">Livret num\u00e9rique<\/h1>\t\t\t\t<\/div>\n\t\t\t\t<\/div>\n\t\t\t\t\t<\/div>\n\t\t\t\t<\/div>\n\t\t                <div class=\"custom-elementor-parallax\" data-id=\"8596470\" data-settings=\"{&quot;type&quot;:&quot;scroll&quot;,&quot;speed&quot;:&quot;1.2&quot;,&quot;keepImg&quot;:&quot;true&quot;,&quot;imgSize&quot;:&quot;cover&quot;,&quot;imgPosition&quot;:&quot;50% 0%&quot;,&quot;noAndroid&quot;:&quot;false&quot;,&quot;noIos&quot;:&quot;false&quot;}\"><\/div>\n            <div class=\"elementor-element elementor-element-89a2bd2 e-flex e-con-boxed e-con e-parent\" data-id=\"89a2bd2\" data-element_type=\"container\">\n\t\t\t\t\t<div class=\"e-con-inner\">\n\t\t<div class=\"elementor-element elementor-element-6b86f8a e-con-full e-flex e-con e-child\" data-id=\"6b86f8a\" data-element_type=\"container\">\n\t\t\t\t<div class=\"elementor-element elementor-element-2d78161 elementor-widget elementor-widget-heading\" data-id=\"2d78161\" data-element_type=\"widget\" data-widget_type=\"heading.default\">\n\t\t\t\t<div class=\"elementor-widget-container\">\n\t\t\t\t\t<h4 class=\"elementor-heading-title elementor-size-default\">Votre camping pr\u00e9f\u00e9r\u00e9, en version de poche\n<\/h4>\t\t\t\t<\/div>\n\t\t\t\t<\/div>\n\t\t\t\t<div class=\"elementor-element elementor-element-3c5c12b elementor-widget elementor-widget-text-editor\" data-id=\"3c5c12b\" data-element_type=\"widget\" data-widget_type=\"text-editor.default\">\n\t\t\t\t<div class=\"elementor-widget-container\">\n\t\t\t\t\t\t\t\t\t<p><span style=\"font-weight: 400;\">Bienvenue \u00e0 <\/span><b>Conca D&rsquo;Oro Camping &amp; Lodge<\/b><span style=\"font-weight: 400;\">! Pour rendre votre exp\u00e9rience encore plus confortable et sans soucis, nous avons cr\u00e9\u00e9 le <\/span><b>livret num\u00e9rique<\/b><span style=\"font-weight: 400;\">votre point de r\u00e9f\u00e9rence pour toutes les informations sur le camping et au-del\u00e0.<\/span><\/p><p><span style=\"font-weight: 400;\">Acc\u00e9dez \u00e0 tout ce dont vous avez besoin :<\/span><span style=\"font-weight: 400;\"><br><\/span><span style=\"font-weight: 400;\">\u2705<\/span> <b>Horaires et r\u00e8glements<\/b><span style=\"font-weight: 400;\"> (enregistrement, d\u00e9part, calme nocturne)<\/span><span style=\"font-weight: 400;\"><br><\/span><span style=\"font-weight: 400;\">\u2705<\/span> <b>Services et installations<\/b><span style=\"font-weight: 400;\"> (restaurants, march\u00e9, blanchisserie, locations)<\/span><span style=\"font-weight: 400;\"><br><\/span><span style=\"font-weight: 400;\">\u2705<\/span> <b>Informations touristiques<\/b><span style=\"font-weight: 400;\"> (lieux \u00e0 visiter, itin\u00e9raires recommand\u00e9s)<\/span><span style=\"font-weight: 400;\"><br><\/span><span style=\"font-weight: 400;\">\u2705<\/span> <b>Horaires des transports publics<\/b><span style=\"font-weight: 400;\"> (bus, bateaux)<\/span><\/p><p><span style=\"font-weight: 400;\">Plus d&rsquo;attente ni de questions \u00e0 la r\u00e9ception : le livret num\u00e9rique est toujours avec vous, \u00e0 jour et pr\u00eat \u00e0 r\u00e9pondre \u00e0 tous vos besoins.<\/span><span style=\"font-weight: 400;\"><br><\/span><\/p>\t\t\t\t\t\t\t\t<\/div>\n\t\t\t\t<\/div>\n\t\t\t\t<div class=\"elementor-element elementor-element-40047f3 elementor-button-default elementor-widget elementor-widget-button\" data-id=\"40047f3\" data-element_type=\"widget\" data-widget_type=\"button.default\">\n\t\t\t\t<div class=\"elementor-widget-container\">\n\t\t\t\t\t\t\t\t\t<div class=\"elementor-button-wrapper\">\n\t\t\t\t\t<a class=\"elementor-button elementor-button-link elementor-size-sm\" href=\"https:\/\/notre.guide\/concadorocampingandlodge\/\" target=\"_blank\">\n\t\t\t\t\t\t<span class=\"elementor-button-content-wrapper\">\n\t\t\t\t\t\t\t\t\t<span class=\"elementor-button-text\">Aller au livret num\u00e9rique<\/span>\n\t\t\t\t\t<\/span>\n\t\t\t\t\t<\/a>\n\t\t\t\t<\/div>\n\t\t\t\t\t\t\t\t<\/div>\n\t\t\t\t<\/div>\n\t\t\t\t<\/div>\n\t\t\t\t\t<\/div>\n\t\t\t\t<\/div>\n\t\t\t\t<\/div>\n\t\t","protected":false},"excerpt":{"rendered":"<p>Livret num\u00e9rique Votre camping pr\u00e9f\u00e9r\u00e9, en version de poche Bienvenue \u00e0 Conca D&rsquo;Oro Camping &amp; Lodge! Pour rendre votre exp\u00e9rience encore plus confortable et sans soucis, nous avons cr\u00e9\u00e9 le livret num\u00e9riquevotre point de r\u00e9f\u00e9rence pour toutes les informations sur le camping et au-del\u00e0. Acc\u00e9dez \u00e0 tout ce dont vous avez besoin :\u2705 Horaires et [&hellip;]<\/p>\n","protected":false},"author":1,"featured_media":0,"parent":0,"menu_order":0,"comment_status":"closed","ping_status":"closed","template":"","meta":{"inline_featured_image":false,"footnotes":""},"class_list":["post-8978","page","type-page","status-publish","hentry"],"yoast_head":"<!-- This site is optimized with the Yoast SEO plugin v25.5 - https:\/\/yoast.com\/wordpress\/plugins\/seo\/ -->\n<title>Livret num\u00e9rique - Conca d&#039;Oro Camping &amp; Lodge<\/title>\n<meta name=\"robots\" content=\"index, follow, max-snippet:-1, max-image-preview:large, max-video-preview:-1\" \/>\n<link rel=\"canonical\" href=\"https:\/\/www.concadoro.it\/fr\/livret-numerique\/\" \/>\n<meta property=\"og:locale\" content=\"fr_FR\" \/>\n<meta property=\"og:type\" content=\"article\" \/>\n<meta property=\"og:title\" content=\"Livret num\u00e9rique - Conca d&#039;Oro Camping &amp; Lodge\" \/>\n<meta property=\"og:description\" content=\"Livret num\u00e9rique Votre camping pr\u00e9f\u00e9r\u00e9, en version de poche Bienvenue \u00e0 Conca D&rsquo;Oro Camping &amp; Lodge! Pour rendre votre exp\u00e9rience encore plus confortable et sans soucis, nous avons cr\u00e9\u00e9 le livret num\u00e9riquevotre point de r\u00e9f\u00e9rence pour toutes les informations sur le camping et au-del\u00e0. Acc\u00e9dez \u00e0 tout ce dont vous avez besoin :\u2705 Horaires et [&hellip;]\" \/>\n<meta property=\"og:url\" content=\"https:\/\/www.concadoro.it\/fr\/livret-numerique\/\" \/>\n<meta property=\"og:site_name\" content=\"Conca d&#039;Oro Camping &amp; Lodge\" \/>\n<meta property=\"article:publisher\" content=\"https:\/\/www.facebook.com\/campingvillageconcadoro\" \/>\n<meta property=\"article:modified_time\" content=\"2025-05-26T13:33:24+00:00\" \/>\n<meta property=\"og:image\" content=\"https:\/\/www.concadoro.it\/wp-content\/uploads\/2025\/02\/conca-doro_22.jpg\" \/>\n\t<meta property=\"og:image:width\" content=\"1920\" \/>\n\t<meta property=\"og:image:height\" content=\"1282\" \/>\n\t<meta property=\"og:image:type\" content=\"image\/jpeg\" \/>\n<meta name=\"twitter:card\" content=\"summary_large_image\" \/>\n<meta name=\"twitter:label1\" content=\"Dur\u00e9e de lecture estim\u00e9e\" \/>\n\t<meta name=\"twitter:data1\" content=\"1 minute\" \/>\n<script type=\"application\/ld+json\" class=\"yoast-schema-graph\">{\"@context\":\"https:\/\/schema.org\",\"@graph\":[{\"@type\":\"WebPage\",\"@id\":\"https:\/\/www.concadoro.it\/fr\/livret-numerique\/\",\"url\":\"https:\/\/www.concadoro.it\/fr\/livret-numerique\/\",\"name\":\"Livret num\u00e9rique - Conca d&#039;Oro Camping &amp; Lodge\",\"isPartOf\":{\"@id\":\"https:\/\/www.concadoro.it\/fr\/#website\"},\"datePublished\":\"2025-04-15T08:38:15+00:00\",\"dateModified\":\"2025-05-26T13:33:24+00:00\",\"breadcrumb\":{\"@id\":\"https:\/\/www.concadoro.it\/fr\/livret-numerique\/#breadcrumb\"},\"inLanguage\":\"fr-FR\",\"potentialAction\":[{\"@type\":\"ReadAction\",\"target\":[\"https:\/\/www.concadoro.it\/fr\/livret-numerique\/\"]}]},{\"@type\":\"BreadcrumbList\",\"@id\":\"https:\/\/www.concadoro.it\/fr\/livret-numerique\/#breadcrumb\",\"itemListElement\":[{\"@type\":\"ListItem\",\"position\":1,\"name\":\"Accueil\",\"item\":\"https:\/\/www.concadoro.it\/fr\/\"},{\"@type\":\"ListItem\",\"position\":2,\"name\":\"Livret num\u00e9rique\"}]},{\"@type\":\"WebSite\",\"@id\":\"https:\/\/www.concadoro.it\/fr\/#website\",\"url\":\"https:\/\/www.concadoro.it\/fr\/\",\"name\":\"Conca d'Oro Camping & Lodge\",\"description\":\"Conca d&#039;Oro Camping &amp; Lodge\",\"publisher\":{\"@id\":\"https:\/\/www.concadoro.it\/fr\/#organization\"},\"potentialAction\":[{\"@type\":\"SearchAction\",\"target\":{\"@type\":\"EntryPoint\",\"urlTemplate\":\"https:\/\/www.concadoro.it\/fr\/?s={search_term_string}\"},\"query-input\":{\"@type\":\"PropertyValueSpecification\",\"valueRequired\":true,\"valueName\":\"search_term_string\"}}],\"inLanguage\":\"fr-FR\"},{\"@type\":\"Organization\",\"@id\":\"https:\/\/www.concadoro.it\/fr\/#organization\",\"name\":\"Conca d'Oro Camping &amp; Lodge\",\"url\":\"https:\/\/www.concadoro.it\/fr\/\",\"logo\":{\"@type\":\"ImageObject\",\"inLanguage\":\"fr-FR\",\"@id\":\"https:\/\/www.concadoro.it\/fr\/#\/schema\/logo\/image\/\",\"url\":\"https:\/\/www.concadoro.it\/wp-content\/uploads\/2025\/02\/only-logo-bg-1.png\",\"contentUrl\":\"https:\/\/www.concadoro.it\/wp-content\/uploads\/2025\/02\/only-logo-bg-1.png\",\"width\":1920,\"height\":1280,\"caption\":\"Conca d'Oro Camping &amp; Lodge\"},\"image\":{\"@id\":\"https:\/\/www.concadoro.it\/fr\/#\/schema\/logo\/image\/\"},\"sameAs\":[\"https:\/\/www.facebook.com\/campingvillageconcadoro\",\"https:\/\/www.instagram.com\/campingvillageconcadoro\/\"]}]}<\/script>\n<!-- \/ Yoast SEO plugin. -->","yoast_head_json":{"title":"Livret num\u00e9rique - Conca d&#039;Oro Camping &amp; Lodge","robots":{"index":"index","follow":"follow","max-snippet":"max-snippet:-1","max-image-preview":"max-image-preview:large","max-video-preview":"max-video-preview:-1"},"canonical":"https:\/\/www.concadoro.it\/fr\/livret-numerique\/","og_locale":"fr_FR","og_type":"article","og_title":"Livret num\u00e9rique - Conca d&#039;Oro Camping &amp; Lodge","og_description":"Livret num\u00e9rique Votre camping pr\u00e9f\u00e9r\u00e9, en version de poche Bienvenue \u00e0 Conca D&rsquo;Oro Camping &amp; Lodge! Pour rendre votre exp\u00e9rience encore plus confortable et sans soucis, nous avons cr\u00e9\u00e9 le livret num\u00e9riquevotre point de r\u00e9f\u00e9rence pour toutes les informations sur le camping et au-del\u00e0. Acc\u00e9dez \u00e0 tout ce dont vous avez besoin :\u2705 Horaires et [&hellip;]","og_url":"https:\/\/www.concadoro.it\/fr\/livret-numerique\/","og_site_name":"Conca d&#039;Oro Camping &amp; Lodge","article_publisher":"https:\/\/www.facebook.com\/campingvillageconcadoro","article_modified_time":"2025-05-26T13:33:24+00:00","og_image":[{"width":1920,"height":1282,"url":"https:\/\/www.concadoro.it\/wp-content\/uploads\/2025\/02\/conca-doro_22.jpg","type":"image\/jpeg"}],"twitter_card":"summary_large_image","twitter_misc":{"Dur\u00e9e de lecture estim\u00e9e":"1 minute"},"schema":{"@context":"https:\/\/schema.org","@graph":[{"@type":"WebPage","@id":"https:\/\/www.concadoro.it\/fr\/livret-numerique\/","url":"https:\/\/www.concadoro.it\/fr\/livret-numerique\/","name":"Livret num\u00e9rique - Conca d&#039;Oro Camping &amp; Lodge","isPartOf":{"@id":"https:\/\/www.concadoro.it\/fr\/#website"},"datePublished":"2025-04-15T08:38:15+00:00","dateModified":"2025-05-26T13:33:24+00:00","breadcrumb":{"@id":"https:\/\/www.concadoro.it\/fr\/livret-numerique\/#breadcrumb"},"inLanguage":"fr-FR","potentialAction":[{"@type":"ReadAction","target":["https:\/\/www.concadoro.it\/fr\/livret-numerique\/"]}]},{"@type":"BreadcrumbList","@id":"https:\/\/www.concadoro.it\/fr\/livret-numerique\/#breadcrumb","itemListElement":[{"@type":"ListItem","position":1,"name":"Accueil","item":"https:\/\/www.concadoro.it\/fr\/"},{"@type":"ListItem","position":2,"name":"Livret num\u00e9rique"}]},{"@type":"WebSite","@id":"https:\/\/www.concadoro.it\/fr\/#website","url":"https:\/\/www.concadoro.it\/fr\/","name":"Conca d'Oro Camping & Lodge","description":"Conca d&#039;Oro Camping &amp; Lodge","publisher":{"@id":"https:\/\/www.concadoro.it\/fr\/#organization"},"potentialAction":[{"@type":"SearchAction","target":{"@type":"EntryPoint","urlTemplate":"https:\/\/www.concadoro.it\/fr\/?s={search_term_string}"},"query-input":{"@type":"PropertyValueSpecification","valueRequired":true,"valueName":"search_term_string"}}],"inLanguage":"fr-FR"},{"@type":"Organization","@id":"https:\/\/www.concadoro.it\/fr\/#organization","name":"Conca d'Oro Camping &amp; Lodge","url":"https:\/\/www.concadoro.it\/fr\/","logo":{"@type":"ImageObject","inLanguage":"fr-FR","@id":"https:\/\/www.concadoro.it\/fr\/#\/schema\/logo\/image\/","url":"https:\/\/www.concadoro.it\/wp-content\/uploads\/2025\/02\/only-logo-bg-1.png","contentUrl":"https:\/\/www.concadoro.it\/wp-content\/uploads\/2025\/02\/only-logo-bg-1.png","width":1920,"height":1280,"caption":"Conca d'Oro Camping &amp; Lodge"},"image":{"@id":"https:\/\/www.concadoro.it\/fr\/#\/schema\/logo\/image\/"},"sameAs":["https:\/\/www.facebook.com\/campingvillageconcadoro","https:\/\/www.instagram.com\/campingvillageconcadoro\/"]}]}},"_links":{"self":[{"href":"https:\/\/www.concadoro.it\/fr\/wp-json\/wp\/v2\/pages\/8978","targetHints":{"allow":["GET"]}}],"collection":[{"href":"https:\/\/www.concadoro.it\/fr\/wp-json\/wp\/v2\/pages"}],"about":[{"href":"https:\/\/www.concadoro.it\/fr\/wp-json\/wp\/v2\/types\/page"}],"author":[{"embeddable":true,"href":"https:\/\/www.concadoro.it\/fr\/wp-json\/wp\/v2\/users\/1"}],"replies":[{"embeddable":true,"href":"https:\/\/www.concadoro.it\/fr\/wp-json\/wp\/v2\/comments?post=8978"}],"version-history":[{"count":1,"href":"https:\/\/www.concadoro.it\/fr\/wp-json\/wp\/v2\/pages\/8978\/revisions"}],"predecessor-version":[{"id":8981,"href":"https:\/\/www.concadoro.it\/fr\/wp-json\/wp\/v2\/pages\/8978\/revisions\/8981"}],"wp:attachment":[{"href":"https:\/\/www.concadoro.it\/fr\/wp-json\/wp\/v2\/media?parent=8978"}],"curies":[{"name":"wp","href":"https:\/\/api.w.org\/{rel}","templated":true}]}}