{"id":8974,"date":"2025-04-14T16:40:12","date_gmt":"2025-04-14T14:40:12","guid":{"rendered":"https:\/\/www.uc-areatest.it\/camping\/"},"modified":"2026-02-17T15:47:52","modified_gmt":"2026-02-17T14:47:52","slug":"camping","status":"publish","type":"page","link":"https:\/\/www.concadoro.it\/fr\/camping\/","title":{"rendered":"Camping"},"content":{"rendered":"\t\t<div data-elementor-type=\"wp-page\" data-elementor-id=\"8974\" class=\"elementor elementor-8974 elementor-7490\">\n\t\t\t\t<div class=\"elementor-element elementor-element-3bd88b7 e-flex e-con-boxed e-con e-parent\" data-id=\"3bd88b7\" data-element_type=\"container\" data-settings=\"{&quot;background_background&quot;:&quot;classic&quot;}\">\n\t\t\t\t\t<div class=\"e-con-inner\">\n\t\t\t\t<div class=\"elementor-element elementor-element-249954c animated-fast elementor-invisible elementor-widget elementor-widget-heading\" data-id=\"249954c\" data-element_type=\"widget\" data-settings=\"{&quot;_animation&quot;:&quot;opal-move-up&quot;}\" data-widget_type=\"heading.default\">\n\t\t\t\t<div class=\"elementor-widget-container\">\n\t\t\t\t\t<h1 class=\"elementor-heading-title elementor-size-default\">Camping<\/h1>\t\t\t\t<\/div>\n\t\t\t\t<\/div>\n\t\t\t\t\t<\/div>\n\t\t\t\t<\/div>\n\t\t                <div class=\"custom-elementor-parallax\" data-id=\"3bd88b7\" data-settings=\"{&quot;type&quot;:&quot;scroll&quot;,&quot;speed&quot;:&quot;1.2&quot;,&quot;keepImg&quot;:&quot;true&quot;,&quot;imgSize&quot;:&quot;cover&quot;,&quot;imgPosition&quot;:&quot;50% 0%&quot;,&quot;noAndroid&quot;:&quot;false&quot;,&quot;noIos&quot;:&quot;false&quot;}\"><\/div>\n            <div class=\"elementor-element elementor-element-c84d89b e-flex e-con-boxed e-con e-parent\" data-id=\"c84d89b\" data-element_type=\"container\" data-settings=\"{&quot;background_background&quot;:&quot;classic&quot;}\">\n\t\t\t\t\t<div class=\"e-con-inner\">\n\t\t\t\t<div class=\"elementor-element elementor-element-51be2d3 elementor-widget elementor-widget-heading\" data-id=\"51be2d3\" data-element_type=\"widget\" data-widget_type=\"heading.default\">\n\t\t\t\t<div class=\"elementor-widget-container\">\n\t\t\t\t\t<h1 class=\"elementor-heading-title elementor-size-default\">Le camping que vous n'attendez pas<\/h1>\t\t\t\t<\/div>\n\t\t\t\t<\/div>\n\t\t\t\t<div class=\"elementor-element elementor-element-59c2878 elementor-widget elementor-widget-heading\" data-id=\"59c2878\" data-element_type=\"widget\" data-widget_type=\"heading.default\">\n\t\t\t\t<div class=\"elementor-widget-container\">\n\t\t\t\t\t<h1 class=\"elementor-heading-title elementor-size-default\">Le camping \u00e0 l'\u00e9tat pur<\/h1>\t\t\t\t<\/div>\n\t\t\t\t<\/div>\n\t\t\t\t<div class=\"elementor-element elementor-element-cdffc78 elementor-widget__width-initial elementor-widget-mobile__width-inherit elementor-widget elementor-widget-text-editor\" data-id=\"cdffc78\" data-element_type=\"widget\" data-widget_type=\"text-editor.default\">\n\t\t\t\t<div class=\"elementor-widget-container\">\n\t\t\t\t\t\t\t\t\t<div>Vivez le camping dans sa forme la plus authentique et r\u00e9servez l&#8217;emplacement que vous souhaitez parmi les diff\u00e9rentes cat\u00e9gories disponibles. Restez en contact \u00e9troit avec la nature sur un emplacement spacieux, entour\u00e9 d&rsquo;une v\u00e9g\u00e9tation naturelle de bouleaux et d&rsquo;aulnes, offrant une ombre naturelle ou un soleil r\u00e9g\u00e9n\u00e9rateur et \u00e9quip\u00e9 d&rsquo;un branchement \u00e9lectrique. Une exp\u00e9rience de camping traditionnelle pour ceux qui s\u00e9journent avec une tente, un camping-car ou une caravane, o\u00f9 la paix et la beaut\u00e9 de la nature vous accompagnent, offrant un s\u00e9jour authentique et r\u00e9g\u00e9n\u00e9rant.  <\/div>\t\t\t\t\t\t\t\t<\/div>\n\t\t\t\t<\/div>\n\t\t\t\t\t<\/div>\n\t\t\t\t<\/div>\n\t\t<div class=\"elementor-element elementor-element-fc9e551 e-flex e-con-boxed e-con e-parent\" data-id=\"fc9e551\" data-element_type=\"container\">\n\t\t\t\t\t<div class=\"e-con-inner\">\n\t\t\t\t<div class=\"elementor-element elementor-element-62fc5a8 elementor-widget__width-inherit elementor-widget-mobile__width-inherit elementor-widget elementor-widget-babe-all-items\" data-id=\"62fc5a8\" data-element_type=\"widget\" data-widget_type=\"babe-all-items.default\">\n\t\t\t\t<div class=\"elementor-widget-container\">\n\t\t\t\t\t\n            <div class=\"babe_shortcode_block sc_all_items  all-items-3\">\n                <div class=\"babe_shortcode_block_bg_inner\">\n                    <div class=\"babe_shortcode_block_inner d-grid\">\n                        \n                    <\/div><div class=\"babe_pager\"><div class=\"babe_pager_inner\"><\/div><\/div>\n                <\/div>\n            <\/div>\n\t\t\t        \t\t\t\t<\/div>\n\t\t\t\t<\/div>\n\t\t\t\t\t<\/div>\n\t\t\t\t<\/div>\n\t\t<div class=\"elementor-element elementor-element-65de0f6 e-con-full e-flex e-con e-parent\" data-id=\"65de0f6\" data-element_type=\"container\">\n\t\t<div class=\"elementor-element elementor-element-8952695 e-con-full e-flex e-con e-child\" data-id=\"8952695\" data-element_type=\"container\" data-settings=\"{&quot;background_background&quot;:&quot;classic&quot;}\">\n\t\t\t\t<div class=\"elementor-element elementor-element-a443a00 animated-fast elementor-invisible elementor-widget elementor-widget-heading\" data-id=\"a443a00\" data-element_type=\"widget\" data-settings=\"{&quot;_animation&quot;:&quot;opal-move-up&quot;}\" data-widget_type=\"heading.default\">\n\t\t\t\t<div class=\"elementor-widget-container\">\n\t\t\t\t\t<h1 class=\"elementor-heading-title elementor-size-default\">Glamping<\/h1>\t\t\t\t<\/div>\n\t\t\t\t<\/div>\n\t\t\t\t<div class=\"elementor-element elementor-element-a5befd7 animated-fast elementor-invisible elementor-widget elementor-widget-text-editor\" data-id=\"a5befd7\" data-element_type=\"widget\" data-settings=\"{&quot;_animation&quot;:&quot;opal-move-up&quot;,&quot;_animation_delay&quot;:300}\" data-widget_type=\"text-editor.default\">\n\t\t\t\t<div class=\"elementor-widget-container\">\n\t\t\t\t\t\t\t\t\t<span style=\"color: #ffffff;\"><a style=\"color: #ffffff;\" href=\"https:\/\/concadoro.it\/fr\/glamping\/\"><span style=\"text-decoration: underline;\">Voir nos propositions<\/span><\/a><\/span>\t\t\t\t\t\t\t\t<\/div>\n\t\t\t\t<\/div>\n\t\t\t\t<\/div>\n\t\t<div class=\"elementor-element elementor-element-031093d e-con-full e-flex e-con e-child\" data-id=\"031093d\" data-element_type=\"container\" data-settings=\"{&quot;background_background&quot;:&quot;classic&quot;}\">\n\t\t\t\t<div class=\"elementor-element elementor-element-691c57b animated-fast elementor-invisible elementor-widget elementor-widget-heading\" data-id=\"691c57b\" data-element_type=\"widget\" data-settings=\"{&quot;_animation&quot;:&quot;opal-move-up&quot;}\" data-widget_type=\"heading.default\">\n\t\t\t\t<div class=\"elementor-widget-container\">\n\t\t\t\t\t<h1 class=\"elementor-heading-title elementor-size-default\">H\u00e9bergement<\/h1>\t\t\t\t<\/div>\n\t\t\t\t<\/div>\n\t\t\t\t<div class=\"elementor-element elementor-element-b55f4fb animated-fast elementor-invisible elementor-widget elementor-widget-text-editor\" data-id=\"b55f4fb\" data-element_type=\"widget\" data-settings=\"{&quot;_animation&quot;:&quot;opal-move-up&quot;,&quot;_animation_delay&quot;:300}\" data-widget_type=\"text-editor.default\">\n\t\t\t\t<div class=\"elementor-widget-container\">\n\t\t\t\t\t\t\t\t\t<span style=\"color: #ffffff;\"><a style=\"color: #ffffff;\" href=\"https:\/\/concadoro.it\/fr\/hebergement\/\"><span style=\"text-decoration: underline;\">Voir nos propositions<\/span><\/a><\/span>\t\t\t\t\t\t\t\t<\/div>\n\t\t\t\t<\/div>\n\t\t\t\t<\/div>\n\t\t\t\t<\/div>\n\t\t\t\t<\/div>\n\t\t","protected":false},"excerpt":{"rendered":"<p>Camping Le camping que vous n&rsquo;attendez pas Le camping \u00e0 l&rsquo;\u00e9tat pur Vivez le camping dans sa forme la plus authentique et r\u00e9servez l&#8217;emplacement que vous souhaitez parmi les diff\u00e9rentes cat\u00e9gories disponibles. Restez en contact \u00e9troit avec la nature sur un emplacement spacieux, entour\u00e9 d&rsquo;une v\u00e9g\u00e9tation naturelle de bouleaux et d&rsquo;aulnes, offrant une ombre naturelle [&hellip;]<\/p>\n","protected":false},"author":1,"featured_media":0,"parent":0,"menu_order":0,"comment_status":"closed","ping_status":"closed","template":"","meta":{"inline_featured_image":false,"footnotes":""},"class_list":["post-8974","page","type-page","status-publish","hentry"],"yoast_head":"<!-- This site is optimized with the Yoast SEO plugin v25.5 - https:\/\/yoast.com\/wordpress\/plugins\/seo\/ -->\n<title>Pitchs - Conca d&#039;Oro Camping &amp; Lodge<\/title>\n<meta name=\"description\" content=\"Emplacements ombrag\u00e9s et \u00e9quip\u00e9s pour tentes, camping-cars ou caravanes sur le lac Majeur. R\u00e9servez votre espace id\u00e9al au Conca d&#039;Oro Camping &amp; Lodge.\" \/>\n<meta name=\"robots\" content=\"index, follow, max-snippet:-1, max-image-preview:large, max-video-preview:-1\" \/>\n<link rel=\"canonical\" href=\"https:\/\/www.concadoro.it\/fr\/camping\/\" \/>\n<meta property=\"og:locale\" content=\"fr_FR\" \/>\n<meta property=\"og:type\" content=\"article\" \/>\n<meta property=\"og:title\" content=\"Pitchs - Conca d&#039;Oro Camping &amp; Lodge\" \/>\n<meta property=\"og:description\" content=\"Emplacements ombrag\u00e9s et \u00e9quip\u00e9s pour tentes, camping-cars ou caravanes sur le lac Majeur. R\u00e9servez votre espace id\u00e9al au Conca d&#039;Oro Camping &amp; Lodge.\" \/>\n<meta property=\"og:url\" content=\"https:\/\/www.concadoro.it\/fr\/camping\/\" \/>\n<meta property=\"og:site_name\" content=\"Conca d&#039;Oro Camping &amp; Lodge\" \/>\n<meta property=\"article:publisher\" content=\"https:\/\/www.facebook.com\/campingvillageconcadoro\" \/>\n<meta property=\"article:modified_time\" content=\"2026-02-17T14:47:52+00:00\" \/>\n<meta property=\"og:image\" content=\"https:\/\/www.concadoro.it\/wp-content\/uploads\/2025\/04\/campeggio11.jpg\" \/>\n<meta name=\"twitter:card\" content=\"summary_large_image\" \/>\n<meta name=\"twitter:label1\" content=\"Dur\u00e9e de lecture estim\u00e9e\" \/>\n\t<meta name=\"twitter:data1\" content=\"3 minutes\" \/>\n<script type=\"application\/ld+json\" class=\"yoast-schema-graph\">{\"@context\":\"https:\/\/schema.org\",\"@graph\":[{\"@type\":\"WebPage\",\"@id\":\"https:\/\/www.concadoro.it\/fr\/camping\/\",\"url\":\"https:\/\/www.concadoro.it\/fr\/camping\/\",\"name\":\"Pitchs - Conca d&#039;Oro Camping &amp; Lodge\",\"isPartOf\":{\"@id\":\"https:\/\/www.concadoro.it\/fr\/#website\"},\"primaryImageOfPage\":{\"@id\":\"https:\/\/www.concadoro.it\/fr\/camping\/#primaryimage\"},\"image\":{\"@id\":\"https:\/\/www.concadoro.it\/fr\/camping\/#primaryimage\"},\"thumbnailUrl\":\"https:\/\/www.concadoro.it\/wp-content\/uploads\/2025\/04\/campeggio11.jpg\",\"datePublished\":\"2025-04-14T14:40:12+00:00\",\"dateModified\":\"2026-02-17T14:47:52+00:00\",\"description\":\"Emplacements ombrag\u00e9s et \u00e9quip\u00e9s pour tentes, camping-cars ou caravanes sur le lac Majeur. R\u00e9servez votre espace id\u00e9al au Conca d'Oro Camping & Lodge.\",\"breadcrumb\":{\"@id\":\"https:\/\/www.concadoro.it\/fr\/camping\/#breadcrumb\"},\"inLanguage\":\"fr-FR\",\"potentialAction\":[{\"@type\":\"ReadAction\",\"target\":[\"https:\/\/www.concadoro.it\/fr\/camping\/\"]}]},{\"@type\":\"ImageObject\",\"inLanguage\":\"fr-FR\",\"@id\":\"https:\/\/www.concadoro.it\/fr\/camping\/#primaryimage\",\"url\":\"https:\/\/www.concadoro.it\/wp-content\/uploads\/2025\/04\/campeggio11.jpg\",\"contentUrl\":\"https:\/\/www.concadoro.it\/wp-content\/uploads\/2025\/04\/campeggio11.jpg\"},{\"@type\":\"BreadcrumbList\",\"@id\":\"https:\/\/www.concadoro.it\/fr\/camping\/#breadcrumb\",\"itemListElement\":[{\"@type\":\"ListItem\",\"position\":1,\"name\":\"Accueil\",\"item\":\"https:\/\/www.concadoro.it\/fr\/\"},{\"@type\":\"ListItem\",\"position\":2,\"name\":\"Camping\"}]},{\"@type\":\"WebSite\",\"@id\":\"https:\/\/www.concadoro.it\/fr\/#website\",\"url\":\"https:\/\/www.concadoro.it\/fr\/\",\"name\":\"Conca d'Oro Camping & Lodge\",\"description\":\"Conca d&#039;Oro Camping &amp; Lodge\",\"publisher\":{\"@id\":\"https:\/\/www.concadoro.it\/fr\/#organization\"},\"potentialAction\":[{\"@type\":\"SearchAction\",\"target\":{\"@type\":\"EntryPoint\",\"urlTemplate\":\"https:\/\/www.concadoro.it\/fr\/?s={search_term_string}\"},\"query-input\":{\"@type\":\"PropertyValueSpecification\",\"valueRequired\":true,\"valueName\":\"search_term_string\"}}],\"inLanguage\":\"fr-FR\"},{\"@type\":\"Organization\",\"@id\":\"https:\/\/www.concadoro.it\/fr\/#organization\",\"name\":\"Conca d'Oro Camping &amp; Lodge\",\"url\":\"https:\/\/www.concadoro.it\/fr\/\",\"logo\":{\"@type\":\"ImageObject\",\"inLanguage\":\"fr-FR\",\"@id\":\"https:\/\/www.concadoro.it\/fr\/#\/schema\/logo\/image\/\",\"url\":\"https:\/\/www.concadoro.it\/wp-content\/uploads\/2025\/02\/only-logo-bg-1.png\",\"contentUrl\":\"https:\/\/www.concadoro.it\/wp-content\/uploads\/2025\/02\/only-logo-bg-1.png\",\"width\":1920,\"height\":1280,\"caption\":\"Conca d'Oro Camping &amp; Lodge\"},\"image\":{\"@id\":\"https:\/\/www.concadoro.it\/fr\/#\/schema\/logo\/image\/\"},\"sameAs\":[\"https:\/\/www.facebook.com\/campingvillageconcadoro\",\"https:\/\/www.instagram.com\/campingvillageconcadoro\/\"]}]}<\/script>\n<!-- \/ Yoast SEO plugin. -->","yoast_head_json":{"title":"Pitchs - Conca d&#039;Oro Camping &amp; Lodge","description":"Emplacements ombrag\u00e9s et \u00e9quip\u00e9s pour tentes, camping-cars ou caravanes sur le lac Majeur. R\u00e9servez votre espace id\u00e9al au Conca d'Oro Camping & Lodge.","robots":{"index":"index","follow":"follow","max-snippet":"max-snippet:-1","max-image-preview":"max-image-preview:large","max-video-preview":"max-video-preview:-1"},"canonical":"https:\/\/www.concadoro.it\/fr\/camping\/","og_locale":"fr_FR","og_type":"article","og_title":"Pitchs - Conca d&#039;Oro Camping &amp; Lodge","og_description":"Emplacements ombrag\u00e9s et \u00e9quip\u00e9s pour tentes, camping-cars ou caravanes sur le lac Majeur. R\u00e9servez votre espace id\u00e9al au Conca d'Oro Camping & Lodge.","og_url":"https:\/\/www.concadoro.it\/fr\/camping\/","og_site_name":"Conca d&#039;Oro Camping &amp; Lodge","article_publisher":"https:\/\/www.facebook.com\/campingvillageconcadoro","article_modified_time":"2026-02-17T14:47:52+00:00","og_image":[{"url":"https:\/\/www.concadoro.it\/wp-content\/uploads\/2025\/04\/campeggio11.jpg","type":"","width":"","height":""}],"twitter_card":"summary_large_image","twitter_misc":{"Dur\u00e9e de lecture estim\u00e9e":"3 minutes"},"schema":{"@context":"https:\/\/schema.org","@graph":[{"@type":"WebPage","@id":"https:\/\/www.concadoro.it\/fr\/camping\/","url":"https:\/\/www.concadoro.it\/fr\/camping\/","name":"Pitchs - Conca d&#039;Oro Camping &amp; Lodge","isPartOf":{"@id":"https:\/\/www.concadoro.it\/fr\/#website"},"primaryImageOfPage":{"@id":"https:\/\/www.concadoro.it\/fr\/camping\/#primaryimage"},"image":{"@id":"https:\/\/www.concadoro.it\/fr\/camping\/#primaryimage"},"thumbnailUrl":"https:\/\/www.concadoro.it\/wp-content\/uploads\/2025\/04\/campeggio11.jpg","datePublished":"2025-04-14T14:40:12+00:00","dateModified":"2026-02-17T14:47:52+00:00","description":"Emplacements ombrag\u00e9s et \u00e9quip\u00e9s pour tentes, camping-cars ou caravanes sur le lac Majeur. R\u00e9servez votre espace id\u00e9al au Conca d'Oro Camping & Lodge.","breadcrumb":{"@id":"https:\/\/www.concadoro.it\/fr\/camping\/#breadcrumb"},"inLanguage":"fr-FR","potentialAction":[{"@type":"ReadAction","target":["https:\/\/www.concadoro.it\/fr\/camping\/"]}]},{"@type":"ImageObject","inLanguage":"fr-FR","@id":"https:\/\/www.concadoro.it\/fr\/camping\/#primaryimage","url":"https:\/\/www.concadoro.it\/wp-content\/uploads\/2025\/04\/campeggio11.jpg","contentUrl":"https:\/\/www.concadoro.it\/wp-content\/uploads\/2025\/04\/campeggio11.jpg"},{"@type":"BreadcrumbList","@id":"https:\/\/www.concadoro.it\/fr\/camping\/#breadcrumb","itemListElement":[{"@type":"ListItem","position":1,"name":"Accueil","item":"https:\/\/www.concadoro.it\/fr\/"},{"@type":"ListItem","position":2,"name":"Camping"}]},{"@type":"WebSite","@id":"https:\/\/www.concadoro.it\/fr\/#website","url":"https:\/\/www.concadoro.it\/fr\/","name":"Conca d'Oro Camping & Lodge","description":"Conca d&#039;Oro Camping &amp; Lodge","publisher":{"@id":"https:\/\/www.concadoro.it\/fr\/#organization"},"potentialAction":[{"@type":"SearchAction","target":{"@type":"EntryPoint","urlTemplate":"https:\/\/www.concadoro.it\/fr\/?s={search_term_string}"},"query-input":{"@type":"PropertyValueSpecification","valueRequired":true,"valueName":"search_term_string"}}],"inLanguage":"fr-FR"},{"@type":"Organization","@id":"https:\/\/www.concadoro.it\/fr\/#organization","name":"Conca d'Oro Camping &amp; Lodge","url":"https:\/\/www.concadoro.it\/fr\/","logo":{"@type":"ImageObject","inLanguage":"fr-FR","@id":"https:\/\/www.concadoro.it\/fr\/#\/schema\/logo\/image\/","url":"https:\/\/www.concadoro.it\/wp-content\/uploads\/2025\/02\/only-logo-bg-1.png","contentUrl":"https:\/\/www.concadoro.it\/wp-content\/uploads\/2025\/02\/only-logo-bg-1.png","width":1920,"height":1280,"caption":"Conca d'Oro Camping &amp; Lodge"},"image":{"@id":"https:\/\/www.concadoro.it\/fr\/#\/schema\/logo\/image\/"},"sameAs":["https:\/\/www.facebook.com\/campingvillageconcadoro","https:\/\/www.instagram.com\/campingvillageconcadoro\/"]}]}},"_links":{"self":[{"href":"https:\/\/www.concadoro.it\/fr\/wp-json\/wp\/v2\/pages\/8974","targetHints":{"allow":["GET"]}}],"collection":[{"href":"https:\/\/www.concadoro.it\/fr\/wp-json\/wp\/v2\/pages"}],"about":[{"href":"https:\/\/www.concadoro.it\/fr\/wp-json\/wp\/v2\/types\/page"}],"author":[{"embeddable":true,"href":"https:\/\/www.concadoro.it\/fr\/wp-json\/wp\/v2\/users\/1"}],"replies":[{"embeddable":true,"href":"https:\/\/www.concadoro.it\/fr\/wp-json\/wp\/v2\/comments?post=8974"}],"version-history":[{"count":3,"href":"https:\/\/www.concadoro.it\/fr\/wp-json\/wp\/v2\/pages\/8974\/revisions"}],"predecessor-version":[{"id":10636,"href":"https:\/\/www.concadoro.it\/fr\/wp-json\/wp\/v2\/pages\/8974\/revisions\/10636"}],"wp:attachment":[{"href":"https:\/\/www.concadoro.it\/fr\/wp-json\/wp\/v2\/media?parent=8974"}],"curies":[{"name":"wp","href":"https:\/\/api.w.org\/{rel}","templated":true}]}}