{"id":8938,"date":"2024-11-18T07:36:10","date_gmt":"2024-11-18T06:36:10","guid":{"rendered":"https:\/\/www.uc-areatest.it\/glamping\/"},"modified":"2026-03-18T09:56:52","modified_gmt":"2026-03-18T08:56:52","slug":"glamping","status":"publish","type":"page","link":"https:\/\/www.concadoro.it\/fr\/glamping\/","title":{"rendered":"Glamping"},"content":{"rendered":"\t\t<div data-elementor-type=\"wp-page\" data-elementor-id=\"8938\" class=\"elementor elementor-8938 elementor-4615\">\n\t\t\t\t<div class=\"elementor-element elementor-element-3bd88b7 e-flex e-con-boxed e-con e-parent\" data-id=\"3bd88b7\" data-element_type=\"container\" data-settings=\"{&quot;background_background&quot;:&quot;classic&quot;}\">\n\t\t\t\t\t<div class=\"e-con-inner\">\n\t\t\t\t<div class=\"elementor-element elementor-element-249954c animated-fast elementor-invisible elementor-widget elementor-widget-heading\" data-id=\"249954c\" data-element_type=\"widget\" data-settings=\"{&quot;_animation&quot;:&quot;opal-move-up&quot;}\" data-widget_type=\"heading.default\">\n\t\t\t\t<div class=\"elementor-widget-container\">\n\t\t\t\t\t<h1 class=\"elementor-heading-title elementor-size-default\">Glamping<\/h1>\t\t\t\t<\/div>\n\t\t\t\t<\/div>\n\t\t\t\t\t<\/div>\n\t\t\t\t<\/div>\n\t\t                <div class=\"custom-elementor-parallax\" data-id=\"3bd88b7\" data-settings=\"{&quot;type&quot;:&quot;scroll&quot;,&quot;speed&quot;:&quot;1.2&quot;,&quot;keepImg&quot;:&quot;true&quot;,&quot;imgSize&quot;:&quot;cover&quot;,&quot;imgPosition&quot;:&quot;50% 0%&quot;,&quot;noAndroid&quot;:&quot;false&quot;,&quot;noIos&quot;:&quot;false&quot;}\"><\/div>\n            <div class=\"elementor-element elementor-element-c84d89b e-flex e-con-boxed e-con e-parent\" data-id=\"c84d89b\" data-element_type=\"container\" data-settings=\"{&quot;background_background&quot;:&quot;classic&quot;}\">\n\t\t\t\t\t<div class=\"e-con-inner\">\n\t\t\t\t<div class=\"elementor-element elementor-element-51be2d3 elementor-widget elementor-widget-heading\" data-id=\"51be2d3\" data-element_type=\"widget\" data-widget_type=\"heading.default\">\n\t\t\t\t<div class=\"elementor-widget-container\">\n\t\t\t\t\t<h1 class=\"elementor-heading-title elementor-size-default\">Le camping que vous n'attendez pas<\/h1>\t\t\t\t<\/div>\n\t\t\t\t<\/div>\n\t\t\t\t<div class=\"elementor-element elementor-element-59c2878 elementor-widget elementor-widget-heading\" data-id=\"59c2878\" data-element_type=\"widget\" data-widget_type=\"heading.default\">\n\t\t\t\t<div class=\"elementor-widget-container\">\n\t\t\t\t\t<h1 class=\"elementor-heading-title elementor-size-default\">Dans les lodges de glamping, <br>, vous s\u00e9journerez avec style.<\/h1>\t\t\t\t<\/div>\n\t\t\t\t<\/div>\n\t\t\t\t<div class=\"elementor-element elementor-element-cdffc78 elementor-widget__width-initial elementor-widget-mobile__width-inherit elementor-widget elementor-widget-text-editor\" data-id=\"cdffc78\" data-element_type=\"widget\" data-widget_type=\"text-editor.default\">\n\t\t\t\t<div class=\"elementor-widget-container\">\n\t\t\t\t\t\t\t\t\t<p>Le confort d&rsquo;un s\u00e9jour raffin\u00e9 et l&rsquo;immersion totale dans la nature : les lodges glamping sont parfaits pour ceux qui recherchent le meilleur des deux mondes. Des espaces soign\u00e9s, des terrasses panoramiques et un design sophistiqu\u00e9 sont con\u00e7us pour offrir un coin de tranquillit\u00e9 en pleine nature, dans un style glamour. Une alternative originale qui fait entrer le camping dans les maisons de ceux qui ne veulent pas faire de compromis sur la forme.  <\/p>\t\t\t\t\t\t\t\t<\/div>\n\t\t\t\t<\/div>\n\t\t\t\t\t<\/div>\n\t\t\t\t<\/div>\n\t\t<div class=\"elementor-element elementor-element-fc9e551 e-flex e-con-boxed e-con e-parent\" data-id=\"fc9e551\" data-element_type=\"container\">\n\t\t\t\t\t<div class=\"e-con-inner\">\n\t\t\t\t<div class=\"elementor-element elementor-element-62fc5a8 elementor-widget__width-inherit elementor-widget elementor-widget-babe-all-items\" data-id=\"62fc5a8\" data-element_type=\"widget\" data-widget_type=\"babe-all-items.default\">\n\t\t\t\t<div class=\"elementor-widget-container\">\n\t\t\t\t\t\n            <div class=\"babe_shortcode_block sc_all_items  all-items-3\">\n                <div class=\"babe_shortcode_block_bg_inner\">\n                    <div class=\"babe_shortcode_block_inner d-grid\">\n                        \n                    <\/div><div class=\"babe_pager\"><div class=\"babe_pager_inner\"><\/div><\/div>\n                <\/div>\n            <\/div>\n\t\t\t        \t\t\t\t<\/div>\n\t\t\t\t<\/div>\n\t\t\t\t\t<\/div>\n\t\t\t\t<\/div>\n\t\t<div class=\"elementor-element elementor-element-65de0f6 e-con-full e-flex e-con e-parent\" data-id=\"65de0f6\" data-element_type=\"container\">\n\t\t<div class=\"elementor-element elementor-element-8952695 e-con-full e-flex e-con e-child\" data-id=\"8952695\" data-element_type=\"container\" data-settings=\"{&quot;background_background&quot;:&quot;classic&quot;}\">\n\t\t\t\t<div class=\"elementor-element elementor-element-a443a00 animated-fast elementor-invisible elementor-widget elementor-widget-heading\" data-id=\"a443a00\" data-element_type=\"widget\" data-settings=\"{&quot;_animation&quot;:&quot;opal-move-up&quot;}\" data-widget_type=\"heading.default\">\n\t\t\t\t<div class=\"elementor-widget-container\">\n\t\t\t\t\t<h1 class=\"elementor-heading-title elementor-size-default\">Camping<\/h1>\t\t\t\t<\/div>\n\t\t\t\t<\/div>\n\t\t\t\t<div class=\"elementor-element elementor-element-a5befd7 animated-fast elementor-invisible elementor-widget elementor-widget-text-editor\" data-id=\"a5befd7\" data-element_type=\"widget\" data-settings=\"{&quot;_animation&quot;:&quot;opal-move-up&quot;,&quot;_animation_delay&quot;:300}\" data-widget_type=\"text-editor.default\">\n\t\t\t\t<div class=\"elementor-widget-container\">\n\t\t\t\t\t\t\t\t\t<span style=\"color: #ffffff;\"><a style=\"color: #ffffff;\" href=\"https:\/\/concadoro.it\/fr\/camping\/\"><span style=\"text-decoration: underline;\">Voir nos propositions<\/span><\/a><\/span>\t\t\t\t\t\t\t\t<\/div>\n\t\t\t\t<\/div>\n\t\t\t\t<\/div>\n\t\t<div class=\"elementor-element elementor-element-031093d e-con-full e-flex e-con e-child\" data-id=\"031093d\" data-element_type=\"container\" data-settings=\"{&quot;background_background&quot;:&quot;classic&quot;}\">\n\t\t\t\t<div class=\"elementor-element elementor-element-691c57b animated-fast elementor-invisible elementor-widget elementor-widget-heading\" data-id=\"691c57b\" data-element_type=\"widget\" data-settings=\"{&quot;_animation&quot;:&quot;opal-move-up&quot;}\" data-widget_type=\"heading.default\">\n\t\t\t\t<div class=\"elementor-widget-container\">\n\t\t\t\t\t<h1 class=\"elementor-heading-title elementor-size-default\">H\u00e9bergement<\/h1>\t\t\t\t<\/div>\n\t\t\t\t<\/div>\n\t\t\t\t<div class=\"elementor-element elementor-element-b55f4fb animated-fast elementor-invisible elementor-widget elementor-widget-text-editor\" data-id=\"b55f4fb\" data-element_type=\"widget\" data-settings=\"{&quot;_animation&quot;:&quot;opal-move-up&quot;,&quot;_animation_delay&quot;:300}\" data-widget_type=\"text-editor.default\">\n\t\t\t\t<div class=\"elementor-widget-container\">\n\t\t\t\t\t\t\t\t\t<span style=\"color: #ffffff;\"><a style=\"color: #ffffff;\" href=\"https:\/\/concadoro.it\/fr\/hebergement\/\"><span style=\"text-decoration: underline;\">Voir nos propositions<\/span><\/a><\/span>\t\t\t\t\t\t\t\t<\/div>\n\t\t\t\t<\/div>\n\t\t\t\t<\/div>\n\t\t\t\t<\/div>\n\t\t\t\t<\/div>\n\t\t","protected":false},"excerpt":{"rendered":"<p>Glamping Le camping que vous n&rsquo;attendez pas Dans les lodges de glamping, , vous s\u00e9journerez avec style. Le confort d&rsquo;un s\u00e9jour raffin\u00e9 et l&rsquo;immersion totale dans la nature : les lodges glamping sont parfaits pour ceux qui recherchent le meilleur des deux mondes. Des espaces soign\u00e9s, des terrasses panoramiques et un design sophistiqu\u00e9 sont con\u00e7us [&hellip;]<\/p>\n","protected":false},"author":1,"featured_media":0,"parent":0,"menu_order":0,"comment_status":"closed","ping_status":"closed","template":"","meta":{"inline_featured_image":false,"footnotes":""},"class_list":["post-8938","page","type-page","status-publish","hentry"],"yoast_head":"<!-- This site is optimized with the Yoast SEO plugin v25.5 - https:\/\/yoast.com\/wordpress\/plugins\/seo\/ -->\n<title>Glamping - %.<\/title>\n<meta name=\"description\" content=\"Vivez l&#039;exp\u00e9rience du glamping \u00e0 Conca d&#039;Oro : tentes \u00e9l\u00e9gantes et pavillons de safari entour\u00e9s de nature, avec vue sur le lac Majeur.\" \/>\n<meta name=\"robots\" content=\"index, follow, max-snippet:-1, max-image-preview:large, max-video-preview:-1\" \/>\n<link rel=\"canonical\" href=\"https:\/\/www.concadoro.it\/fr\/glamping\/\" \/>\n<meta property=\"og:locale\" content=\"fr_FR\" \/>\n<meta property=\"og:type\" content=\"article\" \/>\n<meta property=\"og:title\" content=\"Glamping - %.\" \/>\n<meta property=\"og:description\" content=\"Vivez l&#039;exp\u00e9rience du glamping \u00e0 Conca d&#039;Oro : tentes \u00e9l\u00e9gantes et pavillons de safari entour\u00e9s de nature, avec vue sur le lac Majeur.\" \/>\n<meta property=\"og:url\" content=\"https:\/\/www.concadoro.it\/fr\/glamping\/\" \/>\n<meta property=\"og:site_name\" content=\"Conca d&#039;Oro Camping &amp; Lodge\" \/>\n<meta property=\"article:publisher\" content=\"https:\/\/www.facebook.com\/campingvillageconcadoro\" \/>\n<meta property=\"article:modified_time\" content=\"2026-03-18T08:56:52+00:00\" \/>\n<meta property=\"og:image\" content=\"https:\/\/www.concadoro.it\/wp-content\/uploads\/2025\/02\/MN-LDG-GD-20.jpg\" \/>\n<meta name=\"twitter:card\" content=\"summary_large_image\" \/>\n<meta name=\"twitter:label1\" content=\"Dur\u00e9e de lecture estim\u00e9e\" \/>\n\t<meta name=\"twitter:data1\" content=\"2 minutes\" \/>\n<script type=\"application\/ld+json\" class=\"yoast-schema-graph\">{\"@context\":\"https:\/\/schema.org\",\"@graph\":[{\"@type\":\"WebPage\",\"@id\":\"https:\/\/www.concadoro.it\/fr\/glamping\/\",\"url\":\"https:\/\/www.concadoro.it\/fr\/glamping\/\",\"name\":\"Glamping - %.\",\"isPartOf\":{\"@id\":\"https:\/\/www.concadoro.it\/fr\/#website\"},\"primaryImageOfPage\":{\"@id\":\"https:\/\/www.concadoro.it\/fr\/glamping\/#primaryimage\"},\"image\":{\"@id\":\"https:\/\/www.concadoro.it\/fr\/glamping\/#primaryimage\"},\"thumbnailUrl\":\"https:\/\/www.concadoro.it\/wp-content\/uploads\/2025\/02\/MN-LDG-GD-20.jpg\",\"datePublished\":\"2024-11-18T06:36:10+00:00\",\"dateModified\":\"2026-03-18T08:56:52+00:00\",\"description\":\"Vivez l'exp\u00e9rience du glamping \u00e0 Conca d'Oro : tentes \u00e9l\u00e9gantes et pavillons de safari entour\u00e9s de nature, avec vue sur le lac Majeur.\",\"breadcrumb\":{\"@id\":\"https:\/\/www.concadoro.it\/fr\/glamping\/#breadcrumb\"},\"inLanguage\":\"fr-FR\",\"potentialAction\":[{\"@type\":\"ReadAction\",\"target\":[\"https:\/\/www.concadoro.it\/fr\/glamping\/\"]}]},{\"@type\":\"ImageObject\",\"inLanguage\":\"fr-FR\",\"@id\":\"https:\/\/www.concadoro.it\/fr\/glamping\/#primaryimage\",\"url\":\"https:\/\/www.concadoro.it\/wp-content\/uploads\/2025\/02\/MN-LDG-GD-20.jpg\",\"contentUrl\":\"https:\/\/www.concadoro.it\/wp-content\/uploads\/2025\/02\/MN-LDG-GD-20.jpg\"},{\"@type\":\"BreadcrumbList\",\"@id\":\"https:\/\/www.concadoro.it\/fr\/glamping\/#breadcrumb\",\"itemListElement\":[{\"@type\":\"ListItem\",\"position\":1,\"name\":\"Accueil\",\"item\":\"https:\/\/www.concadoro.it\/fr\/\"},{\"@type\":\"ListItem\",\"position\":2,\"name\":\"Glamping\"}]},{\"@type\":\"WebSite\",\"@id\":\"https:\/\/www.concadoro.it\/fr\/#website\",\"url\":\"https:\/\/www.concadoro.it\/fr\/\",\"name\":\"Conca d'Oro Camping & Lodge\",\"description\":\"Conca d&#039;Oro Camping &amp; Lodge\",\"publisher\":{\"@id\":\"https:\/\/www.concadoro.it\/fr\/#organization\"},\"potentialAction\":[{\"@type\":\"SearchAction\",\"target\":{\"@type\":\"EntryPoint\",\"urlTemplate\":\"https:\/\/www.concadoro.it\/fr\/?s={search_term_string}\"},\"query-input\":{\"@type\":\"PropertyValueSpecification\",\"valueRequired\":true,\"valueName\":\"search_term_string\"}}],\"inLanguage\":\"fr-FR\"},{\"@type\":\"Organization\",\"@id\":\"https:\/\/www.concadoro.it\/fr\/#organization\",\"name\":\"Conca d'Oro Camping &amp; Lodge\",\"url\":\"https:\/\/www.concadoro.it\/fr\/\",\"logo\":{\"@type\":\"ImageObject\",\"inLanguage\":\"fr-FR\",\"@id\":\"https:\/\/www.concadoro.it\/fr\/#\/schema\/logo\/image\/\",\"url\":\"https:\/\/www.concadoro.it\/wp-content\/uploads\/2025\/02\/only-logo-bg-1.png\",\"contentUrl\":\"https:\/\/www.concadoro.it\/wp-content\/uploads\/2025\/02\/only-logo-bg-1.png\",\"width\":1920,\"height\":1280,\"caption\":\"Conca d'Oro Camping &amp; Lodge\"},\"image\":{\"@id\":\"https:\/\/www.concadoro.it\/fr\/#\/schema\/logo\/image\/\"},\"sameAs\":[\"https:\/\/www.facebook.com\/campingvillageconcadoro\",\"https:\/\/www.instagram.com\/campingvillageconcadoro\/\"]}]}<\/script>\n<!-- \/ Yoast SEO plugin. -->","yoast_head_json":{"title":"Glamping - %.","description":"Vivez l'exp\u00e9rience du glamping \u00e0 Conca d'Oro : tentes \u00e9l\u00e9gantes et pavillons de safari entour\u00e9s de nature, avec vue sur le lac Majeur.","robots":{"index":"index","follow":"follow","max-snippet":"max-snippet:-1","max-image-preview":"max-image-preview:large","max-video-preview":"max-video-preview:-1"},"canonical":"https:\/\/www.concadoro.it\/fr\/glamping\/","og_locale":"fr_FR","og_type":"article","og_title":"Glamping - %.","og_description":"Vivez l'exp\u00e9rience du glamping \u00e0 Conca d'Oro : tentes \u00e9l\u00e9gantes et pavillons de safari entour\u00e9s de nature, avec vue sur le lac Majeur.","og_url":"https:\/\/www.concadoro.it\/fr\/glamping\/","og_site_name":"Conca d&#039;Oro Camping &amp; Lodge","article_publisher":"https:\/\/www.facebook.com\/campingvillageconcadoro","article_modified_time":"2026-03-18T08:56:52+00:00","og_image":[{"url":"https:\/\/www.concadoro.it\/wp-content\/uploads\/2025\/02\/MN-LDG-GD-20.jpg","type":"","width":"","height":""}],"twitter_card":"summary_large_image","twitter_misc":{"Dur\u00e9e de lecture estim\u00e9e":"2 minutes"},"schema":{"@context":"https:\/\/schema.org","@graph":[{"@type":"WebPage","@id":"https:\/\/www.concadoro.it\/fr\/glamping\/","url":"https:\/\/www.concadoro.it\/fr\/glamping\/","name":"Glamping - %.","isPartOf":{"@id":"https:\/\/www.concadoro.it\/fr\/#website"},"primaryImageOfPage":{"@id":"https:\/\/www.concadoro.it\/fr\/glamping\/#primaryimage"},"image":{"@id":"https:\/\/www.concadoro.it\/fr\/glamping\/#primaryimage"},"thumbnailUrl":"https:\/\/www.concadoro.it\/wp-content\/uploads\/2025\/02\/MN-LDG-GD-20.jpg","datePublished":"2024-11-18T06:36:10+00:00","dateModified":"2026-03-18T08:56:52+00:00","description":"Vivez l'exp\u00e9rience du glamping \u00e0 Conca d'Oro : tentes \u00e9l\u00e9gantes et pavillons de safari entour\u00e9s de nature, avec vue sur le lac Majeur.","breadcrumb":{"@id":"https:\/\/www.concadoro.it\/fr\/glamping\/#breadcrumb"},"inLanguage":"fr-FR","potentialAction":[{"@type":"ReadAction","target":["https:\/\/www.concadoro.it\/fr\/glamping\/"]}]},{"@type":"ImageObject","inLanguage":"fr-FR","@id":"https:\/\/www.concadoro.it\/fr\/glamping\/#primaryimage","url":"https:\/\/www.concadoro.it\/wp-content\/uploads\/2025\/02\/MN-LDG-GD-20.jpg","contentUrl":"https:\/\/www.concadoro.it\/wp-content\/uploads\/2025\/02\/MN-LDG-GD-20.jpg"},{"@type":"BreadcrumbList","@id":"https:\/\/www.concadoro.it\/fr\/glamping\/#breadcrumb","itemListElement":[{"@type":"ListItem","position":1,"name":"Accueil","item":"https:\/\/www.concadoro.it\/fr\/"},{"@type":"ListItem","position":2,"name":"Glamping"}]},{"@type":"WebSite","@id":"https:\/\/www.concadoro.it\/fr\/#website","url":"https:\/\/www.concadoro.it\/fr\/","name":"Conca d'Oro Camping & Lodge","description":"Conca d&#039;Oro Camping &amp; Lodge","publisher":{"@id":"https:\/\/www.concadoro.it\/fr\/#organization"},"potentialAction":[{"@type":"SearchAction","target":{"@type":"EntryPoint","urlTemplate":"https:\/\/www.concadoro.it\/fr\/?s={search_term_string}"},"query-input":{"@type":"PropertyValueSpecification","valueRequired":true,"valueName":"search_term_string"}}],"inLanguage":"fr-FR"},{"@type":"Organization","@id":"https:\/\/www.concadoro.it\/fr\/#organization","name":"Conca d'Oro Camping &amp; Lodge","url":"https:\/\/www.concadoro.it\/fr\/","logo":{"@type":"ImageObject","inLanguage":"fr-FR","@id":"https:\/\/www.concadoro.it\/fr\/#\/schema\/logo\/image\/","url":"https:\/\/www.concadoro.it\/wp-content\/uploads\/2025\/02\/only-logo-bg-1.png","contentUrl":"https:\/\/www.concadoro.it\/wp-content\/uploads\/2025\/02\/only-logo-bg-1.png","width":1920,"height":1280,"caption":"Conca d'Oro Camping &amp; Lodge"},"image":{"@id":"https:\/\/www.concadoro.it\/fr\/#\/schema\/logo\/image\/"},"sameAs":["https:\/\/www.facebook.com\/campingvillageconcadoro","https:\/\/www.instagram.com\/campingvillageconcadoro\/"]}]}},"_links":{"self":[{"href":"https:\/\/www.concadoro.it\/fr\/wp-json\/wp\/v2\/pages\/8938","targetHints":{"allow":["GET"]}}],"collection":[{"href":"https:\/\/www.concadoro.it\/fr\/wp-json\/wp\/v2\/pages"}],"about":[{"href":"https:\/\/www.concadoro.it\/fr\/wp-json\/wp\/v2\/types\/page"}],"author":[{"embeddable":true,"href":"https:\/\/www.concadoro.it\/fr\/wp-json\/wp\/v2\/users\/1"}],"replies":[{"embeddable":true,"href":"https:\/\/www.concadoro.it\/fr\/wp-json\/wp\/v2\/comments?post=8938"}],"version-history":[{"count":6,"href":"https:\/\/www.concadoro.it\/fr\/wp-json\/wp\/v2\/pages\/8938\/revisions"}],"predecessor-version":[{"id":10820,"href":"https:\/\/www.concadoro.it\/fr\/wp-json\/wp\/v2\/pages\/8938\/revisions\/10820"}],"wp:attachment":[{"href":"https:\/\/www.concadoro.it\/fr\/wp-json\/wp\/v2\/media?parent=8938"}],"curies":[{"name":"wp","href":"https:\/\/api.w.org\/{rel}","templated":true}]}}