{"id":9575,"date":"2025-05-05T12:05:55","date_gmt":"2025-05-05T10:05:55","guid":{"rendered":"https:\/\/www.uc-areatest.it\/angeln-am-lago-maggiore\/"},"modified":"2025-06-20T10:29:34","modified_gmt":"2025-06-20T08:29:34","slug":"angeln-am-lago-maggiore","status":"publish","type":"page","link":"https:\/\/www.concadoro.it\/de\/angeln-am-lago-maggiore\/","title":{"rendered":"Angeln am Lago Maggiore"},"content":{"rendered":"\t\t<div data-elementor-type=\"wp-page\" data-elementor-id=\"9575\" class=\"elementor elementor-9575 elementor-7642\">\n\t\t\t\t<div class=\"elementor-element elementor-element-8596470 e-lazyloaded e-flex e-con-boxed e-con e-parent\" data-id=\"8596470\" data-element_type=\"container\" data-settings=\"{&quot;background_background&quot;:&quot;video&quot;,&quot;background_video_link&quot;:&quot;https:\\\/\\\/concadoro.it\\\/wp-content\\\/uploads\\\/2025\\\/05\\\/4821102-uhd_4096_2160_25fps-1.mp4&quot;,&quot;background_play_on_mobile&quot;:&quot;yes&quot;}\">\n\t\t\t\t\t<div class=\"e-con-inner\">\n\t\t<div class=\"elementor-background-video-container\">\n\t\t\t\t\t\t\t<video class=\"elementor-background-video-hosted\" autoplay muted playsinline loop><\/video>\n\t\t\t\t\t<\/div>\t\t<div class=\"elementor-element elementor-element-f2d6c81 animated-fast elementor-invisible elementor-widget elementor-widget-heading\" data-id=\"f2d6c81\" data-element_type=\"widget\" data-settings=\"{&quot;_animation&quot;:&quot;opal-move-up&quot;}\" data-widget_type=\"heading.default\">\n\t\t\t\t<div class=\"elementor-widget-container\">\n\t\t\t\t\t<h1 class=\"elementor-heading-title elementor-size-default\">Angeln am Lago Maggiore<\/h1>\t\t\t\t<\/div>\n\t\t\t\t<\/div>\n\t\t\t\t<div class=\"elementor-element elementor-element-65b3453 animated-fast elementor-invisible elementor-widget elementor-widget-text-editor\" data-id=\"65b3453\" data-element_type=\"widget\" data-settings=\"{&quot;_animation&quot;:&quot;opal-move-up&quot;,&quot;_animation_delay&quot;:300}\" data-widget_type=\"text-editor.default\">\n\t\t\t\t<div class=\"elementor-widget-container\">\n\t\t\t\t\t\t\t\t\t<p>Alles, was Sie wissen m\u00fcssen<\/p>\t\t\t\t\t\t\t\t<\/div>\n\t\t\t\t<\/div>\n\t\t\t\t\t<\/div>\n\t\t\t\t<\/div>\n\t\t                <div class=\"custom-elementor-parallax\" data-id=\"8596470\" data-settings=\"{&quot;type&quot;:&quot;scroll&quot;,&quot;speed&quot;:&quot;1.2&quot;,&quot;keepImg&quot;:&quot;true&quot;,&quot;imgSize&quot;:&quot;cover&quot;,&quot;imgPosition&quot;:&quot;50% 0%&quot;,&quot;noAndroid&quot;:&quot;false&quot;,&quot;noIos&quot;:&quot;false&quot;}\"><\/div>\n            <div class=\"elementor-element elementor-element-89a2bd2 e-flex e-con-boxed e-con e-parent\" data-id=\"89a2bd2\" data-element_type=\"container\">\n\t\t\t\t\t<div class=\"e-con-inner\">\n\t\t<div class=\"elementor-element elementor-element-6b86f8a e-con-full e-flex e-con e-child\" data-id=\"6b86f8a\" data-element_type=\"container\">\n\t\t\t\t<div class=\"elementor-element elementor-element-2d78161 elementor-widget elementor-widget-heading\" data-id=\"2d78161\" data-element_type=\"widget\" data-widget_type=\"heading.default\">\n\t\t\t\t<div class=\"elementor-widget-container\">\n\t\t\t\t\t<h4 class=\"elementor-heading-title elementor-size-default\">Lizenzen<\/h4>\t\t\t\t<\/div>\n\t\t\t\t<\/div>\n\t\t\t\t<div class=\"elementor-element elementor-element-3c5c12b elementor-widget elementor-widget-text-editor\" data-id=\"3c5c12b\" data-element_type=\"widget\" data-widget_type=\"text-editor.default\">\n\t\t\t\t<div class=\"elementor-widget-container\">\n\t\t\t\t\t\t\t\t\t<p><span style=\"font-weight: 400;\">M\u00f6chten Sie das Angeln am Lago Maggiore erleben?  <\/span><span style=\"font-weight: 400;\">Hier finden Sie die wichtigsten Informationen, um es richtig und reibungslos zu machen!<\/span><\/p><p><b>Obligatorische Lizenz<\/b><\/p><p><span style=\"font-weight: 400;\">Um in den Gew\u00e4ssern des Lago Maggiore und der Region Piemont zu angeln, ben\u00f6tigen Sie einen <\/span><b>Amateur-Angelschein<\/b><span style=\"font-weight: 400;\">. Dies kann erreicht werden durch eine  <\/span><b>befristete Genehmigung<\/b><span style=\"font-weight: 400;\"> oder durch Zahlung der <\/span><b>regionalen Konzessionsgeb\u00fchr<\/b><span style=\"font-weight: 400;\">  (35 \u20ac f\u00fcr den F\u00fchrerschein Typ B, kostenlos f\u00fcr Kinder unter 14 Jahren). Die Zahlung erfolgt \u00fcber die   <\/span><b>PAGOPA<\/b><span style=\"font-weight: 400;\"> und ist g\u00fcltig f\u00fcr <\/span><b>365 Tage<\/b><span style=\"font-weight: 400;\">.<\/span><\/p><p><b>Lizenzen aus anderen Regionen<\/b><\/p><p><span style=\"font-weight: 400;\">Wenn Sie einen Angelschein besitzen, der in einer anderen italienischen Region oder in den autonomen Provinzen Trient und Bozen ausgestellt wurde, ist dieser auch im Piemont g\u00fcltig. Wenn Sie jedoch aus einer anderen Provinz oder Region kommen und im Lago Maggiore fischen m\u00f6chten (FIPSAS-Konzession), m\u00fcssen Sie eine FIPSAS-Geb\u00fchr entrichten: <\/span><span style=\"font-weight: 400;\"><br><\/span><\/p><ul><li><b>\u20ac6,00<\/b><span style=\"font-weight: 400;\"> f\u00fcr junge Leute (geboren ab 2007)<\/span><\/li><li><b>\u20ac30,00<\/b><span style=\"font-weight: 400;\"> f\u00fcr Erwachsene<\/span><span style=\"font-weight: 400;\"><br><\/span><span style=\"font-weight: 400;\">(G\u00fcltigkeit: <\/span><b>3 Monate<\/b><span style=\"font-weight: 400;\">)<\/span><\/li><\/ul>\t\t\t\t\t\t\t\t<\/div>\n\t\t\t\t<\/div>\n\t\t\t\t<div class=\"elementor-element elementor-element-7dabe38 elementor-widget-divider--view-line elementor-widget elementor-widget-divider\" data-id=\"7dabe38\" data-element_type=\"widget\" data-widget_type=\"divider.default\">\n\t\t\t\t<div class=\"elementor-widget-container\">\n\t\t\t\t\t\t\t<div class=\"elementor-divider\">\n\t\t\t<span class=\"elementor-divider-separator\">\n\t\t\t\t\t\t<\/span>\n\t\t<\/div>\n\t\t\t\t\t\t<\/div>\n\t\t\t\t<\/div>\n\t\t\t\t<\/div>\n\t\t\t\t\t<\/div>\n\t\t\t\t<\/div>\n\t\t<div class=\"elementor-element elementor-element-ef8f1db e-flex e-con-boxed e-con e-parent\" data-id=\"ef8f1db\" data-element_type=\"container\">\n\t\t\t\t\t<div class=\"e-con-inner\">\n\t\t<div class=\"elementor-element elementor-element-95f62ae e-con-full e-flex e-con e-child\" data-id=\"95f62ae\" data-element_type=\"container\">\n\t\t\t\t<div class=\"elementor-element elementor-element-62830c3 elementor-widget elementor-widget-heading\" data-id=\"62830c3\" data-element_type=\"widget\" data-widget_type=\"heading.default\">\n\t\t\t\t<div class=\"elementor-widget-container\">\n\t\t\t\t\t<h4 class=\"elementor-heading-title elementor-size-default\">Wo und wie man angelt<\/h4>\t\t\t\t<\/div>\n\t\t\t\t<\/div>\n\t\t\t\t<div class=\"elementor-element elementor-element-4364614 elementor-widget elementor-widget-text-editor\" data-id=\"4364614\" data-element_type=\"widget\" data-widget_type=\"text-editor.default\">\n\t\t\t\t<div class=\"elementor-widget-container\">\n\t\t\t\t\t\t\t\t\t<p><b><span style=\"font-weight: 400;\">\u2705 <\/span>Vom Ufer aus <\/b><span style=\"font-weight: 400;\">Mit der Standardlizenz ist ein Markierungsbuch nicht erforderlich.<\/span><span style=\"font-weight: 400;\"><br \/><\/span><span style=\"font-weight: 400;\">\u2705<\/span> <b>In Fl\u00fcssen oder Binnengew\u00e4ssern<\/b><span style=\"font-weight: 400;\">: obligatorisch das <\/span><b>FIPSAS Markierungsheft<\/b><span style=\"font-weight: 400;\"> (10 \u20ac f\u00fcr Einwohner von VCO, 20 \u20ac f\u00fcr Nicht-Einwohner, kostenlos f\u00fcr Kinder).<\/span><span style=\"font-weight: 400;\"><br \/><\/span><span style=\"font-weight: 400;\">\u2705<\/span> <b>Mit dem Boot<\/b><span style=\"font-weight: 400;\">: a <\/span><b>Bootsf\u00fchrerschein<\/b><span style=\"font-weight: 400;\"> mit den folgenden Geb\u00fchren:<\/span><\/p><ul><li style=\"font-weight: 400;\" aria-level=\"1\"><b>\u20ac50,00<\/b><span style=\"font-weight: 400;\"> j\u00e4hrlich<\/span><\/li><li style=\"font-weight: 400;\" aria-level=\"1\"><b>\u20ac20,00<\/b><span style=\"font-weight: 400;\"> w\u00f6chentlich<\/span><\/li><li style=\"font-weight: 400;\" aria-level=\"1\"><b>\u20ac10,00<\/b><span style=\"font-weight: 400;\"> t\u00e4glich<\/span><\/li><\/ul><p><b>Wichtig<\/b><span style=\"font-weight: 400;\">: Tragen Sie immer ein <\/span><b>Ausweisdokument<\/b><span style=\"font-weight: 400;\"> und die Quittung f\u00fcr die Zahlung der Lizenzgeb\u00fchr!<\/span><\/p><p><span style=\"font-weight: 400;\">Sind Sie bereit, Ihre Angel in den Gew\u00e4ssern des Lago Maggiore auszuwerfen?<\/span><\/p><p><span style=\"font-weight: 400;\">\u26a0<\/span> <b>Warnung<\/b><span style=\"font-weight: 400;\">: <\/span><b>Es ist nicht m\u00f6glich, vom Ufer des Campingplatzes oder auf dem Gebiet des Naturparks Fondotoce zu angeln.<\/b><\/p>\t\t\t\t\t\t\t\t<\/div>\n\t\t\t\t<\/div>\n\t\t\t\t<\/div>\n\t\t\t\t\t<\/div>\n\t\t\t\t<\/div>\n\t\t\t\t<\/div>\n\t\t","protected":false},"excerpt":{"rendered":"<p>Angeln am Lago Maggiore Alles, was Sie wissen m\u00fcssen Lizenzen M\u00f6chten Sie das Angeln am Lago Maggiore erleben? Hier finden Sie die wichtigsten Informationen, um es richtig und reibungslos zu machen! Obligatorische Lizenz Um in den Gew\u00e4ssern des Lago Maggiore und der Region Piemont zu angeln, ben\u00f6tigen Sie einen Amateur-Angelschein. Dies kann erreicht werden durch [&hellip;]<\/p>\n","protected":false},"author":1,"featured_media":0,"parent":0,"menu_order":0,"comment_status":"closed","ping_status":"closed","template":"","meta":{"inline_featured_image":false,"footnotes":""},"class_list":["post-9575","page","type-page","status-publish","hentry"],"yoast_head":"<!-- This site is optimized with the Yoast SEO plugin v25.5 - https:\/\/yoast.com\/wordpress\/plugins\/seo\/ -->\n<title>Angeln am Lago Maggiore - Conca d&#039;Oro Camping &amp; Lodge<\/title>\n<meta name=\"robots\" content=\"index, follow, max-snippet:-1, max-image-preview:large, max-video-preview:-1\" \/>\n<link rel=\"canonical\" href=\"https:\/\/www.concadoro.it\/de\/angeln-am-lago-maggiore\/\" \/>\n<meta property=\"og:locale\" content=\"de_DE\" \/>\n<meta property=\"og:type\" content=\"article\" \/>\n<meta property=\"og:title\" content=\"Angeln am Lago Maggiore - Conca d&#039;Oro Camping &amp; Lodge\" \/>\n<meta property=\"og:description\" content=\"Angeln am Lago Maggiore Alles, was Sie wissen m\u00fcssen Lizenzen M\u00f6chten Sie das Angeln am Lago Maggiore erleben? Hier finden Sie die wichtigsten Informationen, um es richtig und reibungslos zu machen! Obligatorische Lizenz Um in den Gew\u00e4ssern des Lago Maggiore und der Region Piemont zu angeln, ben\u00f6tigen Sie einen Amateur-Angelschein. Dies kann erreicht werden durch [&hellip;]\" \/>\n<meta property=\"og:url\" content=\"https:\/\/www.concadoro.it\/de\/angeln-am-lago-maggiore\/\" \/>\n<meta property=\"og:site_name\" content=\"Conca d&#039;Oro Camping &amp; Lodge\" \/>\n<meta property=\"article:publisher\" content=\"https:\/\/www.facebook.com\/campingvillageconcadoro\" \/>\n<meta property=\"article:modified_time\" content=\"2025-06-20T08:29:34+00:00\" \/>\n<meta property=\"og:image\" content=\"https:\/\/www.concadoro.it\/wp-content\/uploads\/2025\/02\/conca-doro_22.jpg\" \/>\n\t<meta property=\"og:image:width\" content=\"1920\" \/>\n\t<meta property=\"og:image:height\" content=\"1282\" \/>\n\t<meta property=\"og:image:type\" content=\"image\/jpeg\" \/>\n<meta name=\"twitter:card\" content=\"summary_large_image\" \/>\n<meta name=\"twitter:label1\" content=\"Gesch\u00e4tzte Lesezeit\" \/>\n\t<meta name=\"twitter:data1\" content=\"2\u00a0Minute\" \/>\n<script type=\"application\/ld+json\" class=\"yoast-schema-graph\">{\"@context\":\"https:\/\/schema.org\",\"@graph\":[{\"@type\":\"WebPage\",\"@id\":\"https:\/\/www.concadoro.it\/de\/angeln-am-lago-maggiore\/\",\"url\":\"https:\/\/www.concadoro.it\/de\/angeln-am-lago-maggiore\/\",\"name\":\"Angeln am Lago Maggiore - Conca d&#039;Oro Camping &amp; Lodge\",\"isPartOf\":{\"@id\":\"https:\/\/www.concadoro.it\/de\/#website\"},\"datePublished\":\"2025-05-05T10:05:55+00:00\",\"dateModified\":\"2025-06-20T08:29:34+00:00\",\"breadcrumb\":{\"@id\":\"https:\/\/www.concadoro.it\/de\/angeln-am-lago-maggiore\/#breadcrumb\"},\"inLanguage\":\"de\",\"potentialAction\":[{\"@type\":\"ReadAction\",\"target\":[\"https:\/\/www.concadoro.it\/de\/angeln-am-lago-maggiore\/\"]}]},{\"@type\":\"BreadcrumbList\",\"@id\":\"https:\/\/www.concadoro.it\/de\/angeln-am-lago-maggiore\/#breadcrumb\",\"itemListElement\":[{\"@type\":\"ListItem\",\"position\":1,\"name\":\"Startseite\",\"item\":\"https:\/\/www.concadoro.it\/de\/\"},{\"@type\":\"ListItem\",\"position\":2,\"name\":\"Angeln am Lago Maggiore\"}]},{\"@type\":\"WebSite\",\"@id\":\"https:\/\/www.concadoro.it\/de\/#website\",\"url\":\"https:\/\/www.concadoro.it\/de\/\",\"name\":\"Conca d'Oro Camping & Lodge\",\"description\":\"Conca d&#039;Oro Camping &amp; Lodge\",\"publisher\":{\"@id\":\"https:\/\/www.concadoro.it\/de\/#organization\"},\"potentialAction\":[{\"@type\":\"SearchAction\",\"target\":{\"@type\":\"EntryPoint\",\"urlTemplate\":\"https:\/\/www.concadoro.it\/de\/?s={search_term_string}\"},\"query-input\":{\"@type\":\"PropertyValueSpecification\",\"valueRequired\":true,\"valueName\":\"search_term_string\"}}],\"inLanguage\":\"de\"},{\"@type\":\"Organization\",\"@id\":\"https:\/\/www.concadoro.it\/de\/#organization\",\"name\":\"Conca d'Oro Camping &amp; Lodge\",\"url\":\"https:\/\/www.concadoro.it\/de\/\",\"logo\":{\"@type\":\"ImageObject\",\"inLanguage\":\"de\",\"@id\":\"https:\/\/www.concadoro.it\/de\/#\/schema\/logo\/image\/\",\"url\":\"https:\/\/www.concadoro.it\/wp-content\/uploads\/2025\/02\/only-logo-bg-1.png\",\"contentUrl\":\"https:\/\/www.concadoro.it\/wp-content\/uploads\/2025\/02\/only-logo-bg-1.png\",\"width\":1920,\"height\":1280,\"caption\":\"Conca d'Oro Camping &amp; Lodge\"},\"image\":{\"@id\":\"https:\/\/www.concadoro.it\/de\/#\/schema\/logo\/image\/\"},\"sameAs\":[\"https:\/\/www.facebook.com\/campingvillageconcadoro\",\"https:\/\/www.instagram.com\/campingvillageconcadoro\/\"]}]}<\/script>\n<!-- \/ Yoast SEO plugin. -->","yoast_head_json":{"title":"Angeln am Lago Maggiore - Conca d&#039;Oro Camping &amp; Lodge","robots":{"index":"index","follow":"follow","max-snippet":"max-snippet:-1","max-image-preview":"max-image-preview:large","max-video-preview":"max-video-preview:-1"},"canonical":"https:\/\/www.concadoro.it\/de\/angeln-am-lago-maggiore\/","og_locale":"de_DE","og_type":"article","og_title":"Angeln am Lago Maggiore - Conca d&#039;Oro Camping &amp; Lodge","og_description":"Angeln am Lago Maggiore Alles, was Sie wissen m\u00fcssen Lizenzen M\u00f6chten Sie das Angeln am Lago Maggiore erleben? Hier finden Sie die wichtigsten Informationen, um es richtig und reibungslos zu machen! Obligatorische Lizenz Um in den Gew\u00e4ssern des Lago Maggiore und der Region Piemont zu angeln, ben\u00f6tigen Sie einen Amateur-Angelschein. Dies kann erreicht werden durch [&hellip;]","og_url":"https:\/\/www.concadoro.it\/de\/angeln-am-lago-maggiore\/","og_site_name":"Conca d&#039;Oro Camping &amp; Lodge","article_publisher":"https:\/\/www.facebook.com\/campingvillageconcadoro","article_modified_time":"2025-06-20T08:29:34+00:00","og_image":[{"width":1920,"height":1282,"url":"https:\/\/www.concadoro.it\/wp-content\/uploads\/2025\/02\/conca-doro_22.jpg","type":"image\/jpeg"}],"twitter_card":"summary_large_image","twitter_misc":{"Gesch\u00e4tzte Lesezeit":"2\u00a0Minute"},"schema":{"@context":"https:\/\/schema.org","@graph":[{"@type":"WebPage","@id":"https:\/\/www.concadoro.it\/de\/angeln-am-lago-maggiore\/","url":"https:\/\/www.concadoro.it\/de\/angeln-am-lago-maggiore\/","name":"Angeln am Lago Maggiore - Conca d&#039;Oro Camping &amp; Lodge","isPartOf":{"@id":"https:\/\/www.concadoro.it\/de\/#website"},"datePublished":"2025-05-05T10:05:55+00:00","dateModified":"2025-06-20T08:29:34+00:00","breadcrumb":{"@id":"https:\/\/www.concadoro.it\/de\/angeln-am-lago-maggiore\/#breadcrumb"},"inLanguage":"de","potentialAction":[{"@type":"ReadAction","target":["https:\/\/www.concadoro.it\/de\/angeln-am-lago-maggiore\/"]}]},{"@type":"BreadcrumbList","@id":"https:\/\/www.concadoro.it\/de\/angeln-am-lago-maggiore\/#breadcrumb","itemListElement":[{"@type":"ListItem","position":1,"name":"Startseite","item":"https:\/\/www.concadoro.it\/de\/"},{"@type":"ListItem","position":2,"name":"Angeln am Lago Maggiore"}]},{"@type":"WebSite","@id":"https:\/\/www.concadoro.it\/de\/#website","url":"https:\/\/www.concadoro.it\/de\/","name":"Conca d'Oro Camping & Lodge","description":"Conca d&#039;Oro Camping &amp; Lodge","publisher":{"@id":"https:\/\/www.concadoro.it\/de\/#organization"},"potentialAction":[{"@type":"SearchAction","target":{"@type":"EntryPoint","urlTemplate":"https:\/\/www.concadoro.it\/de\/?s={search_term_string}"},"query-input":{"@type":"PropertyValueSpecification","valueRequired":true,"valueName":"search_term_string"}}],"inLanguage":"de"},{"@type":"Organization","@id":"https:\/\/www.concadoro.it\/de\/#organization","name":"Conca d'Oro Camping &amp; Lodge","url":"https:\/\/www.concadoro.it\/de\/","logo":{"@type":"ImageObject","inLanguage":"de","@id":"https:\/\/www.concadoro.it\/de\/#\/schema\/logo\/image\/","url":"https:\/\/www.concadoro.it\/wp-content\/uploads\/2025\/02\/only-logo-bg-1.png","contentUrl":"https:\/\/www.concadoro.it\/wp-content\/uploads\/2025\/02\/only-logo-bg-1.png","width":1920,"height":1280,"caption":"Conca d'Oro Camping &amp; Lodge"},"image":{"@id":"https:\/\/www.concadoro.it\/de\/#\/schema\/logo\/image\/"},"sameAs":["https:\/\/www.facebook.com\/campingvillageconcadoro","https:\/\/www.instagram.com\/campingvillageconcadoro\/"]}]}},"_links":{"self":[{"href":"https:\/\/www.concadoro.it\/de\/wp-json\/wp\/v2\/pages\/9575","targetHints":{"allow":["GET"]}}],"collection":[{"href":"https:\/\/www.concadoro.it\/de\/wp-json\/wp\/v2\/pages"}],"about":[{"href":"https:\/\/www.concadoro.it\/de\/wp-json\/wp\/v2\/types\/page"}],"author":[{"embeddable":true,"href":"https:\/\/www.concadoro.it\/de\/wp-json\/wp\/v2\/users\/1"}],"replies":[{"embeddable":true,"href":"https:\/\/www.concadoro.it\/de\/wp-json\/wp\/v2\/comments?post=9575"}],"version-history":[{"count":3,"href":"https:\/\/www.concadoro.it\/de\/wp-json\/wp\/v2\/pages\/9575\/revisions"}],"predecessor-version":[{"id":9948,"href":"https:\/\/www.concadoro.it\/de\/wp-json\/wp\/v2\/pages\/9575\/revisions\/9948"}],"wp:attachment":[{"href":"https:\/\/www.concadoro.it\/de\/wp-json\/wp\/v2\/media?parent=9575"}],"curies":[{"name":"wp","href":"https:\/\/api.w.org\/{rel}","templated":true}]}}