{"id":9568,"date":"2025-05-05T13:57:01","date_gmt":"2025-05-05T11:57:01","guid":{"rendered":"https:\/\/www.uc-areatest.it\/segeln-auf-dem-lago-maggiore\/"},"modified":"2025-06-20T10:33:33","modified_gmt":"2025-06-20T08:33:33","slug":"bootfahren-auf-dem-lago-maggiore","status":"publish","type":"page","link":"https:\/\/www.concadoro.it\/de\/bootfahren-auf-dem-lago-maggiore\/","title":{"rendered":"Bootfahren auf dem Lago Maggiore"},"content":{"rendered":"\t\t<div data-elementor-type=\"wp-page\" data-elementor-id=\"9568\" class=\"elementor elementor-9568 elementor-7648\">\n\t\t\t\t<div class=\"elementor-element elementor-element-8596470 e-lazyloaded e-flex e-con-boxed e-con e-parent\" data-id=\"8596470\" data-element_type=\"container\" data-settings=\"{&quot;background_background&quot;:&quot;video&quot;,&quot;background_video_link&quot;:&quot;https:\\\/\\\/concadoro.it\\\/wp-content\\\/uploads\\\/2025\\\/05\\\/12921418_3840_2160_30fps-1-1.mp4&quot;,&quot;background_play_on_mobile&quot;:&quot;yes&quot;}\">\n\t\t\t\t\t<div class=\"e-con-inner\">\n\t\t<div class=\"elementor-background-video-container\">\n\t\t\t\t\t\t\t<video class=\"elementor-background-video-hosted\" autoplay muted playsinline loop><\/video>\n\t\t\t\t\t<\/div>\t\t<div class=\"elementor-element elementor-element-f2d6c81 animated-fast elementor-invisible elementor-widget elementor-widget-heading\" data-id=\"f2d6c81\" data-element_type=\"widget\" data-settings=\"{&quot;_animation&quot;:&quot;opal-move-up&quot;}\" data-widget_type=\"heading.default\">\n\t\t\t\t<div class=\"elementor-widget-container\">\n\t\t\t\t\t<h1 class=\"elementor-heading-title elementor-size-default\">Bootfahren auf dem Lago Maggiore<\/h1>\t\t\t\t<\/div>\n\t\t\t\t<\/div>\n\t\t\t\t<div class=\"elementor-element elementor-element-65b3453 animated-fast elementor-invisible elementor-widget elementor-widget-text-editor\" data-id=\"65b3453\" data-element_type=\"widget\" data-settings=\"{&quot;_animation&quot;:&quot;opal-move-up&quot;,&quot;_animation_delay&quot;:300}\" data-widget_type=\"text-editor.default\">\n\t\t\t\t<div class=\"elementor-widget-container\">\n\t\t\t\t\t\t\t\t\t<p>Alles, was Sie wissen m\u00fcssen<\/p>\t\t\t\t\t\t\t\t<\/div>\n\t\t\t\t<\/div>\n\t\t\t\t\t<\/div>\n\t\t\t\t<\/div>\n\t\t                <div class=\"custom-elementor-parallax\" data-id=\"8596470\" data-settings=\"{&quot;type&quot;:&quot;scroll&quot;,&quot;speed&quot;:&quot;1.2&quot;,&quot;keepImg&quot;:&quot;true&quot;,&quot;imgSize&quot;:&quot;cover&quot;,&quot;imgPosition&quot;:&quot;50% 0%&quot;,&quot;noAndroid&quot;:&quot;false&quot;,&quot;noIos&quot;:&quot;false&quot;}\"><\/div>\n            <div class=\"elementor-element elementor-element-89a2bd2 e-flex e-con-boxed e-con e-parent\" data-id=\"89a2bd2\" data-element_type=\"container\">\n\t\t\t\t\t<div class=\"e-con-inner\">\n\t\t<div class=\"elementor-element elementor-element-6b86f8a e-con-full e-flex e-con e-child\" data-id=\"6b86f8a\" data-element_type=\"container\">\n\t\t\t\t<div class=\"elementor-element elementor-element-2d78161 elementor-widget elementor-widget-heading\" data-id=\"2d78161\" data-element_type=\"widget\" data-widget_type=\"heading.default\">\n\t\t\t\t<div class=\"elementor-widget-container\">\n\t\t\t\t\t<h4 class=\"elementor-heading-title elementor-size-default\">Lizenzen<\/h4>\t\t\t\t<\/div>\n\t\t\t\t<\/div>\n\t\t\t\t<div class=\"elementor-element elementor-element-3c5c12b elementor-widget elementor-widget-text-editor\" data-id=\"3c5c12b\" data-element_type=\"widget\" data-widget_type=\"text-editor.default\">\n\t\t\t\t<div class=\"elementor-widget-container\">\n\t\t\t\t\t\t\t\t\t<p><span style=\"font-weight: 400;\">Wenn Ihr Schiff <\/span><b>nicht registriert ist<\/b><span style=\"font-weight: 400;\"> und Sie m\u00f6chten segeln auf dem <\/span><b>Lago Maggiore (Verbano) oder auf dem Luganer See (Ceresio)<\/b><span style=\"font-weight: 400;\">m\u00fcssen Sie es mit einem <\/span><b>Identifikationsmarke<\/b><span style=\"font-weight: 400;\">. Ein obligatorischer Schritt, der in der  <\/span><b>Gesetz 203\/2011<\/b><span style=\"font-weight: 400;\"> und die <\/span><b>Internationale Schifffahrtsbestimmungen<\/b><span style=\"font-weight: 400;\">.<\/span><\/p>\t\t\t\t\t\t\t\t<\/div>\n\t\t\t\t<\/div>\n\t\t\t\t<div class=\"elementor-element elementor-element-7dabe38 elementor-widget-divider--view-line elementor-widget elementor-widget-divider\" data-id=\"7dabe38\" data-element_type=\"widget\" data-widget_type=\"divider.default\">\n\t\t\t\t<div class=\"elementor-widget-container\">\n\t\t\t\t\t\t\t<div class=\"elementor-divider\">\n\t\t\t<span class=\"elementor-divider-separator\">\n\t\t\t\t\t\t<\/span>\n\t\t<\/div>\n\t\t\t\t\t\t<\/div>\n\t\t\t\t<\/div>\n\t\t\t\t<\/div>\n\t\t\t\t\t<\/div>\n\t\t\t\t<\/div>\n\t\t<div class=\"elementor-element elementor-element-ef8f1db e-flex e-con-boxed e-con e-parent\" data-id=\"ef8f1db\" data-element_type=\"container\">\n\t\t\t\t\t<div class=\"e-con-inner\">\n\t\t<div class=\"elementor-element elementor-element-95f62ae e-con-full e-flex e-con e-child\" data-id=\"95f62ae\" data-element_type=\"container\">\n\t\t\t\t<div class=\"elementor-element elementor-element-62830c3 elementor-widget elementor-widget-heading\" data-id=\"62830c3\" data-element_type=\"widget\" data-widget_type=\"heading.default\">\n\t\t\t\t<div class=\"elementor-widget-container\">\n\t\t\t\t\t<h4 class=\"elementor-heading-title elementor-size-default\">Wie bewirbt man sich?<\/h4>\t\t\t\t<\/div>\n\t\t\t\t<\/div>\n\t\t\t\t<div class=\"elementor-element elementor-element-4364614 elementor-widget elementor-widget-text-editor\" data-id=\"4364614\" data-element_type=\"widget\" data-widget_type=\"text-editor.default\">\n\t\t\t\t<div class=\"elementor-widget-container\">\n\t\t\t\t\t\t\t\t\t<p><span style=\"font-weight: 400;\">Der Antrag auf Eintragung in die <\/span><b>Nautischen Liste<\/b><span style=\"font-weight: 400;\"> und die Ausstellung der Plakette muss bei der <\/span><b>Gemeinde des Referenzortes <\/b><span style=\"font-weight: 400;\">eingereicht werden, in der Sie Ihren Wohnsitz haben:<\/span><span style=\"font-weight: 400;\"><br \/><\/span><span style=\"font-weight: 400;\">\u2714\ufe0f<\/span><span style=\"font-weight: 400;\"> Eine Konzessionsboje<\/span><span style=\"font-weight: 400;\"><br \/><\/span><span style=\"font-weight: 400;\">\u2714\ufe0f<\/span><span style=\"font-weight: 400;\"> Ein Liegeplatz<\/span><span style=\"font-weight: 400;\"><br \/><\/span><span style=\"font-weight: 400;\">\u2714\ufe0f<\/span><span style=\"font-weight: 400;\"> Eine Lagereinrichtung<\/span><span style=\"font-weight: 400;\"><br \/><\/span><span style=\"font-weight: 400;\">\u2714\ufe0f<\/span><span style=\"font-weight: 400;\"> Eine \u00fcbliche Helling<\/span><\/p>\t\t\t\t\t\t\t\t<\/div>\n\t\t\t\t<\/div>\n\t\t\t\t<div class=\"elementor-element elementor-element-30c5e14 elementor-widget-divider--view-line elementor-widget elementor-widget-divider\" data-id=\"30c5e14\" data-element_type=\"widget\" data-widget_type=\"divider.default\">\n\t\t\t\t<div class=\"elementor-widget-container\">\n\t\t\t\t\t\t\t<div class=\"elementor-divider\">\n\t\t\t<span class=\"elementor-divider-separator\">\n\t\t\t\t\t\t<\/span>\n\t\t<\/div>\n\t\t\t\t\t\t<\/div>\n\t\t\t\t<\/div>\n\t\t\t\t<\/div>\n\t\t\t\t\t<\/div>\n\t\t\t\t<\/div>\n\t\t<div class=\"elementor-element elementor-element-9e93280 e-flex e-con-boxed e-con e-parent\" data-id=\"9e93280\" data-element_type=\"container\">\n\t\t\t\t\t<div class=\"e-con-inner\">\n\t\t<div class=\"elementor-element elementor-element-b3df48d e-con-full e-flex e-con e-child\" data-id=\"b3df48d\" data-element_type=\"container\">\n\t\t\t\t<div class=\"elementor-element elementor-element-3534823 elementor-widget elementor-widget-heading\" data-id=\"3534823\" data-element_type=\"widget\" data-widget_type=\"heading.default\">\n\t\t\t\t<div class=\"elementor-widget-container\">\n\t\t\t\t\t<h4 class=\"elementor-heading-title elementor-size-default\">Erforderliche Dokumente<\/h4>\t\t\t\t<\/div>\n\t\t\t\t<\/div>\n\t\t\t\t<div class=\"elementor-element elementor-element-e1a380c elementor-widget elementor-widget-text-editor\" data-id=\"e1a380c\" data-element_type=\"widget\" data-widget_type=\"text-editor.default\">\n\t\t\t\t<div class=\"elementor-widget-container\">\n\t\t\t\t\t\t\t\t\t<p><span style=\"font-weight: 400;\">Fotokopie eines g\u00fcltigen Ausweises<\/span><span style=\"font-weight: 400;\"><br \/><\/span><span style=\"font-weight: 400;\">\ud83d\udccc<\/span><span style=\"font-weight: 400;\"> Kopie des <\/span><b>Bescheinigung der Schiffseigenschaften<\/b><span style=\"font-weight: 400;\"><br \/><\/span><span style=\"font-weight: 400;\">\ud83d\udccc<\/span><span style=\"font-weight: 400;\"> Kopie des <\/span><b>Kfz-Betriebserlaubnis<\/b><span style=\"font-weight: 400;\"> oder <\/span><b>Erkl\u00e4rung zur Leistung<\/b><span style=\"font-weight: 400;\"><br \/><\/span><span style=\"font-weight: 400;\">\ud83d\udccc<\/span><span style=\"font-weight: 400;\"> Zertifikat oder Bescheinigung einer <\/span><b>R.C.-Versicherung<\/b><span style=\"font-weight: 400;\"><br \/><\/span><span style=\"font-weight: 400;\">\ud83d\udccc<\/span><span style=\"font-weight: 400;\"> Kopie des <\/span><b>Liegeplatztitels<\/b><span style=\"font-weight: 400;\"> oder Angabe des \u00fcblichen Liegeplatzes<\/span><span style=\"font-weight: 400;\"><br \/><\/span><span style=\"font-weight: 400;\">\ud83d\udccc<\/span><span style=\"font-weight: 400;\"> Kopie des <\/span><b>Posteinzahlungsschein<\/b><\/p>\t\t\t\t\t\t\t\t<\/div>\n\t\t\t\t<\/div>\n\t\t\t\t<div class=\"elementor-element elementor-element-b6e0c6c elementor-widget-divider--view-line elementor-widget elementor-widget-divider\" data-id=\"b6e0c6c\" data-element_type=\"widget\" data-widget_type=\"divider.default\">\n\t\t\t\t<div class=\"elementor-widget-container\">\n\t\t\t\t\t\t\t<div class=\"elementor-divider\">\n\t\t\t<span class=\"elementor-divider-separator\">\n\t\t\t\t\t\t<\/span>\n\t\t<\/div>\n\t\t\t\t\t\t<\/div>\n\t\t\t\t<\/div>\n\t\t\t\t<\/div>\n\t\t\t\t\t<\/div>\n\t\t\t\t<\/div>\n\t\t<div class=\"elementor-element elementor-element-ddd1444 e-flex e-con-boxed e-con e-parent\" data-id=\"ddd1444\" data-element_type=\"container\">\n\t\t\t\t\t<div class=\"e-con-inner\">\n\t\t<div class=\"elementor-element elementor-element-de49962 e-con-full e-flex e-con e-child\" data-id=\"de49962\" data-element_type=\"container\">\n\t\t\t\t<div class=\"elementor-element elementor-element-b140196 elementor-widget elementor-widget-heading\" data-id=\"b140196\" data-element_type=\"widget\" data-widget_type=\"heading.default\">\n\t\t\t\t<div class=\"elementor-widget-container\">\n\t\t\t\t\t<h4 class=\"elementor-heading-title elementor-size-default\">Was Sie bekommen<\/h4>\t\t\t\t<\/div>\n\t\t\t\t<\/div>\n\t\t\t\t<div class=\"elementor-element elementor-element-e12e1b1 elementor-widget elementor-widget-text-editor\" data-id=\"e12e1b1\" data-element_type=\"widget\" data-widget_type=\"text-editor.default\">\n\t\t\t\t<div class=\"elementor-widget-container\">\n\t\t\t\t\t\t\t\t\t<p><span style=\"font-weight: 400;\">\u2714\ufe0f<\/span><span style=\"font-weight: 400;\"> Eintragung des Schiffes in das <\/span><b>Nautischen Verzeichnis<\/b><span style=\"font-weight: 400;\"><br \/><\/span><span style=\"font-weight: 400;\">\u2714\ufe0f<\/span><span style=\"font-weight: 400;\"> Ausgabe des <\/span><b>Erkennungsmarke (Nummernschild)<\/b><\/p><p><span style=\"font-weight: 400;\">\ud83d\udcb0<\/span> <b>Kosten<\/b><span style=\"font-weight: 400;\"><br \/><\/span><span style=\"font-weight: 400;\">Der Service kostet <\/span><b>\u20ac30,00<\/b><span style=\"font-weight: 400;\"> f\u00fcr die Registrierung und die Ausstellung der Brosch\u00fcre und der Erkennungsmarken.<\/span><\/p><p><span style=\"font-weight: 400;\">\ud83d\udcc5<\/span> <b>Fristen<\/b><span style=\"font-weight: 400;\"><br \/><\/span><span style=\"font-weight: 400;\">Der Zeitrahmen f\u00fcr die Erteilung wird durch die geltenden Vorschriften festgelegt.<\/span><\/p><p><span style=\"font-weight: 400;\">Segeln Sie sicher und regelkonform: Wenn Sie ein unregistriertes Schiff haben, stellen Sie sicher, dass Sie Ihr <\/span><b>Erkennungsmarke<\/b><span style=\"font-weight: 400;\"> bevor Sie in See stechen! <\/span><span style=\"font-weight: 400;\">\ud83c\udf0a\u2693<\/span><\/p>\t\t\t\t\t\t\t\t<\/div>\n\t\t\t\t<\/div>\n\t\t\t\t<\/div>\n\t\t\t\t\t<\/div>\n\t\t\t\t<\/div>\n\t\t\t\t<\/div>\n\t\t","protected":false},"excerpt":{"rendered":"<p>Bootfahren auf dem Lago Maggiore Alles, was Sie wissen m\u00fcssen Lizenzen Wenn Ihr Schiff nicht registriert ist und Sie m\u00f6chten segeln auf dem Lago Maggiore (Verbano) oder auf dem Luganer See (Ceresio)m\u00fcssen Sie es mit einem Identifikationsmarke. Ein obligatorischer Schritt, der in der Gesetz 203\/2011 und die Internationale Schifffahrtsbestimmungen. Wie bewirbt man sich? Der Antrag [&hellip;]<\/p>\n","protected":false},"author":1,"featured_media":0,"parent":0,"menu_order":0,"comment_status":"closed","ping_status":"closed","template":"","meta":{"inline_featured_image":false,"footnotes":""},"class_list":["post-9568","page","type-page","status-publish","hentry"],"yoast_head":"<!-- This site is optimized with the Yoast SEO plugin v25.5 - https:\/\/yoast.com\/wordpress\/plugins\/seo\/ -->\n<title>Bootfahren auf dem Lago Maggiore - Conca d&#039;Oro Camping &amp; Lodge<\/title>\n<meta name=\"robots\" content=\"index, follow, max-snippet:-1, max-image-preview:large, max-video-preview:-1\" \/>\n<link rel=\"canonical\" href=\"https:\/\/www.concadoro.it\/de\/bootfahren-auf-dem-lago-maggiore\/\" \/>\n<meta property=\"og:locale\" content=\"de_DE\" \/>\n<meta property=\"og:type\" content=\"article\" \/>\n<meta property=\"og:title\" content=\"Bootfahren auf dem Lago Maggiore - Conca d&#039;Oro Camping &amp; Lodge\" \/>\n<meta property=\"og:description\" content=\"Bootfahren auf dem Lago Maggiore Alles, was Sie wissen m\u00fcssen Lizenzen Wenn Ihr Schiff nicht registriert ist und Sie m\u00f6chten segeln auf dem Lago Maggiore (Verbano) oder auf dem Luganer See (Ceresio)m\u00fcssen Sie es mit einem Identifikationsmarke. Ein obligatorischer Schritt, der in der Gesetz 203\/2011 und die Internationale Schifffahrtsbestimmungen. Wie bewirbt man sich? Der Antrag [&hellip;]\" \/>\n<meta property=\"og:url\" content=\"https:\/\/www.concadoro.it\/de\/bootfahren-auf-dem-lago-maggiore\/\" \/>\n<meta property=\"og:site_name\" content=\"Conca d&#039;Oro Camping &amp; Lodge\" \/>\n<meta property=\"article:publisher\" content=\"https:\/\/www.facebook.com\/campingvillageconcadoro\" \/>\n<meta property=\"article:modified_time\" content=\"2025-06-20T08:33:33+00:00\" \/>\n<meta property=\"og:image\" content=\"https:\/\/www.concadoro.it\/wp-content\/uploads\/2025\/02\/conca-doro_22.jpg\" \/>\n\t<meta property=\"og:image:width\" content=\"1920\" \/>\n\t<meta property=\"og:image:height\" content=\"1282\" \/>\n\t<meta property=\"og:image:type\" content=\"image\/jpeg\" \/>\n<meta name=\"twitter:card\" content=\"summary_large_image\" \/>\n<meta name=\"twitter:label1\" content=\"Gesch\u00e4tzte Lesezeit\" \/>\n\t<meta name=\"twitter:data1\" content=\"2\u00a0Minute\" \/>\n<script type=\"application\/ld+json\" class=\"yoast-schema-graph\">{\"@context\":\"https:\/\/schema.org\",\"@graph\":[{\"@type\":\"WebPage\",\"@id\":\"https:\/\/www.concadoro.it\/de\/bootfahren-auf-dem-lago-maggiore\/\",\"url\":\"https:\/\/www.concadoro.it\/de\/bootfahren-auf-dem-lago-maggiore\/\",\"name\":\"Bootfahren auf dem Lago Maggiore - Conca d&#039;Oro Camping &amp; Lodge\",\"isPartOf\":{\"@id\":\"https:\/\/www.concadoro.it\/de\/#website\"},\"datePublished\":\"2025-05-05T11:57:01+00:00\",\"dateModified\":\"2025-06-20T08:33:33+00:00\",\"breadcrumb\":{\"@id\":\"https:\/\/www.concadoro.it\/de\/bootfahren-auf-dem-lago-maggiore\/#breadcrumb\"},\"inLanguage\":\"de\",\"potentialAction\":[{\"@type\":\"ReadAction\",\"target\":[\"https:\/\/www.concadoro.it\/de\/bootfahren-auf-dem-lago-maggiore\/\"]}]},{\"@type\":\"BreadcrumbList\",\"@id\":\"https:\/\/www.concadoro.it\/de\/bootfahren-auf-dem-lago-maggiore\/#breadcrumb\",\"itemListElement\":[{\"@type\":\"ListItem\",\"position\":1,\"name\":\"Startseite\",\"item\":\"https:\/\/www.concadoro.it\/de\/\"},{\"@type\":\"ListItem\",\"position\":2,\"name\":\"Bootfahren auf dem Lago Maggiore\"}]},{\"@type\":\"WebSite\",\"@id\":\"https:\/\/www.concadoro.it\/de\/#website\",\"url\":\"https:\/\/www.concadoro.it\/de\/\",\"name\":\"Conca d'Oro Camping & Lodge\",\"description\":\"Conca d&#039;Oro Camping &amp; Lodge\",\"publisher\":{\"@id\":\"https:\/\/www.concadoro.it\/de\/#organization\"},\"potentialAction\":[{\"@type\":\"SearchAction\",\"target\":{\"@type\":\"EntryPoint\",\"urlTemplate\":\"https:\/\/www.concadoro.it\/de\/?s={search_term_string}\"},\"query-input\":{\"@type\":\"PropertyValueSpecification\",\"valueRequired\":true,\"valueName\":\"search_term_string\"}}],\"inLanguage\":\"de\"},{\"@type\":\"Organization\",\"@id\":\"https:\/\/www.concadoro.it\/de\/#organization\",\"name\":\"Conca d'Oro Camping &amp; Lodge\",\"url\":\"https:\/\/www.concadoro.it\/de\/\",\"logo\":{\"@type\":\"ImageObject\",\"inLanguage\":\"de\",\"@id\":\"https:\/\/www.concadoro.it\/de\/#\/schema\/logo\/image\/\",\"url\":\"https:\/\/www.concadoro.it\/wp-content\/uploads\/2025\/02\/only-logo-bg-1.png\",\"contentUrl\":\"https:\/\/www.concadoro.it\/wp-content\/uploads\/2025\/02\/only-logo-bg-1.png\",\"width\":1920,\"height\":1280,\"caption\":\"Conca d'Oro Camping &amp; Lodge\"},\"image\":{\"@id\":\"https:\/\/www.concadoro.it\/de\/#\/schema\/logo\/image\/\"},\"sameAs\":[\"https:\/\/www.facebook.com\/campingvillageconcadoro\",\"https:\/\/www.instagram.com\/campingvillageconcadoro\/\"]}]}<\/script>\n<!-- \/ Yoast SEO plugin. -->","yoast_head_json":{"title":"Bootfahren auf dem Lago Maggiore - Conca d&#039;Oro Camping &amp; Lodge","robots":{"index":"index","follow":"follow","max-snippet":"max-snippet:-1","max-image-preview":"max-image-preview:large","max-video-preview":"max-video-preview:-1"},"canonical":"https:\/\/www.concadoro.it\/de\/bootfahren-auf-dem-lago-maggiore\/","og_locale":"de_DE","og_type":"article","og_title":"Bootfahren auf dem Lago Maggiore - Conca d&#039;Oro Camping &amp; Lodge","og_description":"Bootfahren auf dem Lago Maggiore Alles, was Sie wissen m\u00fcssen Lizenzen Wenn Ihr Schiff nicht registriert ist und Sie m\u00f6chten segeln auf dem Lago Maggiore (Verbano) oder auf dem Luganer See (Ceresio)m\u00fcssen Sie es mit einem Identifikationsmarke. Ein obligatorischer Schritt, der in der Gesetz 203\/2011 und die Internationale Schifffahrtsbestimmungen. Wie bewirbt man sich? Der Antrag [&hellip;]","og_url":"https:\/\/www.concadoro.it\/de\/bootfahren-auf-dem-lago-maggiore\/","og_site_name":"Conca d&#039;Oro Camping &amp; Lodge","article_publisher":"https:\/\/www.facebook.com\/campingvillageconcadoro","article_modified_time":"2025-06-20T08:33:33+00:00","og_image":[{"width":1920,"height":1282,"url":"https:\/\/www.concadoro.it\/wp-content\/uploads\/2025\/02\/conca-doro_22.jpg","type":"image\/jpeg"}],"twitter_card":"summary_large_image","twitter_misc":{"Gesch\u00e4tzte Lesezeit":"2\u00a0Minute"},"schema":{"@context":"https:\/\/schema.org","@graph":[{"@type":"WebPage","@id":"https:\/\/www.concadoro.it\/de\/bootfahren-auf-dem-lago-maggiore\/","url":"https:\/\/www.concadoro.it\/de\/bootfahren-auf-dem-lago-maggiore\/","name":"Bootfahren auf dem Lago Maggiore - Conca d&#039;Oro Camping &amp; Lodge","isPartOf":{"@id":"https:\/\/www.concadoro.it\/de\/#website"},"datePublished":"2025-05-05T11:57:01+00:00","dateModified":"2025-06-20T08:33:33+00:00","breadcrumb":{"@id":"https:\/\/www.concadoro.it\/de\/bootfahren-auf-dem-lago-maggiore\/#breadcrumb"},"inLanguage":"de","potentialAction":[{"@type":"ReadAction","target":["https:\/\/www.concadoro.it\/de\/bootfahren-auf-dem-lago-maggiore\/"]}]},{"@type":"BreadcrumbList","@id":"https:\/\/www.concadoro.it\/de\/bootfahren-auf-dem-lago-maggiore\/#breadcrumb","itemListElement":[{"@type":"ListItem","position":1,"name":"Startseite","item":"https:\/\/www.concadoro.it\/de\/"},{"@type":"ListItem","position":2,"name":"Bootfahren auf dem Lago Maggiore"}]},{"@type":"WebSite","@id":"https:\/\/www.concadoro.it\/de\/#website","url":"https:\/\/www.concadoro.it\/de\/","name":"Conca d'Oro Camping & Lodge","description":"Conca d&#039;Oro Camping &amp; Lodge","publisher":{"@id":"https:\/\/www.concadoro.it\/de\/#organization"},"potentialAction":[{"@type":"SearchAction","target":{"@type":"EntryPoint","urlTemplate":"https:\/\/www.concadoro.it\/de\/?s={search_term_string}"},"query-input":{"@type":"PropertyValueSpecification","valueRequired":true,"valueName":"search_term_string"}}],"inLanguage":"de"},{"@type":"Organization","@id":"https:\/\/www.concadoro.it\/de\/#organization","name":"Conca d'Oro Camping &amp; Lodge","url":"https:\/\/www.concadoro.it\/de\/","logo":{"@type":"ImageObject","inLanguage":"de","@id":"https:\/\/www.concadoro.it\/de\/#\/schema\/logo\/image\/","url":"https:\/\/www.concadoro.it\/wp-content\/uploads\/2025\/02\/only-logo-bg-1.png","contentUrl":"https:\/\/www.concadoro.it\/wp-content\/uploads\/2025\/02\/only-logo-bg-1.png","width":1920,"height":1280,"caption":"Conca d'Oro Camping &amp; Lodge"},"image":{"@id":"https:\/\/www.concadoro.it\/de\/#\/schema\/logo\/image\/"},"sameAs":["https:\/\/www.facebook.com\/campingvillageconcadoro","https:\/\/www.instagram.com\/campingvillageconcadoro\/"]}]}},"_links":{"self":[{"href":"https:\/\/www.concadoro.it\/de\/wp-json\/wp\/v2\/pages\/9568","targetHints":{"allow":["GET"]}}],"collection":[{"href":"https:\/\/www.concadoro.it\/de\/wp-json\/wp\/v2\/pages"}],"about":[{"href":"https:\/\/www.concadoro.it\/de\/wp-json\/wp\/v2\/types\/page"}],"author":[{"embeddable":true,"href":"https:\/\/www.concadoro.it\/de\/wp-json\/wp\/v2\/users\/1"}],"replies":[{"embeddable":true,"href":"https:\/\/www.concadoro.it\/de\/wp-json\/wp\/v2\/comments?post=9568"}],"version-history":[{"count":3,"href":"https:\/\/www.concadoro.it\/de\/wp-json\/wp\/v2\/pages\/9568\/revisions"}],"predecessor-version":[{"id":9956,"href":"https:\/\/www.concadoro.it\/de\/wp-json\/wp\/v2\/pages\/9568\/revisions\/9956"}],"wp:attachment":[{"href":"https:\/\/www.concadoro.it\/de\/wp-json\/wp\/v2\/media?parent=9568"}],"curies":[{"name":"wp","href":"https:\/\/api.w.org\/{rel}","templated":true}]}}