{"id":8992,"date":"2025-03-25T10:25:03","date_gmt":"2025-03-25T09:25:03","guid":{"rendered":"https:\/\/www.uc-areatest.it\/buchungsbedingungen\/"},"modified":"2025-10-07T15:40:17","modified_gmt":"2025-10-07T13:40:17","slug":"buchungsbedingungen","status":"publish","type":"page","link":"https:\/\/www.concadoro.it\/de\/buchungsbedingungen\/","title":{"rendered":"Buchungsbedingungen"},"content":{"rendered":"\t\t<div data-elementor-type=\"wp-page\" data-elementor-id=\"8992\" class=\"elementor elementor-8992 elementor-7333\">\n\t\t\t\t<div class=\"elementor-element elementor-element-8596470 e-lazyloaded e-flex e-con-boxed e-con e-parent\" data-id=\"8596470\" data-element_type=\"container\" data-settings=\"{&quot;background_background&quot;:&quot;classic&quot;}\">\n\t\t\t\t\t<div class=\"e-con-inner\">\n\t\t\t\t<div class=\"elementor-element elementor-element-f2d6c81 animated-fast elementor-invisible elementor-widget elementor-widget-heading\" data-id=\"f2d6c81\" data-element_type=\"widget\" data-settings=\"{&quot;_animation&quot;:&quot;opal-move-up&quot;}\" data-widget_type=\"heading.default\">\n\t\t\t\t<div class=\"elementor-widget-container\">\n\t\t\t\t\t<h1 class=\"elementor-heading-title elementor-size-default\">Buchungsbedingungen<\/h1>\t\t\t\t<\/div>\n\t\t\t\t<\/div>\n\t\t\t\t\t<\/div>\n\t\t\t\t<\/div>\n\t\t                <div class=\"custom-elementor-parallax\" data-id=\"8596470\" data-settings=\"{&quot;type&quot;:&quot;scroll&quot;,&quot;speed&quot;:&quot;1.2&quot;,&quot;keepImg&quot;:&quot;true&quot;,&quot;imgSize&quot;:&quot;cover&quot;,&quot;imgPosition&quot;:&quot;50% 0%&quot;,&quot;noAndroid&quot;:&quot;false&quot;,&quot;noIos&quot;:&quot;false&quot;}\"><\/div>\n            <div class=\"elementor-element elementor-element-89a2bd2 e-flex e-con-boxed e-con e-parent\" data-id=\"89a2bd2\" data-element_type=\"container\">\n\t\t\t\t\t<div class=\"e-con-inner\">\n\t\t<div class=\"elementor-element elementor-element-6b86f8a e-con-full e-flex e-con e-child\" data-id=\"6b86f8a\" data-element_type=\"container\">\n\t\t\t\t<div class=\"elementor-element elementor-element-d27be0f elementor-widget elementor-widget-text-editor\" data-id=\"d27be0f\" data-element_type=\"widget\" data-widget_type=\"text-editor.default\">\n\t\t\t\t<div class=\"elementor-widget-container\">\n\t\t\t\t\t\t\t\t\t<p data-start=\"735\" data-end=\"1010\"><strong data-start=\"735\" data-end=\"747\">WICHTIG:<\/strong> S\u00e4mtliche Mitteilungen und Anfragen, sowohl zu <strong data-start=\"795\" data-end=\"819\">neuen Reservierungen<\/strong> als auch zu <strong data-start=\"832\" data-end=\"857\">bestehenden Buchungen<\/strong>, m\u00fcssen <strong data-start=\"866\" data-end=\"895\">ausschlie\u00dflich per E-Mail<\/strong> gesendet werden. Bitte gib bei Anfragen zu einer bestehenden Reservierung unbedingt deine <strong data-start=\"988\" data-end=\"1006\">Buchungsnummer<\/strong> an.<\/p><div><b>Es wird empfohlen, eine geeignete Reiseversicherung abzuschlie\u00dfen, die im Falle von Stornierungen nach Ablauf der kostenlosen Stornierungsfrist oder bei unvorhergesehenen \u00c4nderungen der Reisedaten Schutz bietet.<\/b><\/div>\t\t\t\t\t\t\t\t<\/div>\n\t\t\t\t<\/div>\n\t\t\t\t<div class=\"elementor-element elementor-element-2d78161 elementor-widget elementor-widget-heading\" data-id=\"2d78161\" data-element_type=\"widget\" data-widget_type=\"heading.default\">\n\t\t\t\t<div class=\"elementor-widget-container\">\n\t\t\t\t\t<h4 class=\"elementor-heading-title elementor-size-default\">Reservierungen<\/h4>\t\t\t\t<\/div>\n\t\t\t\t<\/div>\n\t\t\t\t<div class=\"elementor-element elementor-element-3c5c12b elementor-widget elementor-widget-text-editor\" data-id=\"3c5c12b\" data-element_type=\"widget\" data-widget_type=\"text-editor.default\">\n\t\t\t\t<div class=\"elementor-widget-container\">\n\t\t\t\t\t\t\t\t\t<p><span style=\"font-weight: 400;\">Sie k\u00f6nnen direkt \u00fcber die Buchungsmaschine auf unserer Website reservieren.<br \/>Durch die Eingabe der Aufenthaltsdauer und der Zusammensetzung Ihrer Reisegruppe aktualisiert das System in Echtzeit die Verf\u00fcgbarkeit und berechnet automatisch die Kosten f\u00fcr Ihren Aufenthalt.<\/span><\/p><p><span style=\"font-weight: 400;\">Um die Reservierung zu best\u00e4tigen, ist eine Anzahlung erforderlich Anzahlung, die \u00fcber folgende Adresse erfolgen kann<br \/><\/span><\/p><ul><li><b>Bank\u00fcberweisung<\/b><span style=\"font-weight: 400;\">unter Verwendung der auf dem Portal angegebenen Daten<\/span><\/li><li><b>Kreditkarte<\/b><span style=\"font-weight: 400;\">mit sofortiger Abbuchung \u00fcber eine sichere Verbindung<\/span><\/li><\/ul><p><span style=\"font-weight: 400;\">Sie k\u00f6nnen nur die <\/span><b>Kategorie<\/b><span style=\"font-weight: 400;\"> der Unterkunft oder des Stellplatzes, aber <\/span><b>nicht<\/b><span style=\"font-weight: 400;\"> eine bestimmte Nummer ausw\u00e4hlen.<\/span><\/p><p><span style=\"font-weight: 400;\">Die Zuweisung einer Unterkunft oder einer Stellplatznummer erfolgt <\/span><b>liegt im alleinigen Ermessen des Buchungsb\u00fcros<\/b><span style=\"font-weight: 400;\">.<\/span><span style=\"font-weight: 400;\"><br \/><\/span><b><i><\/i><\/b><\/p>\t\t\t\t\t\t\t\t<\/div>\n\t\t\t\t<\/div>\n\t\t\t\t<div class=\"elementor-element elementor-element-7dabe38 elementor-widget-divider--view-line elementor-widget elementor-widget-divider\" data-id=\"7dabe38\" data-element_type=\"widget\" data-widget_type=\"divider.default\">\n\t\t\t\t<div class=\"elementor-widget-container\">\n\t\t\t\t\t\t\t<div class=\"elementor-divider\">\n\t\t\t<span class=\"elementor-divider-separator\">\n\t\t\t\t\t\t<\/span>\n\t\t<\/div>\n\t\t\t\t\t\t<\/div>\n\t\t\t\t<\/div>\n\t\t\t\t<\/div>\n\t\t\t\t\t<\/div>\n\t\t\t\t<\/div>\n\t\t<div class=\"elementor-element elementor-element-ef8f1db e-flex e-con-boxed e-con e-parent\" data-id=\"ef8f1db\" data-element_type=\"container\">\n\t\t\t\t\t<div class=\"e-con-inner\">\n\t\t<div class=\"elementor-element elementor-element-95f62ae e-con-full e-flex e-con e-child\" data-id=\"95f62ae\" data-element_type=\"container\">\n\t\t\t\t<div class=\"elementor-element elementor-element-62830c3 elementor-widget elementor-widget-heading\" data-id=\"62830c3\" data-element_type=\"widget\" data-widget_type=\"heading.default\">\n\t\t\t\t<div class=\"elementor-widget-container\">\n\t\t\t\t\t<h4 class=\"elementor-heading-title elementor-size-default\">Kaution<\/h4>\t\t\t\t<\/div>\n\t\t\t\t<\/div>\n\t\t\t\t<div class=\"elementor-element elementor-element-4364614 elementor-widget elementor-widget-text-editor\" data-id=\"4364614\" data-element_type=\"widget\" data-widget_type=\"text-editor.default\">\n\t\t\t\t<div class=\"elementor-widget-container\">\n\t\t\t\t\t\t\t\t\t<p><span style=\"font-weight: 400;\">Um Ihre Reservierung zu best\u00e4tigen, m\u00fcssen Sie eine <\/span><b>Anzahlung<\/b><span style=\"font-weight: 400;\"> innerhalb von <\/span><b>7 Werktagen<\/b><span style=\"font-weight: 400;\"> ab dem Datum der Reservierung. Der erforderliche Betrag betr\u00e4gt <strong>30% des Gesamtbetrags des Aufenthalts<\/strong> <\/span><\/p><p><span style=\"font-weight: 400;\">Zu der Anzahlung wird Folgendes hinzugef\u00fcgt 10,00 \u20ac als nicht erstattungsf\u00e4hige Buchungsgeb\u00fch<\/span><\/p><p><span style=\"font-weight: 400;\">Alle Rabatte oder Angebote <\/span><b>werden nur an der Rezeption angewendet<\/b><span style=\"font-weight: 400;\"> zum Zeitpunkt der Zahlung.<\/span><\/p><div>F\u00fcr Unterkunftsbuchungen ist die Zahlung (per Bank\u00fcberweisung oder Kreditkarte) 15 Tage vor der Anreise erforderlich. Eventuelle Extras sind vor Ort am Tag vor der Abreise zu begleichen.<\/div>\t\t\t\t\t\t\t\t<\/div>\n\t\t\t\t<\/div>\n\t\t\t\t<div class=\"elementor-element elementor-element-7d2d638 elementor-widget-divider--view-line elementor-widget elementor-widget-divider\" data-id=\"7d2d638\" data-element_type=\"widget\" data-widget_type=\"divider.default\">\n\t\t\t\t<div class=\"elementor-widget-container\">\n\t\t\t\t\t\t\t<div class=\"elementor-divider\">\n\t\t\t<span class=\"elementor-divider-separator\">\n\t\t\t\t\t\t<\/span>\n\t\t<\/div>\n\t\t\t\t\t\t<\/div>\n\t\t\t\t<\/div>\n\t\t\t\t<\/div>\n\t\t\t\t\t<\/div>\n\t\t\t\t<\/div>\n\t\t<div class=\"elementor-element elementor-element-7adc5ea e-flex e-con-boxed e-con e-parent\" data-id=\"7adc5ea\" data-element_type=\"container\">\n\t\t\t\t\t<div class=\"e-con-inner\">\n\t\t<div class=\"elementor-element elementor-element-1fb1681 e-con-full e-flex e-con e-child\" data-id=\"1fb1681\" data-element_type=\"container\">\n\t\t\t\t<div class=\"elementor-element elementor-element-3b7e7eb elementor-widget elementor-widget-heading\" data-id=\"3b7e7eb\" data-element_type=\"widget\" data-widget_type=\"heading.default\">\n\t\t\t\t<div class=\"elementor-widget-container\">\n\t\t\t\t\t<h4 class=\"elementor-heading-title elementor-size-default\">Einchecken<\/h4>\t\t\t\t<\/div>\n\t\t\t\t<\/div>\n\t\t\t\t<div class=\"elementor-element elementor-element-800b1f3 elementor-widget elementor-widget-text-editor\" data-id=\"800b1f3\" data-element_type=\"widget\" data-widget_type=\"text-editor.default\">\n\t\t\t\t<div class=\"elementor-widget-container\">\n\t\t\t\t\t\t\t\t\t<p><span style=\"font-weight: 400;\">Um die Ankunft zu beschleunigen, empfehlen wir Ihnen, online \u00fcber den Link in der Buchungsbest\u00e4tigung oder in den Erinnerungsmails des Campingplatzes einzuchecken.<\/span><\/p><p><span style=\"text-decoration: underline;\"><span style=\"font-weight: 400;\">Online Einchecken<\/span><span style=\"font-weight: 400;\"><br><\/span><\/span><span style=\"font-weight: 400;\">Mit einem einfachen Klick auf den Link k\u00f6nnen Sie das Portal aufrufen und sich anmelden:<\/span><\/p><ul><li style=\"font-weight: 400;\" aria-level=\"1\"><span style=\"font-weight: 400;\">Die Daten aller Teilnehmer<\/span><\/li><li style=\"font-weight: 400;\" aria-level=\"1\"><span style=\"font-weight: 400;\">Kontaktangaben<\/span><\/li><li style=\"font-weight: 400;\" aria-level=\"1\"><span style=\"font-weight: 400;\">Nummernschilder f\u00fcr Fahrzeuge<\/span><\/li><\/ul><p><span style=\"font-weight: 400;\">Auf dem Campingplatz angekommen, \u00fcberpr\u00fcfen Sie einfach mit dem Personal an der Rezeption, ob die eingegebenen Daten korrekt sind.<\/span><\/p><p><span style=\"text-decoration: underline;\"><span style=\"font-weight: 400;\">Einchecken an der Rezeption<\/span><span style=\"font-weight: 400;\"><br><\/span><\/span><span style=\"font-weight: 400;\">Wenn Sie es vorziehen, k\u00f6nnen Sie den Check-in direkt am Schalter des Camps erledigen. Die Reisep\u00e4sse oder Personalausweise aller Teilnehmer werden angefordert und nur so lange aufbewahrt, wie es f\u00fcr die Dateneingabe erforderlich ist. Der Zugang zum Campingplatz ist erst nach der Registrierung m\u00f6glich.  <\/span><\/p><p><span style=\"font-weight: 400;\">\u26a0\ufe0f<\/span><span style=\"font-weight: 400;\"> Wichtig<\/span><\/p><ul><li style=\"font-weight: 400;\" aria-level=\"1\"><span style=\"font-weight: 400;\">Es ist verboten, Personen zu registrieren, die bei der Ankunft nicht anwesend sind. Personen, die erst sp\u00e4ter auf dem Campingplatz ankommen, m\u00fcssen sich am Tag ihrer Ankunft an der Rezeption anmelden. <\/span><\/li><li style=\"font-weight: 400;\" aria-level=\"1\"><span style=\"font-weight: 400;\">Vorzeitige Abreisen von Besatzungsmitgliedern m\u00fcssen rechtzeitig an der Rezeption gemeldet werden, um eine ordnungsgem\u00e4\u00dfe Abwicklung der Endabrechnung zu gew\u00e4hrleisten.<\/span><\/li><\/ul>\t\t\t\t\t\t\t\t<\/div>\n\t\t\t\t<\/div>\n\t\t\t\t<div class=\"elementor-element elementor-element-3c07991 elementor-widget-divider--view-line elementor-widget elementor-widget-divider\" data-id=\"3c07991\" data-element_type=\"widget\" data-widget_type=\"divider.default\">\n\t\t\t\t<div class=\"elementor-widget-container\">\n\t\t\t\t\t\t\t<div class=\"elementor-divider\">\n\t\t\t<span class=\"elementor-divider-separator\">\n\t\t\t\t\t\t<\/span>\n\t\t<\/div>\n\t\t\t\t\t\t<\/div>\n\t\t\t\t<\/div>\n\t\t\t\t<\/div>\n\t\t\t\t\t<\/div>\n\t\t\t\t<\/div>\n\t\t<div class=\"elementor-element elementor-element-e416195 e-flex e-con-boxed e-con e-parent\" data-id=\"e416195\" data-element_type=\"container\">\n\t\t\t\t\t<div class=\"e-con-inner\">\n\t\t<div class=\"elementor-element elementor-element-fef9f7a e-con-full e-flex e-con e-child\" data-id=\"fef9f7a\" data-element_type=\"container\">\n\t\t\t\t<div class=\"elementor-element elementor-element-4336eab elementor-widget elementor-widget-heading\" data-id=\"4336eab\" data-element_type=\"widget\" data-widget_type=\"heading.default\">\n\t\t\t\t<div class=\"elementor-widget-container\">\n\t\t\t\t\t<h4 class=\"elementor-heading-title elementor-size-default\">Ankunft auf dem Campingplatz<\/h4>\t\t\t\t<\/div>\n\t\t\t\t<\/div>\n\t\t\t\t<div class=\"elementor-element elementor-element-4ae2b53 elementor-widget elementor-widget-text-editor\" data-id=\"4ae2b53\" data-element_type=\"widget\" data-widget_type=\"text-editor.default\">\n\t\t\t\t<div class=\"elementor-widget-container\">\n\t\t\t\t\t\t\t\t\t<p><span style=\"font-weight: 400;\">Check-in und Check-out Zeiten<\/span><\/p><ul><li style=\"font-weight: 400;\" aria-level=\"1\"><span style=\"font-weight: 400;\">Stellpl\u00e4tze: verf\u00fcgbar von 15:00 Uhr am Tag der Ankunft bis 12:00 Uhr am Tag der Abreise.<\/span><\/li><li style=\"font-weight: 400;\" aria-level=\"1\"><span style=\"font-weight: 400;\">Unterkunft: verf\u00fcgbar von 15:00 Uhr am Tag der Ankunft bis 10:00 Uhr am Tag der Abreise.<\/span><\/li><\/ul><p><span style=\"font-weight: 400;\">Im Falle einer Versp\u00e4tung oder Nichtankunft:<\/span><\/p><ul><li style=\"font-weight: 400;\" aria-level=\"1\"><span style=\"font-weight: 400;\">Der Stellplatz bleibt bis 12 Uhr des auf die Buchung folgenden Tages verf\u00fcgbar.<\/span><\/li><li style=\"font-weight: 400;\" aria-level=\"1\"><span style=\"font-weight: 400;\">Die Unterkunft wird bis 10 Uhr des folgenden Tages reserviert.<\/span><\/li><li style=\"font-weight: 400;\" aria-level=\"1\"><span style=\"font-weight: 400;\">Es wird der Basistarif gem\u00e4\u00df der Preisliste angewendet.<\/span><\/li><li style=\"font-weight: 400;\" aria-level=\"1\"><span style=\"font-weight: 400;\">Eine versp\u00e4tete Anreise oder eine vorzeitige Abreise berechtigen nicht zu einer R\u00fcckerstattung: die Kosten f\u00fcr den gesamten gebuchten Zeitraum bleiben f\u00e4llig.<\/span><\/li><\/ul><p><span style=\"font-weight: 400;\">\u00d6ffnungszeiten des Campingplatzes:<\/span><\/p><ul><li style=\"font-weight: 400;\" aria-level=\"1\"><span style=\"font-weight: 400;\">Der Zugang ist bis 21:30 Uhr am Tag der Ankunft m\u00f6glich.<\/span><\/li><li style=\"font-weight: 400;\" aria-level=\"1\"><span style=\"font-weight: 400;\">Wenn Sie nach dieser Zeit ankommen, kontaktieren Sie bitte die Rezeption im Voraus.<\/span><\/li><\/ul>\t\t\t\t\t\t\t\t<\/div>\n\t\t\t\t<\/div>\n\t\t\t\t<div class=\"elementor-element elementor-element-540b391 elementor-widget-divider--view-line elementor-widget elementor-widget-divider\" data-id=\"540b391\" data-element_type=\"widget\" data-widget_type=\"divider.default\">\n\t\t\t\t<div class=\"elementor-widget-container\">\n\t\t\t\t\t\t\t<div class=\"elementor-divider\">\n\t\t\t<span class=\"elementor-divider-separator\">\n\t\t\t\t\t\t<\/span>\n\t\t<\/div>\n\t\t\t\t\t\t<\/div>\n\t\t\t\t<\/div>\n\t\t\t\t<\/div>\n\t\t\t\t\t<\/div>\n\t\t\t\t<\/div>\n\t\t<div class=\"elementor-element elementor-element-24b6b42 e-flex e-con-boxed e-con e-parent\" data-id=\"24b6b42\" data-element_type=\"container\">\n\t\t\t\t\t<div class=\"e-con-inner\">\n\t\t<div class=\"elementor-element elementor-element-e8746d6 e-con-full e-flex e-con e-child\" data-id=\"e8746d6\" data-element_type=\"container\">\n\t\t\t\t<div class=\"elementor-element elementor-element-ef66da4 elementor-widget elementor-widget-heading\" data-id=\"ef66da4\" data-element_type=\"widget\" data-widget_type=\"heading.default\">\n\t\t\t\t<div class=\"elementor-widget-container\">\n\t\t\t\t\t<h4 class=\"elementor-heading-title elementor-size-default\">Stornierungsbedingungen<\/h4>\t\t\t\t<\/div>\n\t\t\t\t<\/div>\n\t\t\t\t<div class=\"elementor-element elementor-element-149230e elementor-widget elementor-widget-text-editor\" data-id=\"149230e\" data-element_type=\"widget\" data-widget_type=\"text-editor.default\">\n\t\t\t\t<div class=\"elementor-widget-container\">\n\t\t\t\t\t\t\t\t\t<p><i><\/i><b><i>Eine Reservierung stornieren<\/i><\/b><\/p><p><span style=\"font-weight: 400;\">Stornierungsbedingungen:<\/span><\/p><ul><li style=\"font-weight: 400;\" aria-level=\"1\"><span style=\"font-weight: 400;\">Wenn die Stornierung oder \u00c4nderung des Aufenthalts bis zu 30 Tage vor dem Anreisedatum erfolgt, wird die Anzahlung zu 100% zur\u00fcckerstattet, abz\u00fcglich der Buchungsgeb\u00fchren (\u20ac 10,00).<\/span><\/li><li style=\"font-weight: 400;\" aria-level=\"1\"><span style=\"font-weight: 400;\">Nach Ablauf dieser Frist wird die Anzahlung nicht mehr zur\u00fcckerstattet.<\/span><\/li><\/ul><p><b>Wie Sie eine Stornierung beantragen<\/b><span style=\"font-weight: 400;\"><br><\/span><span style=\"font-weight: 400;\">Die Kommunikation muss erfolgen <\/span><b>ausschlie\u00dflich per E-Mail<\/b><span style=\"font-weight: 400;\"> an die Adresse <\/span><b>info@concadoro.it<\/b><span style=\"font-weight: 400;\">.<\/span><span style=\"font-weight: 400;\"><br><\/span><span style=\"font-weight: 400;\">Antr\u00e4ge auf Erstattung <\/span><b>nach Ablauf der Frist<\/b><span style=\"font-weight: 400;\"> werden nicht ber\u00fccksichtigt.<\/span><\/p>\t\t\t\t\t\t\t\t<\/div>\n\t\t\t\t<\/div>\n\t\t\t\t<\/div>\n\t\t\t\t\t<\/div>\n\t\t\t\t<\/div>\n\t\t\t\t<\/div>\n\t\t","protected":false},"excerpt":{"rendered":"<p>Buchungsbedingungen WICHTIG: S\u00e4mtliche Mitteilungen und Anfragen, sowohl zu neuen Reservierungen als auch zu bestehenden Buchungen, m\u00fcssen ausschlie\u00dflich per E-Mail gesendet werden. Bitte gib bei Anfragen zu einer bestehenden Reservierung unbedingt deine Buchungsnummer an. Es wird empfohlen, eine geeignete Reiseversicherung abzuschlie\u00dfen, die im Falle von Stornierungen nach Ablauf der kostenlosen Stornierungsfrist oder bei unvorhergesehenen \u00c4nderungen der [&hellip;]<\/p>\n","protected":false},"author":1,"featured_media":0,"parent":0,"menu_order":0,"comment_status":"closed","ping_status":"closed","template":"","meta":{"inline_featured_image":false,"footnotes":""},"class_list":["post-8992","page","type-page","status-publish","hentry"],"yoast_head":"<!-- This site is optimized with the Yoast SEO plugin v25.5 - https:\/\/yoast.com\/wordpress\/plugins\/seo\/ -->\n<title>Buchungsbedingungen - Conca d&#039;Oro Camping &amp; Lodge<\/title>\n<meta name=\"robots\" content=\"index, follow, max-snippet:-1, max-image-preview:large, max-video-preview:-1\" \/>\n<link rel=\"canonical\" href=\"https:\/\/www.concadoro.it\/de\/buchungsbedingungen\/\" \/>\n<meta property=\"og:locale\" content=\"de_DE\" \/>\n<meta property=\"og:type\" content=\"article\" \/>\n<meta property=\"og:title\" content=\"Buchungsbedingungen - Conca d&#039;Oro Camping &amp; Lodge\" \/>\n<meta property=\"og:description\" content=\"Buchungsbedingungen WICHTIG: S\u00e4mtliche Mitteilungen und Anfragen, sowohl zu neuen Reservierungen als auch zu bestehenden Buchungen, m\u00fcssen ausschlie\u00dflich per E-Mail gesendet werden. Bitte gib bei Anfragen zu einer bestehenden Reservierung unbedingt deine Buchungsnummer an. Es wird empfohlen, eine geeignete Reiseversicherung abzuschlie\u00dfen, die im Falle von Stornierungen nach Ablauf der kostenlosen Stornierungsfrist oder bei unvorhergesehenen \u00c4nderungen der [&hellip;]\" \/>\n<meta property=\"og:url\" content=\"https:\/\/www.concadoro.it\/de\/buchungsbedingungen\/\" \/>\n<meta property=\"og:site_name\" content=\"Conca d&#039;Oro Camping &amp; Lodge\" \/>\n<meta property=\"article:publisher\" content=\"https:\/\/www.facebook.com\/campingvillageconcadoro\" \/>\n<meta property=\"article:modified_time\" content=\"2025-10-07T13:40:17+00:00\" \/>\n<meta property=\"og:image\" content=\"https:\/\/www.concadoro.it\/wp-content\/uploads\/2025\/02\/conca-doro_22.jpg\" \/>\n\t<meta property=\"og:image:width\" content=\"1920\" \/>\n\t<meta property=\"og:image:height\" content=\"1282\" \/>\n\t<meta property=\"og:image:type\" content=\"image\/jpeg\" \/>\n<meta name=\"twitter:card\" content=\"summary_large_image\" \/>\n<meta name=\"twitter:label1\" content=\"Gesch\u00e4tzte Lesezeit\" \/>\n\t<meta name=\"twitter:data1\" content=\"4\u00a0Minute\" \/>\n<script type=\"application\/ld+json\" class=\"yoast-schema-graph\">{\"@context\":\"https:\/\/schema.org\",\"@graph\":[{\"@type\":\"WebPage\",\"@id\":\"https:\/\/www.concadoro.it\/de\/buchungsbedingungen\/\",\"url\":\"https:\/\/www.concadoro.it\/de\/buchungsbedingungen\/\",\"name\":\"Buchungsbedingungen - Conca d&#039;Oro Camping &amp; Lodge\",\"isPartOf\":{\"@id\":\"https:\/\/www.concadoro.it\/de\/#website\"},\"datePublished\":\"2025-03-25T09:25:03+00:00\",\"dateModified\":\"2025-10-07T13:40:17+00:00\",\"breadcrumb\":{\"@id\":\"https:\/\/www.concadoro.it\/de\/buchungsbedingungen\/#breadcrumb\"},\"inLanguage\":\"de\",\"potentialAction\":[{\"@type\":\"ReadAction\",\"target\":[\"https:\/\/www.concadoro.it\/de\/buchungsbedingungen\/\"]}]},{\"@type\":\"BreadcrumbList\",\"@id\":\"https:\/\/www.concadoro.it\/de\/buchungsbedingungen\/#breadcrumb\",\"itemListElement\":[{\"@type\":\"ListItem\",\"position\":1,\"name\":\"Startseite\",\"item\":\"https:\/\/www.concadoro.it\/de\/\"},{\"@type\":\"ListItem\",\"position\":2,\"name\":\"Buchungsbedingungen\"}]},{\"@type\":\"WebSite\",\"@id\":\"https:\/\/www.concadoro.it\/de\/#website\",\"url\":\"https:\/\/www.concadoro.it\/de\/\",\"name\":\"Conca d'Oro Camping & Lodge\",\"description\":\"Conca d&#039;Oro Camping &amp; Lodge\",\"publisher\":{\"@id\":\"https:\/\/www.concadoro.it\/de\/#organization\"},\"potentialAction\":[{\"@type\":\"SearchAction\",\"target\":{\"@type\":\"EntryPoint\",\"urlTemplate\":\"https:\/\/www.concadoro.it\/de\/?s={search_term_string}\"},\"query-input\":{\"@type\":\"PropertyValueSpecification\",\"valueRequired\":true,\"valueName\":\"search_term_string\"}}],\"inLanguage\":\"de\"},{\"@type\":\"Organization\",\"@id\":\"https:\/\/www.concadoro.it\/de\/#organization\",\"name\":\"Conca d'Oro Camping &amp; Lodge\",\"url\":\"https:\/\/www.concadoro.it\/de\/\",\"logo\":{\"@type\":\"ImageObject\",\"inLanguage\":\"de\",\"@id\":\"https:\/\/www.concadoro.it\/de\/#\/schema\/logo\/image\/\",\"url\":\"https:\/\/www.concadoro.it\/wp-content\/uploads\/2025\/02\/only-logo-bg-1.png\",\"contentUrl\":\"https:\/\/www.concadoro.it\/wp-content\/uploads\/2025\/02\/only-logo-bg-1.png\",\"width\":1920,\"height\":1280,\"caption\":\"Conca d'Oro Camping &amp; Lodge\"},\"image\":{\"@id\":\"https:\/\/www.concadoro.it\/de\/#\/schema\/logo\/image\/\"},\"sameAs\":[\"https:\/\/www.facebook.com\/campingvillageconcadoro\",\"https:\/\/www.instagram.com\/campingvillageconcadoro\/\"]}]}<\/script>\n<!-- \/ Yoast SEO plugin. -->","yoast_head_json":{"title":"Buchungsbedingungen - Conca d&#039;Oro Camping &amp; Lodge","robots":{"index":"index","follow":"follow","max-snippet":"max-snippet:-1","max-image-preview":"max-image-preview:large","max-video-preview":"max-video-preview:-1"},"canonical":"https:\/\/www.concadoro.it\/de\/buchungsbedingungen\/","og_locale":"de_DE","og_type":"article","og_title":"Buchungsbedingungen - Conca d&#039;Oro Camping &amp; Lodge","og_description":"Buchungsbedingungen WICHTIG: S\u00e4mtliche Mitteilungen und Anfragen, sowohl zu neuen Reservierungen als auch zu bestehenden Buchungen, m\u00fcssen ausschlie\u00dflich per E-Mail gesendet werden. Bitte gib bei Anfragen zu einer bestehenden Reservierung unbedingt deine Buchungsnummer an. Es wird empfohlen, eine geeignete Reiseversicherung abzuschlie\u00dfen, die im Falle von Stornierungen nach Ablauf der kostenlosen Stornierungsfrist oder bei unvorhergesehenen \u00c4nderungen der [&hellip;]","og_url":"https:\/\/www.concadoro.it\/de\/buchungsbedingungen\/","og_site_name":"Conca d&#039;Oro Camping &amp; Lodge","article_publisher":"https:\/\/www.facebook.com\/campingvillageconcadoro","article_modified_time":"2025-10-07T13:40:17+00:00","og_image":[{"width":1920,"height":1282,"url":"https:\/\/www.concadoro.it\/wp-content\/uploads\/2025\/02\/conca-doro_22.jpg","type":"image\/jpeg"}],"twitter_card":"summary_large_image","twitter_misc":{"Gesch\u00e4tzte Lesezeit":"4\u00a0Minute"},"schema":{"@context":"https:\/\/schema.org","@graph":[{"@type":"WebPage","@id":"https:\/\/www.concadoro.it\/de\/buchungsbedingungen\/","url":"https:\/\/www.concadoro.it\/de\/buchungsbedingungen\/","name":"Buchungsbedingungen - Conca d&#039;Oro Camping &amp; Lodge","isPartOf":{"@id":"https:\/\/www.concadoro.it\/de\/#website"},"datePublished":"2025-03-25T09:25:03+00:00","dateModified":"2025-10-07T13:40:17+00:00","breadcrumb":{"@id":"https:\/\/www.concadoro.it\/de\/buchungsbedingungen\/#breadcrumb"},"inLanguage":"de","potentialAction":[{"@type":"ReadAction","target":["https:\/\/www.concadoro.it\/de\/buchungsbedingungen\/"]}]},{"@type":"BreadcrumbList","@id":"https:\/\/www.concadoro.it\/de\/buchungsbedingungen\/#breadcrumb","itemListElement":[{"@type":"ListItem","position":1,"name":"Startseite","item":"https:\/\/www.concadoro.it\/de\/"},{"@type":"ListItem","position":2,"name":"Buchungsbedingungen"}]},{"@type":"WebSite","@id":"https:\/\/www.concadoro.it\/de\/#website","url":"https:\/\/www.concadoro.it\/de\/","name":"Conca d'Oro Camping & Lodge","description":"Conca d&#039;Oro Camping &amp; Lodge","publisher":{"@id":"https:\/\/www.concadoro.it\/de\/#organization"},"potentialAction":[{"@type":"SearchAction","target":{"@type":"EntryPoint","urlTemplate":"https:\/\/www.concadoro.it\/de\/?s={search_term_string}"},"query-input":{"@type":"PropertyValueSpecification","valueRequired":true,"valueName":"search_term_string"}}],"inLanguage":"de"},{"@type":"Organization","@id":"https:\/\/www.concadoro.it\/de\/#organization","name":"Conca d'Oro Camping &amp; Lodge","url":"https:\/\/www.concadoro.it\/de\/","logo":{"@type":"ImageObject","inLanguage":"de","@id":"https:\/\/www.concadoro.it\/de\/#\/schema\/logo\/image\/","url":"https:\/\/www.concadoro.it\/wp-content\/uploads\/2025\/02\/only-logo-bg-1.png","contentUrl":"https:\/\/www.concadoro.it\/wp-content\/uploads\/2025\/02\/only-logo-bg-1.png","width":1920,"height":1280,"caption":"Conca d'Oro Camping &amp; Lodge"},"image":{"@id":"https:\/\/www.concadoro.it\/de\/#\/schema\/logo\/image\/"},"sameAs":["https:\/\/www.facebook.com\/campingvillageconcadoro","https:\/\/www.instagram.com\/campingvillageconcadoro\/"]}]}},"_links":{"self":[{"href":"https:\/\/www.concadoro.it\/de\/wp-json\/wp\/v2\/pages\/8992","targetHints":{"allow":["GET"]}}],"collection":[{"href":"https:\/\/www.concadoro.it\/de\/wp-json\/wp\/v2\/pages"}],"about":[{"href":"https:\/\/www.concadoro.it\/de\/wp-json\/wp\/v2\/types\/page"}],"author":[{"embeddable":true,"href":"https:\/\/www.concadoro.it\/de\/wp-json\/wp\/v2\/users\/1"}],"replies":[{"embeddable":true,"href":"https:\/\/www.concadoro.it\/de\/wp-json\/wp\/v2\/comments?post=8992"}],"version-history":[{"count":3,"href":"https:\/\/www.concadoro.it\/de\/wp-json\/wp\/v2\/pages\/8992\/revisions"}],"predecessor-version":[{"id":10230,"href":"https:\/\/www.concadoro.it\/de\/wp-json\/wp\/v2\/pages\/8992\/revisions\/10230"}],"wp:attachment":[{"href":"https:\/\/www.concadoro.it\/de\/wp-json\/wp\/v2\/media?parent=8992"}],"curies":[{"name":"wp","href":"https:\/\/api.w.org\/{rel}","templated":true}]}}