{"id":8963,"date":"2024-11-18T07:36:10","date_gmt":"2024-11-18T06:36:10","guid":{"rendered":"https:\/\/www.uc-areatest.it\/glamping\/"},"modified":"2026-03-18T10:02:54","modified_gmt":"2026-03-18T09:02:54","slug":"glamping","status":"publish","type":"page","link":"https:\/\/www.concadoro.it\/de\/glamping\/","title":{"rendered":"Glamping"},"content":{"rendered":"\t\t<div data-elementor-type=\"wp-page\" data-elementor-id=\"8963\" class=\"elementor elementor-8963 elementor-4615\">\n\t\t\t\t<div class=\"elementor-element elementor-element-3bd88b7 e-flex e-con-boxed e-con e-parent\" data-id=\"3bd88b7\" data-element_type=\"container\" data-settings=\"{&quot;background_background&quot;:&quot;classic&quot;}\">\n\t\t\t\t\t<div class=\"e-con-inner\">\n\t\t\t\t<div class=\"elementor-element elementor-element-249954c animated-fast elementor-invisible elementor-widget elementor-widget-heading\" data-id=\"249954c\" data-element_type=\"widget\" data-settings=\"{&quot;_animation&quot;:&quot;opal-move-up&quot;}\" data-widget_type=\"heading.default\">\n\t\t\t\t<div class=\"elementor-widget-container\">\n\t\t\t\t\t<h1 class=\"elementor-heading-title elementor-size-default\">Glamping<\/h1>\t\t\t\t<\/div>\n\t\t\t\t<\/div>\n\t\t\t\t\t<\/div>\n\t\t\t\t<\/div>\n\t\t                <div class=\"custom-elementor-parallax\" data-id=\"3bd88b7\" data-settings=\"{&quot;type&quot;:&quot;scroll&quot;,&quot;speed&quot;:&quot;1.2&quot;,&quot;keepImg&quot;:&quot;true&quot;,&quot;imgSize&quot;:&quot;cover&quot;,&quot;imgPosition&quot;:&quot;50% 0%&quot;,&quot;noAndroid&quot;:&quot;false&quot;,&quot;noIos&quot;:&quot;false&quot;}\"><\/div>\n            <div class=\"elementor-element elementor-element-c84d89b e-flex e-con-boxed e-con e-parent\" data-id=\"c84d89b\" data-element_type=\"container\" data-settings=\"{&quot;background_background&quot;:&quot;classic&quot;}\">\n\t\t\t\t\t<div class=\"e-con-inner\">\n\t\t\t\t<div class=\"elementor-element elementor-element-51be2d3 elementor-widget elementor-widget-heading\" data-id=\"51be2d3\" data-element_type=\"widget\" data-widget_type=\"heading.default\">\n\t\t\t\t<div class=\"elementor-widget-container\">\n\t\t\t\t\t<h1 class=\"elementor-heading-title elementor-size-default\">Der Campingplatz, den Sie nicht erwarten<\/h1>\t\t\t\t<\/div>\n\t\t\t\t<\/div>\n\t\t\t\t<div class=\"elementor-element elementor-element-59c2878 elementor-widget elementor-widget-heading\" data-id=\"59c2878\" data-element_type=\"widget\" data-widget_type=\"heading.default\">\n\t\t\t\t<div class=\"elementor-widget-container\">\n\t\t\t\t\t<h1 class=\"elementor-heading-title elementor-size-default\">In Glamping-Lodges <br>wohnen Sie stilvoll<\/h1>\t\t\t\t<\/div>\n\t\t\t\t<\/div>\n\t\t\t\t<div class=\"elementor-element elementor-element-cdffc78 elementor-widget__width-initial elementor-widget-mobile__width-inherit elementor-widget elementor-widget-text-editor\" data-id=\"cdffc78\" data-element_type=\"widget\" data-widget_type=\"text-editor.default\">\n\t\t\t\t<div class=\"elementor-widget-container\">\n\t\t\t\t\t\t\t\t\t<p>Der Komfort eines kultivierten Aufenthalts und das v\u00f6llige Eintauchen in die Natur: Glamping-Lodges sind perfekt f\u00fcr diejenigen, die das Beste aus beiden Welten suchen. Gepflegte R\u00e4ume, Panoramaterrassen und ein ausgekl\u00fcgeltes Design bieten eine Ecke der Ruhe im Herzen der Natur, ganz im Stil des Glamours. Eine originelle Alternative, die Camping in die H\u00e4user derjenigen bringt, die keine Kompromisse eingehen wollen.  <\/p>\t\t\t\t\t\t\t\t<\/div>\n\t\t\t\t<\/div>\n\t\t\t\t\t<\/div>\n\t\t\t\t<\/div>\n\t\t<div class=\"elementor-element elementor-element-fc9e551 e-flex e-con-boxed e-con e-parent\" data-id=\"fc9e551\" data-element_type=\"container\">\n\t\t\t\t\t<div class=\"e-con-inner\">\n\t\t\t\t<div class=\"elementor-element elementor-element-62fc5a8 elementor-widget__width-inherit elementor-widget elementor-widget-babe-all-items\" data-id=\"62fc5a8\" data-element_type=\"widget\" data-widget_type=\"babe-all-items.default\">\n\t\t\t\t<div class=\"elementor-widget-container\">\n\t\t\t\t\t\n            <div class=\"babe_shortcode_block sc_all_items  all-items-3\">\n                <div class=\"babe_shortcode_block_bg_inner\">\n                    <div class=\"babe_shortcode_block_inner d-grid\">\n                        <div class=\"babe_items babe_items_3 babe_items_list grid-item\">\n    <div class=\"babe_all_items_item_inner\">\n        <div class=\"item_img\">\n            <div class=\"items_labels\">\n                            <\/div>\n            <a class=\"item-thumb\" href=\"https:\/\/www.concadoro.it\/de\/accomodation\/mini-lodge-lake-view\/\"><img decoding=\"async\" src=\"https:\/\/www.concadoro.it\/wp-content\/uploads\/2025\/02\/MN-LDG-GD-20.jpg\" alt=\"Mini Lodge Lake View\"><\/a>        <\/div>\n        <div class=\"item_text\">\n            <div class=\"item_title delta\">\n                <a href=\"https:\/\/www.concadoro.it\/de\/accomodation\/mini-lodge-lake-view\/\">Mini Lodge Lake View<\/a>\n            <\/div>\n            <div class=\"item-meta\">\n                                    <div class=\"item-room-area\">\n                        <span>\n                            14,8M2                        <\/span>\n                    <\/div>\n                                                    <div class=\"item-room-guests\">\n                        <span>\n                            1-2 person                        <\/span>\n                    <\/div>\n                                                    <div class=\"item-room-beds\">\n                        <span>\n                            2 beds                        <\/span>\n                    <\/div>\n                            <\/div>\n            <div class=\"item-excerpt\">\n                Unverzichtbar, romantisch und vor allem direkt am See\r\n\r\nEin Glamping-Erlebnis f\u00fcr alle, die Einfachheit und die Sch\u00f6nheit der Natur lieben. Die Mini Lodge Lake View ist...            <\/div>\n\n            <div class=\"item_info_bottom\">\n                <div class=\"item_info_price\">\n                    <label>von<\/label>\n                    <span class=\"item_info_price_new\"><span class=\"currency_amount\" data-amount=\"100\"><span class=\"currency_symbol\">&#36;<\/span>100<\/span><\/span>\n                      per Ticket                                    <\/div>\n                <div class=\"item_more_link_wrap\">\n                    <a class=\"item_more_link\" href=\"https:\/\/www.concadoro.it\/de\/accomodation\/mini-lodge-lake-view\/\">\n                        <span class=\"more-text\">Mehr entdecken<\/span>\n                    <\/a>\n                <\/div>\n            <\/div>\n        <\/div>\n    <\/div>\n<\/div><div class=\"babe_items babe_items_3 babe_items_list grid-item\">\n    <div class=\"babe_all_items_item_inner\">\n        <div class=\"item_img\">\n            <div class=\"items_labels\">\n                            <\/div>\n            <a class=\"item-thumb\" href=\"https:\/\/www.concadoro.it\/de\/accomodation\/trend-lodge\/\"><img decoding=\"async\" src=\"https:\/\/www.concadoro.it\/wp-content\/uploads\/2025\/02\/TREND-LODGE-1.jpg\" alt=\"Trend Lodge\"><\/a>        <\/div>\n        <div class=\"item_text\">\n            <div class=\"item_title delta\">\n                <a href=\"https:\/\/www.concadoro.it\/de\/accomodation\/trend-lodge\/\">Trend Lodge<\/a>\n            <\/div>\n            <div class=\"item-meta\">\n                                    <div class=\"item-room-area\">\n                        <span>\n                            27.5qm                        <\/span>\n                    <\/div>\n                                                    <div class=\"item-room-guests\">\n                        <span>\n                            1-5 person                        <\/span>\n                    <\/div>\n                                                    <div class=\"item-room-beds\">\n                        <span>\n                            3 beds                        <\/span>\n                    <\/div>\n                            <\/div>\n            <div class=\"item-excerpt\">\n                Wenn der Geist des Abenteuers mit dem Streben nach Komfort kombiniert wird, ist das Ergebnis die Trend Lodge, das perfekte Glamping-Zelt f\u00fcr alle, die ein...            <\/div>\n\n            <div class=\"item_info_bottom\">\n                <div class=\"item_info_price\">\n                    <label>von<\/label>\n                    <span class=\"item_info_price_new\"><span class=\"currency_amount\" data-amount=\"100\"><span class=\"currency_symbol\">&#36;<\/span>100<\/span><\/span>\n                      per Ticket                                    <\/div>\n                <div class=\"item_more_link_wrap\">\n                    <a class=\"item_more_link\" href=\"https:\/\/www.concadoro.it\/de\/accomodation\/trend-lodge\/\">\n                        <span class=\"more-text\">Mehr entdecken<\/span>\n                    <\/a>\n                <\/div>\n            <\/div>\n        <\/div>\n    <\/div>\n<\/div><div class=\"babe_items babe_items_3 babe_items_list grid-item\">\n    <div class=\"babe_all_items_item_inner\">\n        <div class=\"item_img\">\n            <div class=\"items_labels\">\n                            <\/div>\n            <a class=\"item-thumb\" href=\"https:\/\/www.concadoro.it\/de\/accomodation\/mini-lodge-river\/\"><img decoding=\"async\" src=\"https:\/\/www.concadoro.it\/wp-content\/uploads\/2025\/02\/varie_7.webp\" alt=\"Mini Lodge River\"><\/a>        <\/div>\n        <div class=\"item_text\">\n            <div class=\"item_title delta\">\n                <a href=\"https:\/\/www.concadoro.it\/de\/accomodation\/mini-lodge-river\/\">Mini Lodge River<\/a>\n            <\/div>\n            <div class=\"item-meta\">\n                                    <div class=\"item-room-area\">\n                        <span>\n                            14.8qm                        <\/span>\n                    <\/div>\n                                                    <div class=\"item-room-guests\">\n                        <span>\n                            1-2 person                        <\/span>\n                    <\/div>\n                                                    <div class=\"item-room-beds\">\n                        <span>\n                            1 beds                        <\/span>\n                    <\/div>\n                            <\/div>\n            <div class=\"item-excerpt\">\n                Exklusiv f\u00fcr das Conca D\u2019Oro Camping &amp; Lodge entworfen, ist die Mini Lodge River ein modernes Glamping-Zelt, das elegantes Design mit Funktionalit\u00e4t verbindet. Ausgestattet mit...            <\/div>\n\n            <div class=\"item_info_bottom\">\n                <div class=\"item_info_price\">\n                    <label>von<\/label>\n                    <span class=\"item_info_price_new\"><span class=\"currency_amount\" data-amount=\"100\"><span class=\"currency_symbol\">&#36;<\/span>100<\/span><\/span>\n                      per Ticket                                    <\/div>\n                <div class=\"item_more_link_wrap\">\n                    <a class=\"item_more_link\" href=\"https:\/\/www.concadoro.it\/de\/accomodation\/mini-lodge-river\/\">\n                        <span class=\"more-text\">Mehr entdecken<\/span>\n                    <\/a>\n                <\/div>\n            <\/div>\n        <\/div>\n    <\/div>\n<\/div><div class=\"babe_items babe_items_3 babe_items_list grid-item\">\n    <div class=\"babe_all_items_item_inner\">\n        <div class=\"item_img\">\n            <div class=\"items_labels\">\n                            <\/div>\n            <a class=\"item-thumb\" href=\"https:\/\/www.concadoro.it\/de\/accomodation\/air-lodge-lake-view\/\"><img decoding=\"async\" src=\"https:\/\/www.concadoro.it\/wp-content\/uploads\/2025\/02\/AIRLODGELAKEVIEWLARGE_1.webp\" alt=\"Air Lodge Lake View\"><\/a>        <\/div>\n        <div class=\"item_text\">\n            <div class=\"item_title delta\">\n                <a href=\"https:\/\/www.concadoro.it\/de\/accomodation\/air-lodge-lake-view\/\">Air Lodge Lake View<\/a>\n            <\/div>\n            <div class=\"item-meta\">\n                                    <div class=\"item-room-area\">\n                        <span>\n                            20sqm                        <\/span>\n                    <\/div>\n                                                    <div class=\"item-room-guests\">\n                        <span>\n                            1-4 person                        <\/span>\n                    <\/div>\n                                                    <div class=\"item-room-beds\">\n                        <span>\n                            4 beds                        <\/span>\n                    <\/div>\n                            <\/div>\n            <div class=\"item-excerpt\">\n                Die <strong>Air Lodge Lake View Large<\/strong> ist eine einzigartige Unterkunft auf dem Conca D'Oro Camping &amp; Lodge. Sie zeichnet sich durch ihre Lage direkt am...            <\/div>\n\n            <div class=\"item_info_bottom\">\n                <div class=\"item_info_price\">\n                    <label>von<\/label>\n                    <span class=\"item_info_price_new\"><span class=\"currency_amount\" data-amount=\"100\"><span class=\"currency_symbol\">&#36;<\/span>100<\/span><\/span>\n                      per Ticket                                    <\/div>\n                <div class=\"item_more_link_wrap\">\n                    <a class=\"item_more_link\" href=\"https:\/\/www.concadoro.it\/de\/accomodation\/air-lodge-lake-view\/\">\n                        <span class=\"more-text\">Mehr entdecken<\/span>\n                    <\/a>\n                <\/div>\n            <\/div>\n        <\/div>\n    <\/div>\n<\/div>\n                    <\/div><div class=\"babe_pager\"><div class=\"babe_pager_inner\"><\/div><\/div>\n                <\/div>\n            <\/div>\n\t\t\t        \t\t\t\t<\/div>\n\t\t\t\t<\/div>\n\t\t\t\t\t<\/div>\n\t\t\t\t<\/div>\n\t\t<div class=\"elementor-element elementor-element-65de0f6 e-con-full e-flex e-con e-parent\" data-id=\"65de0f6\" data-element_type=\"container\">\n\t\t<div class=\"elementor-element elementor-element-8952695 e-con-full e-flex e-con e-child\" data-id=\"8952695\" data-element_type=\"container\" data-settings=\"{&quot;background_background&quot;:&quot;classic&quot;}\">\n\t\t\t\t<div class=\"elementor-element elementor-element-a443a00 animated-fast elementor-invisible elementor-widget elementor-widget-heading\" data-id=\"a443a00\" data-element_type=\"widget\" data-settings=\"{&quot;_animation&quot;:&quot;opal-move-up&quot;}\" data-widget_type=\"heading.default\">\n\t\t\t\t<div class=\"elementor-widget-container\">\n\t\t\t\t\t<h1 class=\"elementor-heading-title elementor-size-default\">Camping<\/h1>\t\t\t\t<\/div>\n\t\t\t\t<\/div>\n\t\t\t\t<div class=\"elementor-element elementor-element-a5befd7 animated-fast elementor-invisible elementor-widget elementor-widget-text-editor\" data-id=\"a5befd7\" data-element_type=\"widget\" data-settings=\"{&quot;_animation&quot;:&quot;opal-move-up&quot;,&quot;_animation_delay&quot;:300}\" data-widget_type=\"text-editor.default\">\n\t\t\t\t<div class=\"elementor-widget-container\">\n\t\t\t\t\t\t\t\t\t<span style=\"color: #ffffff;\"><a style=\"color: #ffffff;\" href=\"https:\/\/www.concadoro.it\/de\/camping\/\"><span style=\"text-decoration: underline;\">Siehe unsere Vorschl\u00e4ge<\/span><\/a><\/span>\t\t\t\t\t\t\t\t<\/div>\n\t\t\t\t<\/div>\n\t\t\t\t<\/div>\n\t\t<div class=\"elementor-element elementor-element-031093d e-con-full e-flex e-con e-child\" data-id=\"031093d\" data-element_type=\"container\" data-settings=\"{&quot;background_background&quot;:&quot;classic&quot;}\">\n\t\t\t\t<div class=\"elementor-element elementor-element-691c57b animated-fast elementor-invisible elementor-widget elementor-widget-heading\" data-id=\"691c57b\" data-element_type=\"widget\" data-settings=\"{&quot;_animation&quot;:&quot;opal-move-up&quot;}\" data-widget_type=\"heading.default\">\n\t\t\t\t<div class=\"elementor-widget-container\">\n\t\t\t\t\t<h1 class=\"elementor-heading-title elementor-size-default\">Lodging<\/h1>\t\t\t\t<\/div>\n\t\t\t\t<\/div>\n\t\t\t\t<div class=\"elementor-element elementor-element-b55f4fb animated-fast elementor-invisible elementor-widget elementor-widget-text-editor\" data-id=\"b55f4fb\" data-element_type=\"widget\" data-settings=\"{&quot;_animation&quot;:&quot;opal-move-up&quot;,&quot;_animation_delay&quot;:300}\" data-widget_type=\"text-editor.default\">\n\t\t\t\t<div class=\"elementor-widget-container\">\n\t\t\t\t\t\t\t\t\t<span style=\"color: #ffffff;\"><a style=\"color: #ffffff;\" href=\"https:\/\/www.concadoro.it\/de\/unterkunft\/\"><span style=\"text-decoration: underline;\">Siehe unsere Vorschl\u00e4ge<\/span><\/a><\/span>\t\t\t\t\t\t\t\t<\/div>\n\t\t\t\t<\/div>\n\t\t\t\t<\/div>\n\t\t\t\t<\/div>\n\t\t\t\t<\/div>\n\t\t","protected":false},"excerpt":{"rendered":"<p>Glamping Der Campingplatz, den Sie nicht erwarten In Glamping-Lodges wohnen Sie stilvoll Der Komfort eines kultivierten Aufenthalts und das v\u00f6llige Eintauchen in die Natur: Glamping-Lodges sind perfekt f\u00fcr diejenigen, die das Beste aus beiden Welten suchen. Gepflegte R\u00e4ume, Panoramaterrassen und ein ausgekl\u00fcgeltes Design bieten eine Ecke der Ruhe im Herzen der Natur, ganz im Stil [&hellip;]<\/p>\n","protected":false},"author":1,"featured_media":0,"parent":0,"menu_order":0,"comment_status":"closed","ping_status":"closed","template":"","meta":{"inline_featured_image":false,"footnotes":""},"class_list":["post-8963","page","type-page","status-publish","hentry"],"yoast_head":"<!-- This site is optimized with the Yoast SEO plugin v25.5 - https:\/\/yoast.com\/wordpress\/plugins\/seo\/ -->\n<title>Glamping - Conca d&#039;Oro Camping &amp; Lodge<\/title>\n<meta name=\"robots\" content=\"index, follow, max-snippet:-1, max-image-preview:large, max-video-preview:-1\" \/>\n<link rel=\"canonical\" href=\"https:\/\/www.concadoro.it\/de\/glamping\/\" \/>\n<meta property=\"og:locale\" content=\"de_DE\" \/>\n<meta property=\"og:type\" content=\"article\" \/>\n<meta property=\"og:title\" content=\"Glamping - Conca d&#039;Oro Camping &amp; Lodge\" \/>\n<meta property=\"og:description\" content=\"Glamping Der Campingplatz, den Sie nicht erwarten In Glamping-Lodges wohnen Sie stilvoll Der Komfort eines kultivierten Aufenthalts und das v\u00f6llige Eintauchen in die Natur: Glamping-Lodges sind perfekt f\u00fcr diejenigen, die das Beste aus beiden Welten suchen. Gepflegte R\u00e4ume, Panoramaterrassen und ein ausgekl\u00fcgeltes Design bieten eine Ecke der Ruhe im Herzen der Natur, ganz im Stil [&hellip;]\" \/>\n<meta property=\"og:url\" content=\"https:\/\/www.concadoro.it\/de\/glamping\/\" \/>\n<meta property=\"og:site_name\" content=\"Conca d&#039;Oro Camping &amp; Lodge\" \/>\n<meta property=\"article:publisher\" content=\"https:\/\/www.facebook.com\/campingvillageconcadoro\" \/>\n<meta property=\"article:modified_time\" content=\"2026-03-18T09:02:54+00:00\" \/>\n<meta property=\"og:image\" content=\"https:\/\/www.concadoro.it\/wp-content\/uploads\/2025\/02\/AIRLODGELAKEVIEWLARGE_1.webp\" \/>\n<meta name=\"twitter:card\" content=\"summary_large_image\" \/>\n<meta name=\"twitter:label1\" content=\"Gesch\u00e4tzte Lesezeit\" \/>\n\t<meta name=\"twitter:data1\" content=\"1\u00a0Minute\" \/>\n<script type=\"application\/ld+json\" class=\"yoast-schema-graph\">{\"@context\":\"https:\/\/schema.org\",\"@graph\":[{\"@type\":\"WebPage\",\"@id\":\"https:\/\/www.concadoro.it\/de\/glamping\/\",\"url\":\"https:\/\/www.concadoro.it\/de\/glamping\/\",\"name\":\"Glamping - Conca d&#039;Oro Camping &amp; Lodge\",\"isPartOf\":{\"@id\":\"https:\/\/www.concadoro.it\/de\/#website\"},\"primaryImageOfPage\":{\"@id\":\"https:\/\/www.concadoro.it\/de\/glamping\/#primaryimage\"},\"image\":{\"@id\":\"https:\/\/www.concadoro.it\/de\/glamping\/#primaryimage\"},\"thumbnailUrl\":\"https:\/\/www.concadoro.it\/wp-content\/uploads\/2025\/02\/AIRLODGELAKEVIEWLARGE_1.webp\",\"datePublished\":\"2024-11-18T06:36:10+00:00\",\"dateModified\":\"2026-03-18T09:02:54+00:00\",\"breadcrumb\":{\"@id\":\"https:\/\/www.concadoro.it\/de\/glamping\/#breadcrumb\"},\"inLanguage\":\"de\",\"potentialAction\":[{\"@type\":\"ReadAction\",\"target\":[\"https:\/\/www.concadoro.it\/de\/glamping\/\"]}]},{\"@type\":\"ImageObject\",\"inLanguage\":\"de\",\"@id\":\"https:\/\/www.concadoro.it\/de\/glamping\/#primaryimage\",\"url\":\"https:\/\/www.concadoro.it\/wp-content\/uploads\/2025\/02\/AIRLODGELAKEVIEWLARGE_1.webp\",\"contentUrl\":\"https:\/\/www.concadoro.it\/wp-content\/uploads\/2025\/02\/AIRLODGELAKEVIEWLARGE_1.webp\"},{\"@type\":\"BreadcrumbList\",\"@id\":\"https:\/\/www.concadoro.it\/de\/glamping\/#breadcrumb\",\"itemListElement\":[{\"@type\":\"ListItem\",\"position\":1,\"name\":\"Startseite\",\"item\":\"https:\/\/www.concadoro.it\/de\/\"},{\"@type\":\"ListItem\",\"position\":2,\"name\":\"Glamping\"}]},{\"@type\":\"WebSite\",\"@id\":\"https:\/\/www.concadoro.it\/de\/#website\",\"url\":\"https:\/\/www.concadoro.it\/de\/\",\"name\":\"Conca d'Oro Camping & Lodge\",\"description\":\"Conca d&#039;Oro Camping &amp; Lodge\",\"publisher\":{\"@id\":\"https:\/\/www.concadoro.it\/de\/#organization\"},\"potentialAction\":[{\"@type\":\"SearchAction\",\"target\":{\"@type\":\"EntryPoint\",\"urlTemplate\":\"https:\/\/www.concadoro.it\/de\/?s={search_term_string}\"},\"query-input\":{\"@type\":\"PropertyValueSpecification\",\"valueRequired\":true,\"valueName\":\"search_term_string\"}}],\"inLanguage\":\"de\"},{\"@type\":\"Organization\",\"@id\":\"https:\/\/www.concadoro.it\/de\/#organization\",\"name\":\"Conca d'Oro Camping &amp; Lodge\",\"url\":\"https:\/\/www.concadoro.it\/de\/\",\"logo\":{\"@type\":\"ImageObject\",\"inLanguage\":\"de\",\"@id\":\"https:\/\/www.concadoro.it\/de\/#\/schema\/logo\/image\/\",\"url\":\"https:\/\/www.concadoro.it\/wp-content\/uploads\/2025\/02\/only-logo-bg-1.png\",\"contentUrl\":\"https:\/\/www.concadoro.it\/wp-content\/uploads\/2025\/02\/only-logo-bg-1.png\",\"width\":1920,\"height\":1280,\"caption\":\"Conca d'Oro Camping &amp; Lodge\"},\"image\":{\"@id\":\"https:\/\/www.concadoro.it\/de\/#\/schema\/logo\/image\/\"},\"sameAs\":[\"https:\/\/www.facebook.com\/campingvillageconcadoro\",\"https:\/\/www.instagram.com\/campingvillageconcadoro\/\"]}]}<\/script>\n<!-- \/ Yoast SEO plugin. -->","yoast_head_json":{"title":"Glamping - Conca d&#039;Oro Camping &amp; Lodge","robots":{"index":"index","follow":"follow","max-snippet":"max-snippet:-1","max-image-preview":"max-image-preview:large","max-video-preview":"max-video-preview:-1"},"canonical":"https:\/\/www.concadoro.it\/de\/glamping\/","og_locale":"de_DE","og_type":"article","og_title":"Glamping - Conca d&#039;Oro Camping &amp; Lodge","og_description":"Glamping Der Campingplatz, den Sie nicht erwarten In Glamping-Lodges wohnen Sie stilvoll Der Komfort eines kultivierten Aufenthalts und das v\u00f6llige Eintauchen in die Natur: Glamping-Lodges sind perfekt f\u00fcr diejenigen, die das Beste aus beiden Welten suchen. Gepflegte R\u00e4ume, Panoramaterrassen und ein ausgekl\u00fcgeltes Design bieten eine Ecke der Ruhe im Herzen der Natur, ganz im Stil [&hellip;]","og_url":"https:\/\/www.concadoro.it\/de\/glamping\/","og_site_name":"Conca d&#039;Oro Camping &amp; Lodge","article_publisher":"https:\/\/www.facebook.com\/campingvillageconcadoro","article_modified_time":"2026-03-18T09:02:54+00:00","og_image":[{"url":"https:\/\/www.concadoro.it\/wp-content\/uploads\/2025\/02\/AIRLODGELAKEVIEWLARGE_1.webp","type":"","width":"","height":""}],"twitter_card":"summary_large_image","twitter_misc":{"Gesch\u00e4tzte Lesezeit":"1\u00a0Minute"},"schema":{"@context":"https:\/\/schema.org","@graph":[{"@type":"WebPage","@id":"https:\/\/www.concadoro.it\/de\/glamping\/","url":"https:\/\/www.concadoro.it\/de\/glamping\/","name":"Glamping - Conca d&#039;Oro Camping &amp; Lodge","isPartOf":{"@id":"https:\/\/www.concadoro.it\/de\/#website"},"primaryImageOfPage":{"@id":"https:\/\/www.concadoro.it\/de\/glamping\/#primaryimage"},"image":{"@id":"https:\/\/www.concadoro.it\/de\/glamping\/#primaryimage"},"thumbnailUrl":"https:\/\/www.concadoro.it\/wp-content\/uploads\/2025\/02\/AIRLODGELAKEVIEWLARGE_1.webp","datePublished":"2024-11-18T06:36:10+00:00","dateModified":"2026-03-18T09:02:54+00:00","breadcrumb":{"@id":"https:\/\/www.concadoro.it\/de\/glamping\/#breadcrumb"},"inLanguage":"de","potentialAction":[{"@type":"ReadAction","target":["https:\/\/www.concadoro.it\/de\/glamping\/"]}]},{"@type":"ImageObject","inLanguage":"de","@id":"https:\/\/www.concadoro.it\/de\/glamping\/#primaryimage","url":"https:\/\/www.concadoro.it\/wp-content\/uploads\/2025\/02\/AIRLODGELAKEVIEWLARGE_1.webp","contentUrl":"https:\/\/www.concadoro.it\/wp-content\/uploads\/2025\/02\/AIRLODGELAKEVIEWLARGE_1.webp"},{"@type":"BreadcrumbList","@id":"https:\/\/www.concadoro.it\/de\/glamping\/#breadcrumb","itemListElement":[{"@type":"ListItem","position":1,"name":"Startseite","item":"https:\/\/www.concadoro.it\/de\/"},{"@type":"ListItem","position":2,"name":"Glamping"}]},{"@type":"WebSite","@id":"https:\/\/www.concadoro.it\/de\/#website","url":"https:\/\/www.concadoro.it\/de\/","name":"Conca d'Oro Camping & Lodge","description":"Conca d&#039;Oro Camping &amp; Lodge","publisher":{"@id":"https:\/\/www.concadoro.it\/de\/#organization"},"potentialAction":[{"@type":"SearchAction","target":{"@type":"EntryPoint","urlTemplate":"https:\/\/www.concadoro.it\/de\/?s={search_term_string}"},"query-input":{"@type":"PropertyValueSpecification","valueRequired":true,"valueName":"search_term_string"}}],"inLanguage":"de"},{"@type":"Organization","@id":"https:\/\/www.concadoro.it\/de\/#organization","name":"Conca d'Oro Camping &amp; Lodge","url":"https:\/\/www.concadoro.it\/de\/","logo":{"@type":"ImageObject","inLanguage":"de","@id":"https:\/\/www.concadoro.it\/de\/#\/schema\/logo\/image\/","url":"https:\/\/www.concadoro.it\/wp-content\/uploads\/2025\/02\/only-logo-bg-1.png","contentUrl":"https:\/\/www.concadoro.it\/wp-content\/uploads\/2025\/02\/only-logo-bg-1.png","width":1920,"height":1280,"caption":"Conca d'Oro Camping &amp; Lodge"},"image":{"@id":"https:\/\/www.concadoro.it\/de\/#\/schema\/logo\/image\/"},"sameAs":["https:\/\/www.facebook.com\/campingvillageconcadoro","https:\/\/www.instagram.com\/campingvillageconcadoro\/"]}]}},"_links":{"self":[{"href":"https:\/\/www.concadoro.it\/de\/wp-json\/wp\/v2\/pages\/8963","targetHints":{"allow":["GET"]}}],"collection":[{"href":"https:\/\/www.concadoro.it\/de\/wp-json\/wp\/v2\/pages"}],"about":[{"href":"https:\/\/www.concadoro.it\/de\/wp-json\/wp\/v2\/types\/page"}],"author":[{"embeddable":true,"href":"https:\/\/www.concadoro.it\/de\/wp-json\/wp\/v2\/users\/1"}],"replies":[{"embeddable":true,"href":"https:\/\/www.concadoro.it\/de\/wp-json\/wp\/v2\/comments?post=8963"}],"version-history":[{"count":9,"href":"https:\/\/www.concadoro.it\/de\/wp-json\/wp\/v2\/pages\/8963\/revisions"}],"predecessor-version":[{"id":10832,"href":"https:\/\/www.concadoro.it\/de\/wp-json\/wp\/v2\/pages\/8963\/revisions\/10832"}],"wp:attachment":[{"href":"https:\/\/www.concadoro.it\/de\/wp-json\/wp\/v2\/media?parent=8963"}],"curies":[{"name":"wp","href":"https:\/\/api.w.org\/{rel}","templated":true}]}}