{"id":10095,"date":"2025-07-21T12:15:24","date_gmt":"2025-07-21T10:15:24","guid":{"rendered":"https:\/\/www.concadoro.it\/?page_id=10095"},"modified":"2025-07-21T12:23:14","modified_gmt":"2025-07-21T10:23:14","slug":"privacy-policy","status":"publish","type":"page","link":"https:\/\/www.concadoro.it\/de\/privacy-policy\/","title":{"rendered":"Privacy Policy"},"content":{"rendered":"\t\t<div data-elementor-type=\"wp-page\" data-elementor-id=\"10095\" class=\"elementor elementor-10095 elementor-10093\">\n\t\t\t\t<div class=\"elementor-element elementor-element-8596470 e-lazyloaded e-flex e-con-boxed e-con e-parent\" data-id=\"8596470\" data-element_type=\"container\" data-settings=\"{&quot;background_background&quot;:&quot;classic&quot;}\">\n\t\t\t\t\t<div class=\"e-con-inner\">\n\t\t\t\t<div class=\"elementor-element elementor-element-f2d6c81 animated-fast elementor-invisible elementor-widget elementor-widget-heading\" data-id=\"f2d6c81\" data-element_type=\"widget\" data-settings=\"{&quot;_animation&quot;:&quot;opal-move-up&quot;}\" data-widget_type=\"heading.default\">\n\t\t\t\t<div class=\"elementor-widget-container\">\n\t\t\t\t\t<h1 class=\"elementor-heading-title elementor-size-default\">Datenschutzbestimmungen<\/h1>\t\t\t\t<\/div>\n\t\t\t\t<\/div>\n\t\t\t\t\t<\/div>\n\t\t\t\t<\/div>\n\t\t                <div class=\"custom-elementor-parallax\" data-id=\"8596470\" data-settings=\"{&quot;type&quot;:&quot;scroll&quot;,&quot;speed&quot;:&quot;1.2&quot;,&quot;keepImg&quot;:&quot;true&quot;,&quot;imgSize&quot;:&quot;cover&quot;,&quot;imgPosition&quot;:&quot;50% 0%&quot;,&quot;noAndroid&quot;:&quot;false&quot;,&quot;noIos&quot;:&quot;false&quot;}\"><\/div>\n            <div class=\"elementor-element elementor-element-89a2bd2 e-flex e-con-boxed e-con e-parent\" data-id=\"89a2bd2\" data-element_type=\"container\">\n\t\t\t\t\t<div class=\"e-con-inner\">\n\t\t<div class=\"elementor-element elementor-element-6b86f8a e-con-full e-flex e-con e-child\" data-id=\"6b86f8a\" data-element_type=\"container\">\n\t\t\t\t<div class=\"elementor-element elementor-element-3c5c12b elementor-widget elementor-widget-text-editor\" data-id=\"3c5c12b\" data-element_type=\"widget\" data-widget_type=\"text-editor.default\">\n\t\t\t\t<div class=\"elementor-widget-container\">\n\t\t\t\t\t\t\t\t\t<h6 data-start=\"347\" data-end=\"384\">Zuletzt aktualisiert: Juli 2025<\/h6><p data-start=\"386\" data-end=\"553\">Diese Informationen werden gem\u00e4\u00df Artikel 13 der Verordnung (EU) 2016\/679 (GDPR) denjenigen zur Verf\u00fcgung gestellt, die mit der Website <strong data-start=\"519\" data-end=\"535\">concadoro.it<\/strong> interagieren, die Eigentum von: <\/p><p data-start=\"555\" data-end=\"795\"><strong data-start=\"555\" data-end=\"588\">Compagnia dei Campeggi S.r.l.<\/strong><br data-start=\"588\" data-end=\"591\">MwSt.-Nr. 02459950032<br data-start=\"662\" data-end=\"665\">PEC: compagniacampeggi(at)legalmail.it<br data-start=\"703\" data-end=\"706\">REA-Registrierungsnummer VB &#8211; 203801 &#8211; Grundkapital i.v. \u20ac 50.000.00<br data-start=\"771\" data-end=\"774\">CIR: 103008-CAM-00002<\/p><hr data-start=\"797\" data-end=\"800\"><h5 data-start=\"802\" data-end=\"837\">1. <strong data-start=\"809\" data-end=\"837\">Datenkontrolleur<\/strong><\/h5><p data-start=\"838\" data-end=\"1042\">Der Inhaber der Datenverarbeitung ist die <strong data-start=\"868\" data-end=\"901\">Compagnia dei Campeggi S.r.l.<\/strong>, die Sie per E-Mail kontaktieren k\u00f6nnen: <strong data-start=\"950\" data-end=\"993\">info@concadoro.it<\/strong> oder per PEC: <strong data-start=\"1005\" data-end=\"1042\">compagniacampeggi(at)legalmail.it<\/strong><\/p><hr data-start=\"1044\" data-end=\"1047\"><h5 data-start=\"1049\" data-end=\"1086\">2. <strong data-start=\"1056\" data-end=\"1086\">Arten von gesammelten Daten<\/strong><\/h5><p data-start=\"1087\" data-end=\"1157\">\u00dcber die Website k\u00f6nnen wir die folgenden Kategorien von Daten erfassen:<\/p><ul data-start=\"1159\" data-end=\"1370\"><li data-start=\"1159\" data-end=\"1238\"><p data-start=\"1161\" data-end=\"1238\"><strong data-start=\"1161\" data-end=\"1184\">Browsing-Daten<\/strong> (z.B. IP-Adressen, Browser-Typ, Zugriffszeiten)<\/p><\/li><li data-start=\"1239\" data-end=\"1316\"><p data-start=\"1241\" data-end=\"1316\"><strong data-start=\"1241\" data-end=\"1273\">Freiwillig<\/strong> \u00fcber Formulare <strong data-start=\"1241\" data-end=\"1273\">\u00fcbermittelte Daten<\/strong> (z.B. Name, E-Mail, Nachrichten)<\/p><\/li><li data-start=\"1317\" data-end=\"1370\"><p data-start=\"1319\" data-end=\"1370\"><strong data-start=\"1319\" data-end=\"1349\">Cookies und \u00e4hnliche Technologien<\/strong> (siehe Cookie-Richtlinie)<\/p><\/li><\/ul><hr data-start=\"1372\" data-end=\"1375\"><h5 data-start=\"1377\" data-end=\"1412\">3. <strong data-start=\"1384\" data-end=\"1412\">Zweck der Verarbeitung<\/strong><\/h5><p data-start=\"1413\" data-end=\"1469\">Personenbezogene Daten werden f\u00fcr die folgenden Zwecke verarbeitet:<\/p><ul data-start=\"1471\" data-end=\"1646\"><li data-start=\"1471\" data-end=\"1506\"><p data-start=\"1473\" data-end=\"1506\">Reagieren auf Anfragen und Kontakte<\/p><\/li><li data-start=\"1507\" data-end=\"1550\"><p data-start=\"1509\" data-end=\"1550\">Technische und sicherheitstechnische Zwecke der Website<\/p><\/li><li data-start=\"1551\" data-end=\"1603\"><p data-start=\"1553\" data-end=\"1603\">Anonyme statistische Analysen (z.B. Google Analytics)<\/p><\/li><li data-start=\"1604\" data-end=\"1646\"><p data-start=\"1606\" data-end=\"1646\">Verwaltung der Zustimmung zur Verwendung von Cookies<\/p><\/li><\/ul><hr data-start=\"1648\" data-end=\"1651\"><h5 data-start=\"1653\" data-end=\"1694\">4. <strong data-start=\"1660\" data-end=\"1694\">Rechtsgrundlage der Verarbeitung<\/strong><\/h5><p data-start=\"1695\" data-end=\"1739\">Die Behandlung ist rechtm\u00e4\u00dfig, denn sie basiert auf:<\/p><ul data-start=\"1741\" data-end=\"1972\"><li data-start=\"1741\" data-end=\"1820\"><p data-start=\"1743\" data-end=\"1820\"><strong data-start=\"1743\" data-end=\"1755\">Zustimmung der<\/strong> betroffenen Person (f\u00fcr Kontaktzwecke und optionale Cookies)<\/p><\/li><li data-start=\"1821\" data-end=\"1881\"><p data-start=\"1823\" data-end=\"1881\"><strong data-start=\"1823\" data-end=\"1881\">Erf\u00fcllung von vertraglichen oder vorvertraglichen Verpflichtungen<\/strong><\/p><\/li><li data-start=\"1882\" data-end=\"1972\"><p data-start=\"1884\" data-end=\"1972\">Das <strong data-start=\"1884\" data-end=\"1907\">berechtigte Interesse<\/strong> des Eigent\u00fcmers <strong data-start=\"1884\" data-end=\"1907\">an der<\/strong> Sicherheit und dem ordnungsgem\u00e4\u00dfen Funktionieren der Website<\/p><\/li><\/ul><hr data-start=\"1974\" data-end=\"1977\"><h5 data-start=\"1979\" data-end=\"2014\">5. <strong data-start=\"1986\" data-end=\"2014\">Modalit\u00e4ten der Verarbeitung<\/strong><\/h5><p data-start=\"2015\" data-end=\"2178\">Die Daten werden mit Hilfe von Computern und Telematik verarbeitet, wobei geeignete Sicherheitsma\u00dfnahmen getroffen werden, um die Vertraulichkeit, Integrit\u00e4t und Verf\u00fcgbarkeit der Daten zu gew\u00e4hrleisten.<\/p><hr data-start=\"2180\" data-end=\"2183\"><h5 data-start=\"2185\" data-end=\"2216\">6. <strong data-start=\"2192\" data-end=\"2216\">Empf\u00e4nger der Daten<\/strong><\/h5><p data-start=\"2217\" data-end=\"2252\">Die Daten k\u00f6nnen weitergeleitet werden an:<\/p><ul data-start=\"2254\" data-end=\"2416\"><li data-start=\"2254\" data-end=\"2293\"><p data-start=\"2256\" data-end=\"2293\">Technische Dienstleister und Hosting-Anbieter<\/p><\/li><li data-start=\"2294\" data-end=\"2365\"><p data-start=\"2296\" data-end=\"2365\">Vom f\u00fcr die Verarbeitung Verantwortlichen autorisierte Personen (z. B. interne Mitarbeiter, Berater)<\/p><\/li><li data-start=\"2366\" data-end=\"2416\"><p data-start=\"2368\" data-end=\"2416\">Zust\u00e4ndige Beh\u00f6rden im Falle von rechtlichen Verpflichtungen<\/p><\/li><\/ul><hr data-start=\"2418\" data-end=\"2421\"><h5 data-start=\"2423\" data-end=\"2456\">7. <strong data-start=\"2430\" data-end=\"2456\">Extra-EU-\u00dcberweisung<\/strong><\/h5><p data-start=\"2457\" data-end=\"2668\">Personenbezogene Daten d\u00fcrfen nur dann in Nicht-EU-L\u00e4nder (z.B. USA) \u00fcbertragen werden, wenn dies durch Standardvertragsklauseln oder andere GDPR-konforme Mechanismen (z.B. Tools wie Google Analytics, Mailchimp) gew\u00e4hrleistet ist.<\/p><hr data-start=\"2670\" data-end=\"2673\"><h5 data-start=\"2675\" data-end=\"2710\">8. <strong data-start=\"2682\" data-end=\"2710\">Aufbewahrungsfrist<\/strong><\/h5><p data-start=\"2711\" data-end=\"2856\">Die gesammelten Daten werden so lange aufbewahrt, wie es f\u00fcr die Zwecke, f\u00fcr die sie gesammelt wurden, unbedingt erforderlich ist, es sei denn, das Gesetz schreibt etwas anderes vor.<\/p><hr data-start=\"2858\" data-end=\"2861\"><h5 data-start=\"2863\" data-end=\"2898\">9. <strong data-start=\"2870\" data-end=\"2898\">Rechte der betroffenen Person<\/strong><\/h5><p data-start=\"2899\" data-end=\"2917\">Sie haben das Recht dazu:<\/p><ul data-start=\"2919\" data-end=\"3127\"><li data-start=\"2919\" data-end=\"2942\"><p data-start=\"2921\" data-end=\"2942\">Zugriff auf Ihre Daten<\/p><\/li><li data-start=\"2943\" data-end=\"2983\"><p data-start=\"2945\" data-end=\"2983\">Korrektur oder L\u00f6schung beantragen<\/p><\/li><li data-start=\"2984\" data-end=\"3019\"><p data-start=\"2986\" data-end=\"3019\">Behandlung einschr\u00e4nken oder ablehnen<\/p><\/li><li data-start=\"3020\" data-end=\"3056\"><p data-start=\"3022\" data-end=\"3056\">Beantragung der Daten\u00fcbertragbarkeit<\/p><\/li><li data-start=\"3057\" data-end=\"3127\"><p data-start=\"3059\" data-end=\"3127\">Beschweren Sie sich bei der <strong data-start=\"3079\" data-end=\"3127\">Datenschutzbeh\u00f6rde<\/strong><\/p><\/li><\/ul><p data-start=\"3129\" data-end=\"3246\">Um Ihre Rechte auszu\u00fcben, k\u00f6nnen Sie schreiben an: <b>info@concadoro.it <\/b>oder \u00fcber PEC: <strong data-start=\"3209\" data-end=\"3246\">compagniacampeggi(at)legalmail.it<\/strong><\/p><hr data-start=\"3248\" data-end=\"3251\"><h5 data-start=\"3253\" data-end=\"3271\">10. <strong data-start=\"3261\" data-end=\"3271\">Cookies<\/strong><\/h5><p data-start=\"3272\" data-end=\"3403\">Die Website verwendet technische Cookies und, vorbehaltlich der Zustimmung, Cookies von Dritten.<\/p>\t\t\t\t\t\t\t\t<\/div>\n\t\t\t\t<\/div>\n\t\t\t\t<\/div>\n\t\t\t\t\t<\/div>\n\t\t\t\t<\/div>\n\t\t\t\t<\/div>\n\t\t","protected":false},"excerpt":{"rendered":"<p>Datenschutzbestimmungen Zuletzt aktualisiert: Juli 2025 Diese Informationen werden gem\u00e4\u00df Artikel 13 der Verordnung (EU) 2016\/679 (GDPR) denjenigen zur Verf\u00fcgung gestellt, die mit der Website concadoro.it interagieren, die Eigentum von: Compagnia dei Campeggi S.r.l.MwSt.-Nr. 02459950032PEC: compagniacampeggi(at)legalmail.itREA-Registrierungsnummer VB &#8211; 203801 &#8211; Grundkapital i.v. \u20ac 50.000.00CIR: 103008-CAM-00002 1. Datenkontrolleur Der Inhaber der Datenverarbeitung ist die Compagnia dei Campeggi [&hellip;]<\/p>\n","protected":false},"author":1,"featured_media":0,"parent":0,"menu_order":0,"comment_status":"closed","ping_status":"closed","template":"","meta":{"inline_featured_image":false,"footnotes":""},"class_list":["post-10095","page","type-page","status-publish","hentry"],"yoast_head":"<!-- This site is optimized with the Yoast SEO plugin v25.5 - https:\/\/yoast.com\/wordpress\/plugins\/seo\/ -->\n<title>Privacy Policy - Conca d&#039;Oro Camping &amp; Lodge<\/title>\n<meta name=\"robots\" content=\"index, follow, max-snippet:-1, max-image-preview:large, max-video-preview:-1\" \/>\n<link rel=\"canonical\" href=\"https:\/\/www.concadoro.it\/de\/privacy-policy\/\" \/>\n<meta property=\"og:locale\" content=\"de_DE\" \/>\n<meta property=\"og:type\" content=\"article\" \/>\n<meta property=\"og:title\" content=\"Privacy Policy - Conca d&#039;Oro Camping &amp; Lodge\" \/>\n<meta property=\"og:description\" content=\"Datenschutzbestimmungen Zuletzt aktualisiert: Juli 2025 Diese Informationen werden gem\u00e4\u00df Artikel 13 der Verordnung (EU) 2016\/679 (GDPR) denjenigen zur Verf\u00fcgung gestellt, die mit der Website concadoro.it interagieren, die Eigentum von: Compagnia dei Campeggi S.r.l.MwSt.-Nr. 02459950032PEC: compagniacampeggi(at)legalmail.itREA-Registrierungsnummer VB &#8211; 203801 &#8211; Grundkapital i.v. \u20ac 50.000.00CIR: 103008-CAM-00002 1. Datenkontrolleur Der Inhaber der Datenverarbeitung ist die Compagnia dei Campeggi [&hellip;]\" \/>\n<meta property=\"og:url\" content=\"https:\/\/www.concadoro.it\/de\/privacy-policy\/\" \/>\n<meta property=\"og:site_name\" content=\"Conca d&#039;Oro Camping &amp; Lodge\" \/>\n<meta property=\"article:publisher\" content=\"https:\/\/www.facebook.com\/campingvillageconcadoro\" \/>\n<meta property=\"article:modified_time\" content=\"2025-07-21T10:23:14+00:00\" \/>\n<meta property=\"og:image\" content=\"https:\/\/www.concadoro.it\/wp-content\/uploads\/2025\/02\/conca-doro_22.jpg\" \/>\n\t<meta property=\"og:image:width\" content=\"1920\" \/>\n\t<meta property=\"og:image:height\" content=\"1282\" \/>\n\t<meta property=\"og:image:type\" content=\"image\/jpeg\" \/>\n<meta name=\"twitter:card\" content=\"summary_large_image\" \/>\n<meta name=\"twitter:label1\" content=\"Gesch\u00e4tzte Lesezeit\" \/>\n\t<meta name=\"twitter:data1\" content=\"3\u00a0Minute\" \/>\n<script type=\"application\/ld+json\" class=\"yoast-schema-graph\">{\"@context\":\"https:\/\/schema.org\",\"@graph\":[{\"@type\":\"WebPage\",\"@id\":\"https:\/\/www.concadoro.it\/de\/privacy-policy\/\",\"url\":\"https:\/\/www.concadoro.it\/de\/privacy-policy\/\",\"name\":\"Privacy Policy - Conca d&#039;Oro Camping &amp; Lodge\",\"isPartOf\":{\"@id\":\"https:\/\/www.concadoro.it\/de\/#website\"},\"datePublished\":\"2025-07-21T10:15:24+00:00\",\"dateModified\":\"2025-07-21T10:23:14+00:00\",\"breadcrumb\":{\"@id\":\"https:\/\/www.concadoro.it\/de\/privacy-policy\/#breadcrumb\"},\"inLanguage\":\"de\",\"potentialAction\":[{\"@type\":\"ReadAction\",\"target\":[\"https:\/\/www.concadoro.it\/de\/privacy-policy\/\"]}]},{\"@type\":\"BreadcrumbList\",\"@id\":\"https:\/\/www.concadoro.it\/de\/privacy-policy\/#breadcrumb\",\"itemListElement\":[{\"@type\":\"ListItem\",\"position\":1,\"name\":\"Startseite\",\"item\":\"https:\/\/www.concadoro.it\/de\/\"},{\"@type\":\"ListItem\",\"position\":2,\"name\":\"Privacy Policy\"}]},{\"@type\":\"WebSite\",\"@id\":\"https:\/\/www.concadoro.it\/de\/#website\",\"url\":\"https:\/\/www.concadoro.it\/de\/\",\"name\":\"Conca d'Oro Camping & Lodge\",\"description\":\"Conca d&#039;Oro Camping &amp; Lodge\",\"publisher\":{\"@id\":\"https:\/\/www.concadoro.it\/de\/#organization\"},\"potentialAction\":[{\"@type\":\"SearchAction\",\"target\":{\"@type\":\"EntryPoint\",\"urlTemplate\":\"https:\/\/www.concadoro.it\/de\/?s={search_term_string}\"},\"query-input\":{\"@type\":\"PropertyValueSpecification\",\"valueRequired\":true,\"valueName\":\"search_term_string\"}}],\"inLanguage\":\"de\"},{\"@type\":\"Organization\",\"@id\":\"https:\/\/www.concadoro.it\/de\/#organization\",\"name\":\"Conca d'Oro Camping &amp; Lodge\",\"url\":\"https:\/\/www.concadoro.it\/de\/\",\"logo\":{\"@type\":\"ImageObject\",\"inLanguage\":\"de\",\"@id\":\"https:\/\/www.concadoro.it\/de\/#\/schema\/logo\/image\/\",\"url\":\"https:\/\/www.concadoro.it\/wp-content\/uploads\/2025\/02\/only-logo-bg-1.png\",\"contentUrl\":\"https:\/\/www.concadoro.it\/wp-content\/uploads\/2025\/02\/only-logo-bg-1.png\",\"width\":1920,\"height\":1280,\"caption\":\"Conca d'Oro Camping &amp; Lodge\"},\"image\":{\"@id\":\"https:\/\/www.concadoro.it\/de\/#\/schema\/logo\/image\/\"},\"sameAs\":[\"https:\/\/www.facebook.com\/campingvillageconcadoro\",\"https:\/\/www.instagram.com\/campingvillageconcadoro\/\"]}]}<\/script>\n<!-- \/ Yoast SEO plugin. -->","yoast_head_json":{"title":"Privacy Policy - Conca d&#039;Oro Camping &amp; Lodge","robots":{"index":"index","follow":"follow","max-snippet":"max-snippet:-1","max-image-preview":"max-image-preview:large","max-video-preview":"max-video-preview:-1"},"canonical":"https:\/\/www.concadoro.it\/de\/privacy-policy\/","og_locale":"de_DE","og_type":"article","og_title":"Privacy Policy - Conca d&#039;Oro Camping &amp; Lodge","og_description":"Datenschutzbestimmungen Zuletzt aktualisiert: Juli 2025 Diese Informationen werden gem\u00e4\u00df Artikel 13 der Verordnung (EU) 2016\/679 (GDPR) denjenigen zur Verf\u00fcgung gestellt, die mit der Website concadoro.it interagieren, die Eigentum von: Compagnia dei Campeggi S.r.l.MwSt.-Nr. 02459950032PEC: compagniacampeggi(at)legalmail.itREA-Registrierungsnummer VB &#8211; 203801 &#8211; Grundkapital i.v. \u20ac 50.000.00CIR: 103008-CAM-00002 1. Datenkontrolleur Der Inhaber der Datenverarbeitung ist die Compagnia dei Campeggi [&hellip;]","og_url":"https:\/\/www.concadoro.it\/de\/privacy-policy\/","og_site_name":"Conca d&#039;Oro Camping &amp; Lodge","article_publisher":"https:\/\/www.facebook.com\/campingvillageconcadoro","article_modified_time":"2025-07-21T10:23:14+00:00","og_image":[{"width":1920,"height":1282,"url":"https:\/\/www.concadoro.it\/wp-content\/uploads\/2025\/02\/conca-doro_22.jpg","type":"image\/jpeg"}],"twitter_card":"summary_large_image","twitter_misc":{"Gesch\u00e4tzte Lesezeit":"3\u00a0Minute"},"schema":{"@context":"https:\/\/schema.org","@graph":[{"@type":"WebPage","@id":"https:\/\/www.concadoro.it\/de\/privacy-policy\/","url":"https:\/\/www.concadoro.it\/de\/privacy-policy\/","name":"Privacy Policy - Conca d&#039;Oro Camping &amp; Lodge","isPartOf":{"@id":"https:\/\/www.concadoro.it\/de\/#website"},"datePublished":"2025-07-21T10:15:24+00:00","dateModified":"2025-07-21T10:23:14+00:00","breadcrumb":{"@id":"https:\/\/www.concadoro.it\/de\/privacy-policy\/#breadcrumb"},"inLanguage":"de","potentialAction":[{"@type":"ReadAction","target":["https:\/\/www.concadoro.it\/de\/privacy-policy\/"]}]},{"@type":"BreadcrumbList","@id":"https:\/\/www.concadoro.it\/de\/privacy-policy\/#breadcrumb","itemListElement":[{"@type":"ListItem","position":1,"name":"Startseite","item":"https:\/\/www.concadoro.it\/de\/"},{"@type":"ListItem","position":2,"name":"Privacy Policy"}]},{"@type":"WebSite","@id":"https:\/\/www.concadoro.it\/de\/#website","url":"https:\/\/www.concadoro.it\/de\/","name":"Conca d'Oro Camping & Lodge","description":"Conca d&#039;Oro Camping &amp; Lodge","publisher":{"@id":"https:\/\/www.concadoro.it\/de\/#organization"},"potentialAction":[{"@type":"SearchAction","target":{"@type":"EntryPoint","urlTemplate":"https:\/\/www.concadoro.it\/de\/?s={search_term_string}"},"query-input":{"@type":"PropertyValueSpecification","valueRequired":true,"valueName":"search_term_string"}}],"inLanguage":"de"},{"@type":"Organization","@id":"https:\/\/www.concadoro.it\/de\/#organization","name":"Conca d'Oro Camping &amp; Lodge","url":"https:\/\/www.concadoro.it\/de\/","logo":{"@type":"ImageObject","inLanguage":"de","@id":"https:\/\/www.concadoro.it\/de\/#\/schema\/logo\/image\/","url":"https:\/\/www.concadoro.it\/wp-content\/uploads\/2025\/02\/only-logo-bg-1.png","contentUrl":"https:\/\/www.concadoro.it\/wp-content\/uploads\/2025\/02\/only-logo-bg-1.png","width":1920,"height":1280,"caption":"Conca d'Oro Camping &amp; Lodge"},"image":{"@id":"https:\/\/www.concadoro.it\/de\/#\/schema\/logo\/image\/"},"sameAs":["https:\/\/www.facebook.com\/campingvillageconcadoro","https:\/\/www.instagram.com\/campingvillageconcadoro\/"]}]}},"_links":{"self":[{"href":"https:\/\/www.concadoro.it\/de\/wp-json\/wp\/v2\/pages\/10095","targetHints":{"allow":["GET"]}}],"collection":[{"href":"https:\/\/www.concadoro.it\/de\/wp-json\/wp\/v2\/pages"}],"about":[{"href":"https:\/\/www.concadoro.it\/de\/wp-json\/wp\/v2\/types\/page"}],"author":[{"embeddable":true,"href":"https:\/\/www.concadoro.it\/de\/wp-json\/wp\/v2\/users\/1"}],"replies":[{"embeddable":true,"href":"https:\/\/www.concadoro.it\/de\/wp-json\/wp\/v2\/comments?post=10095"}],"version-history":[{"count":3,"href":"https:\/\/www.concadoro.it\/de\/wp-json\/wp\/v2\/pages\/10095\/revisions"}],"predecessor-version":[{"id":10115,"href":"https:\/\/www.concadoro.it\/de\/wp-json\/wp\/v2\/pages\/10095\/revisions\/10115"}],"wp:attachment":[{"href":"https:\/\/www.concadoro.it\/de\/wp-json\/wp\/v2\/media?parent=10095"}],"curies":[{"name":"wp","href":"https:\/\/api.w.org\/{rel}","templated":true}]}}